{"id":5357,"date":"2020-12-22T16:05:38","date_gmt":"2020-12-22T13:05:38","guid":{"rendered":"https:\/\/evreka.co\/get-started-to-use-advanced-roi-calculator\/"},"modified":"2021-02-21T21:26:07","modified_gmt":"2021-02-21T18:26:07","slug":"get-started-to-use-advanced-roi-calculator","status":"publish","type":"page","link":"https:\/\/evreka.co\/tr\/get-started-to-use-advanced-roi-calculator\/","title":{"rendered":"Geli\u015fmi\u015f ROI Hesaplay\u0131c\u0131y\u0131 Kullanmaya Ba\u015flay\u0131n"},"content":{"rendered":"","protected":false},"excerpt":{"rendered":"","protected":false},"author":1,"featured_media":0,"parent":0,"menu_order":2,"comment_status":"closed","ping_status":"closed","template":"page-roi-main.php","meta":{"content-type":"","om_disable_all_campaigns":false,"inline_featured_image":false,"_monsterinsights_skip_tracking":false,"_monsterinsights_sitenote_active":false,"_monsterinsights_sitenote_note":"","_monsterinsights_sitenote_category":0,"footnotes":""},"class_list":["post-5357","page","type-page","status-publish","hentry"],"acf":[],"_links":{"self":[{"href":"https:\/\/evreka.co\/tr\/wp-json\/wp\/v2\/pages\/5357","targetHints":{"allow":["GET"]}}],"collection":[{"href":"https:\/\/evreka.co\/tr\/wp-json\/wp\/v2\/pages"}],"about":[{"href":"https:\/\/evreka.co\/tr\/wp-json\/wp\/v2\/types\/page"}],"author":[{"embeddable":true,"href":"https:\/\/evreka.co\/tr\/wp-json\/wp\/v2\/users\/1"}],"replies":[{"embeddable":true,"href":"https:\/\/evreka.co\/tr\/wp-json\/wp\/v2\/comments?post=5357"}],"version-history":[{"count":1,"href":"https:\/\/evreka.co\/tr\/wp-json\/wp\/v2\/pages\/5357\/revisions"}],"predecessor-version":[{"id":5358,"href":"https:\/\/evreka.co\/tr\/wp-json\/wp\/v2\/pages\/5357\/revisions\/5358"}],"wp:attachment":[{"href":"https:\/\/evreka.co\/tr\/wp-json\/wp\/v2\/media?parent=5357"}],"curies":[{"name":"wp","href":"https:\/\/api.w.org\/{rel}","templated":true}]}}