{"id":5355,"date":"2020-12-22T17:49:59","date_gmt":"2020-12-22T14:49:59","guid":{"rendered":"https:\/\/evreka.co\/advanced-roi-calculator\/"},"modified":"2021-12-30T23:29:32","modified_gmt":"2021-12-30T20:29:32","slug":"gelismis-roi-hesaplayici","status":"publish","type":"page","link":"https:\/\/evreka.co\/tr\/gelismis-roi-hesaplayici\/","title":{"rendered":"Geli\u015fmi\u015f ROI Hesaplay\u0131c\u0131"},"content":{"rendered":"","protected":false},"excerpt":{"rendered":"","protected":false},"author":1,"featured_media":11752,"parent":0,"menu_order":1,"comment_status":"closed","ping_status":"closed","template":"page-landing.php","meta":{"content-type":"","om_disable_all_campaigns":false,"inline_featured_image":false,"_monsterinsights_skip_tracking":false,"_monsterinsights_sitenote_active":false,"_monsterinsights_sitenote_note":"","_monsterinsights_sitenote_category":0,"footnotes":""},"class_list":["post-5355","page","type-page","status-publish","has-post-thumbnail","hentry"],"acf":[],"_links":{"self":[{"href":"https:\/\/evreka.co\/tr\/wp-json\/wp\/v2\/pages\/5355","targetHints":{"allow":["GET"]}}],"collection":[{"href":"https:\/\/evreka.co\/tr\/wp-json\/wp\/v2\/pages"}],"about":[{"href":"https:\/\/evreka.co\/tr\/wp-json\/wp\/v2\/types\/page"}],"author":[{"embeddable":true,"href":"https:\/\/evreka.co\/tr\/wp-json\/wp\/v2\/users\/1"}],"replies":[{"embeddable":true,"href":"https:\/\/evreka.co\/tr\/wp-json\/wp\/v2\/comments?post=5355"}],"version-history":[{"count":1,"href":"https:\/\/evreka.co\/tr\/wp-json\/wp\/v2\/pages\/5355\/revisions"}],"predecessor-version":[{"id":5356,"href":"https:\/\/evreka.co\/tr\/wp-json\/wp\/v2\/pages\/5355\/revisions\/5356"}],"wp:featuredmedia":[{"embeddable":true,"href":"https:\/\/evreka.co\/tr\/wp-json\/wp\/v2\/media\/11752"}],"wp:attachment":[{"href":"https:\/\/evreka.co\/tr\/wp-json\/wp\/v2\/media?parent=5355"}],"curies":[{"name":"wp","href":"https:\/\/api.w.org\/{rel}","templated":true}]}}