{"id":4938,"date":"2021-01-26T20:11:07","date_gmt":"2021-01-26T17:11:07","guid":{"rendered":"https:\/\/evreka.co\/?page_id=4938"},"modified":"2021-12-30T23:08:55","modified_gmt":"2021-12-30T20:08:55","slug":"musteri-gorusleri","status":"publish","type":"page","link":"https:\/\/evreka.co\/tr\/musteri-gorusleri\/","title":{"rendered":"M\u00fc\u015fteri G\u00f6r\u00fc\u015fleri"},"content":{"rendered":"","protected":false},"excerpt":{"rendered":"","protected":false},"author":1,"featured_media":9531,"parent":0,"menu_order":0,"comment_status":"closed","ping_status":"closed","template":"page-testimonials.php","meta":{"content-type":"","om_disable_all_campaigns":false,"inline_featured_image":false,"_monsterinsights_skip_tracking":false,"_monsterinsights_sitenote_active":false,"_monsterinsights_sitenote_note":"","_monsterinsights_sitenote_category":0,"footnotes":""},"class_list":["post-4938","page","type-page","status-publish","has-post-thumbnail","hentry"],"acf":[],"_links":{"self":[{"href":"https:\/\/evreka.co\/tr\/wp-json\/wp\/v2\/pages\/4938","targetHints":{"allow":["GET"]}}],"collection":[{"href":"https:\/\/evreka.co\/tr\/wp-json\/wp\/v2\/pages"}],"about":[{"href":"https:\/\/evreka.co\/tr\/wp-json\/wp\/v2\/types\/page"}],"author":[{"embeddable":true,"href":"https:\/\/evreka.co\/tr\/wp-json\/wp\/v2\/users\/1"}],"replies":[{"embeddable":true,"href":"https:\/\/evreka.co\/tr\/wp-json\/wp\/v2\/comments?post=4938"}],"version-history":[{"count":1,"href":"https:\/\/evreka.co\/tr\/wp-json\/wp\/v2\/pages\/4938\/revisions"}],"predecessor-version":[{"id":4939,"href":"https:\/\/evreka.co\/tr\/wp-json\/wp\/v2\/pages\/4938\/revisions\/4939"}],"wp:featuredmedia":[{"embeddable":true,"href":"https:\/\/evreka.co\/tr\/wp-json\/wp\/v2\/media\/9531"}],"wp:attachment":[{"href":"https:\/\/evreka.co\/tr\/wp-json\/wp\/v2\/media?parent=4938"}],"curies":[{"name":"wp","href":"https:\/\/api.w.org\/{rel}","templated":true}]}}