{"id":4936,"date":"2021-01-26T20:09:17","date_gmt":"2021-01-26T17:09:17","guid":{"rendered":"https:\/\/evreka.co\/?page_id=4936"},"modified":"2021-05-11T11:19:31","modified_gmt":"2021-05-11T08:19:31","slug":"yazilim-cozumleri","status":"publish","type":"page","link":"https:\/\/evreka.co\/tr\/yazilim-cozumleri\/","title":{"rendered":"Yaz\u0131l\u0131m \u00c7\u00f6z\u00fcmleri"},"content":{"rendered":"","protected":false},"excerpt":{"rendered":"","protected":false},"author":1,"featured_media":38620,"parent":0,"menu_order":0,"comment_status":"closed","ping_status":"closed","template":"page-solutions-software.php","meta":{"content-type":"","om_disable_all_campaigns":false,"inline_featured_image":false,"_monsterinsights_skip_tracking":false,"_monsterinsights_sitenote_active":false,"_monsterinsights_sitenote_note":"","_monsterinsights_sitenote_category":0,"footnotes":""},"class_list":["post-4936","page","type-page","status-publish","has-post-thumbnail","hentry"],"acf":[],"_links":{"self":[{"href":"https:\/\/evreka.co\/tr\/wp-json\/wp\/v2\/pages\/4936","targetHints":{"allow":["GET"]}}],"collection":[{"href":"https:\/\/evreka.co\/tr\/wp-json\/wp\/v2\/pages"}],"about":[{"href":"https:\/\/evreka.co\/tr\/wp-json\/wp\/v2\/types\/page"}],"author":[{"embeddable":true,"href":"https:\/\/evreka.co\/tr\/wp-json\/wp\/v2\/users\/1"}],"replies":[{"embeddable":true,"href":"https:\/\/evreka.co\/tr\/wp-json\/wp\/v2\/comments?post=4936"}],"version-history":[{"count":4,"href":"https:\/\/evreka.co\/tr\/wp-json\/wp\/v2\/pages\/4936\/revisions"}],"predecessor-version":[{"id":6480,"href":"https:\/\/evreka.co\/tr\/wp-json\/wp\/v2\/pages\/4936\/revisions\/6480"}],"wp:featuredmedia":[{"embeddable":true,"href":"https:\/\/evreka.co\/tr\/wp-json\/wp\/v2\/media\/38620"}],"wp:attachment":[{"href":"https:\/\/evreka.co\/tr\/wp-json\/wp\/v2\/media?parent=4936"}],"curies":[{"name":"wp","href":"https:\/\/api.w.org\/{rel}","templated":true}]}}