{"id":4925,"date":"2021-01-26T20:05:53","date_gmt":"2021-01-26T17:05:53","guid":{"rendered":"https:\/\/evreka.co\/?page_id=4925"},"modified":"2021-08-02T21:37:03","modified_gmt":"2021-08-02T18:37:03","slug":"is-ortaklik-programi","status":"publish","type":"page","link":"https:\/\/evreka.co\/tr\/is-ortaklik-programi\/","title":{"rendered":"\u0130\u015f Ortakl\u0131k Program\u0131"},"content":{"rendered":"","protected":false},"excerpt":{"rendered":"","protected":false},"author":1,"featured_media":5081,"parent":0,"menu_order":0,"comment_status":"closed","ping_status":"closed","template":"page-partner-programs.php","meta":{"content-type":"","om_disable_all_campaigns":false,"inline_featured_image":false,"_monsterinsights_skip_tracking":false,"_monsterinsights_sitenote_active":false,"_monsterinsights_sitenote_note":"","_monsterinsights_sitenote_category":0,"footnotes":""},"class_list":["post-4925","page","type-page","status-publish","has-post-thumbnail","hentry"],"acf":[],"_links":{"self":[{"href":"https:\/\/evreka.co\/tr\/wp-json\/wp\/v2\/pages\/4925","targetHints":{"allow":["GET"]}}],"collection":[{"href":"https:\/\/evreka.co\/tr\/wp-json\/wp\/v2\/pages"}],"about":[{"href":"https:\/\/evreka.co\/tr\/wp-json\/wp\/v2\/types\/page"}],"author":[{"embeddable":true,"href":"https:\/\/evreka.co\/tr\/wp-json\/wp\/v2\/users\/1"}],"replies":[{"embeddable":true,"href":"https:\/\/evreka.co\/tr\/wp-json\/wp\/v2\/comments?post=4925"}],"version-history":[{"count":2,"href":"https:\/\/evreka.co\/tr\/wp-json\/wp\/v2\/pages\/4925\/revisions"}],"predecessor-version":[{"id":16824,"href":"https:\/\/evreka.co\/tr\/wp-json\/wp\/v2\/pages\/4925\/revisions\/16824"}],"wp:featuredmedia":[{"embeddable":true,"href":"https:\/\/evreka.co\/tr\/wp-json\/wp\/v2\/media\/5081"}],"wp:attachment":[{"href":"https:\/\/evreka.co\/tr\/wp-json\/wp\/v2\/media?parent=4925"}],"curies":[{"name":"wp","href":"https:\/\/api.w.org\/{rel}","templated":true}]}}