{"id":38904,"date":"2022-10-27T12:08:00","date_gmt":"2022-10-27T09:08:00","guid":{"rendered":"https:\/\/evreka.co\/privacy-policy-for-evreka360\/"},"modified":"2022-11-03T12:13:48","modified_gmt":"2022-11-03T09:13:48","slug":"evreka360-gizlilik-politikasi","status":"publish","type":"page","link":"https:\/\/evreka.co\/tr\/evreka360-gizlilik-politikasi\/","title":{"rendered":"Evreka360 Gizlilik Politikas\u0131"},"content":{"rendered":"\n<p class=\"has-black-color has-text-color has-background\" style=\"background-color:#d7dde2\">\u00a0\u00a0\u00a0\u00a0Click the links below to read the Privacy Policy in other languages.\u00a0\u00a0\u00a0\u00a0<br><br>\u00a0\u00a0<strong>\u00a0\u00a0<a href=\"https:\/\/evreka.co\/wp-content\/uploads\/2022\/10\/Evreka360-Arabic-Privacy-Policy.pdf\">Arabic<\/a><br>\u00a0\u00a0\u00a0\u00a0<a href=\"https:\/\/evreka.co\/wp-content\/uploads\/2022\/10\/Evreka360-Chinese-Privacy-Policy.pdf\">Chinese<\/a><br>\u00a0\u00a0\u00a0\u00a0<a href=\"https:\/\/evreka.co\/wp-content\/uploads\/2022\/10\/Evreka360-French-Privacy-Policy.pdf\">French<\/a><br>\u00a0\u00a0\u00a0\u00a0<a href=\"https:\/\/evreka.co\/wp-content\/uploads\/2022\/10\/Evreka360-Hebrew-Privacy-Policy.pdf\">Hebrew<\/a><br>\u00a0\u00a0\u00a0\u00a0<a href=\"https:\/\/evreka.co\/wp-content\/uploads\/2022\/10\/Evreka360-Spanish-Privacy-Policy.pdf\">Spanish<\/a><\/strong><br>\u00a0\u00a0\u00a0\u00a0<\/p>\n\n\n\n<div style=\"height:50px\" aria-hidden=\"true\" class=\"wp-block-spacer\"><\/div>\n\n\n\n<p>Son g\u00fcncelleme: 06 Ekim 2022<\/p>\n\n\n\n<p>Bu Gizlilik Politikas\u0131, Hizmeti kulland\u0131\u011f\u0131n\u0131zda bilgilerinizin toplanmas\u0131, kullan\u0131lmas\u0131 ve if\u015fa edilmesine ili\u015fkin politikalar\u0131m\u0131z\u0131 ve prosed\u00fcrlerimizi a\u00e7\u0131klar ve Size gizlilik haklar\u0131n\u0131z\u0131 ve yasalar\u0131n Sizi nas\u0131l korudu\u011funu anlat\u0131r.<\/p>\n\n\n\n<p>Ki\u015fisel verilerinizi Hizmeti sa\u011flamak ve iyile\u015ftirmek i\u00e7in kullan\u0131r\u0131z. Hizmeti kullanarak, bu Gizlilik Politikas\u0131na uygun olarak bilgilerin toplanmas\u0131n\u0131 ve kullan\u0131lmas\u0131n\u0131 kabul edersiniz. Bu Gizlilik Politikas\u0131, a\u015fa\u011f\u0131dakilerin yard\u0131m\u0131yla olu\u015fturulmu\u015ftur. \u00dccretsiz Gizlilik Politikas\u0131 Olu\u015fturucu.<\/p>\n\n\n\n<div style=\"height:50px\" aria-hidden=\"true\" class=\"wp-block-spacer\"><\/div>\n\n\n\n<h3 class=\"wp-block-heading\" id=\"yorum-ve-tanimlar\"><strong>Yorum ve Tan\u0131mlar<\/strong><\/h3>\n\n\n\n<div style=\"height:50px\" aria-hidden=\"true\" class=\"wp-block-spacer\"><\/div>\n\n\n\n<p><strong>Yorum<\/strong><\/p>\n\n\n\n<div style=\"height:25px\" aria-hidden=\"true\" class=\"wp-block-spacer\"><\/div>\n\n\n\n<p>Ba\u015f harfi b\u00fcy\u00fck olan kelimeler a\u015fa\u011f\u0131daki ko\u015fullarda tan\u0131mlanan anlamlara sahiptir. A\u015fa\u011f\u0131daki tan\u0131mlar, tekil veya \u00e7o\u011ful olarak g\u00f6r\u00fcn\u00fcp g\u00f6r\u00fcnmediklerine bak\u0131lmaks\u0131z\u0131n ayn\u0131 anlama sahip olacakt\u0131r.<\/p>\n\n\n\n<div style=\"height:25px\" aria-hidden=\"true\" class=\"wp-block-spacer\"><\/div>\n\n\n\n<p><strong>Tan\u0131mlar<\/strong><\/p>\n\n\n\n<div style=\"height:25px\" aria-hidden=\"true\" class=\"wp-block-spacer\"><\/div>\n\n\n\n<p>Bu Gizlilik Politikas\u0131n\u0131n ama\u00e7lar\u0131 do\u011frultusunda:<br>Hesap , Hizmetimize veya Hizmetimizin b\u00f6l\u00fcmlerine eri\u015fmeniz i\u00e7in Sizin i\u00e7in olu\u015fturulan benzersiz bir hesap anlam\u0131na gelir.<\/p>\n\n\n\n<p>Ba\u011fl\u0131 kurulu\u015f, bir taraf taraf\u0131ndan kontrol edilen, kontrol edilen veya bir tarafla ortak kontrol alt\u0131nda olan bir kurulu\u015f anlam\u0131na gelir; burada &#8220;kontrol&#8221;, y\u00f6netim kurulu veya di\u011fer y\u00f6netim otoritesi se\u00e7iminde oy kullanma hakk\u0131na sahip hisselerin, \u00f6zsermaye paylar\u0131n\u0131n veya di\u011fer menkul k\u0131ymetlerin %50 veya daha fazlas\u0131na sahip olmak anlam\u0131na gelir. .<\/p>\n\n\n\n<p>Uygulama adl\u0131 herhangi bir elektronik cihaza indirdi\u011finiz \u015eirket taraf\u0131ndan sa\u011flanan yaz\u0131l\u0131m program\u0131 anlam\u0131na<\/p>\n\n\n\n<p>Company (bu S\u00f6zle\u015fmede &#8220;\u015eirket&#8221;, &#8220;Biz&#8221;, &#8220;Biz&#8221; veya &#8220;Bizim&#8221; olarak an\u0131lacakt\u0131r)Mahallesi \u0130hsan Do\u011framac\u0131 Bulvar\u0131, Hal\u0131c\u0131 Yaz\u0131l\u0131mevi No:33, 06800 \u00c7ankaya\/Ankara.<\/p>\n\n\n\n<p>\u00dclke T\u00fcrkiye<br>Cihaz , bilgisayar, cep telefonu veya dijital tablet gibi Hizmete eri\u015febilen herhangi bir cihaz anlam\u0131na gelir. Ki\u015fisel Veri , kimli\u011fi belirli veya belirlenebilir bir ger\u00e7ek ki\u015fiye ili\u015fkin her t\u00fcrl\u00fc bilgidir.<br>Hizmet , Uygulamaya at\u0131fta bulunur.<\/p>\n\n\n\n<p>Hizmet Sa\u011flay\u0131c\u0131 , verileri \u015eirket ad\u0131na i\u015fleyen herhangi bir ger\u00e7ek veya t\u00fczel ki\u015fi anlam\u0131na gelir. Hizmeti kolayla\u015ft\u0131rmak, \u015eirket ad\u0131na Hizmeti sa\u011flamak, Hizmetle ilgili hizmetleri ger\u00e7ekle\u015ftirmek veya \u015eirkete Hizmetin nas\u0131l kullan\u0131ld\u0131\u011f\u0131n\u0131 analiz etmede yard\u0131mc\u0131 olmak i\u00e7in \u015eirket taraf\u0131ndan istihdam edilen \u00fc\u00e7\u00fcnc\u00fc taraf \u015firketleri veya bireyleri ifade eder.<\/p>\n\n\n\n<p>Kullan\u0131m Verileri , Hizmetin kullan\u0131m\u0131yla veya Hizmet altyap\u0131s\u0131n\u0131n kendisinden (\u00f6rne\u011fin, bir sayfa ziyaretinin s\u00fcresi) otomatik olarak toplanan verileri ifade eder. Hizmet&#8217;i kullanan ki\u015fi veya s\u00f6z konusu ki\u015finin ad\u0131na Hizmet&#8217;e eri\u015fti\u011fi veya Hizmet&#8217;i kulland\u0131\u011f\u0131 \u015firket veya di\u011fer t\u00fczel ki\u015filik anlam\u0131na gelir.<\/p>\n\n\n\n<div style=\"height:50px\" aria-hidden=\"true\" class=\"wp-block-spacer\"><\/div>\n\n\n\n<h3 class=\"wp-block-heading\" id=\"kisisel-verilerinizin-toplanmasi-ve-kullanilmasi-toplanan-veri\"><strong>Ki\u015fisel Verilerinizin Toplanmas\u0131 ve Kullan\u0131lmas\u0131 Toplanan Veri<\/strong><\/h3>\n\n\n\n<div style=\"height:50px\" aria-hidden=\"true\" class=\"wp-block-spacer\"><\/div>\n\n\n\n<p><strong>T\u00fcrleri Toplanan<\/strong><\/p>\n\n\n\n<div style=\"height:25px\" aria-hidden=\"true\" class=\"wp-block-spacer\"><\/div>\n\n\n\n<p>Ki\u015fisel Veriler<\/p>\n\n\n\n<p>Hizmetimizi kullan\u0131rken, Sizden, Sizinle ileti\u015fim kurmak veya sizi tan\u0131mlamak i\u00e7in kullan\u0131labilecek belirli ki\u015fisel olarak tan\u0131mlanabilir bilgileri sa\u011flaman\u0131z\u0131 isteyebiliriz. Ki\u015fisel olarak tan\u0131mlanabilir bilgiler \u015funlar\u0131 i\u00e7erebilir, ancak bunlarla s\u0131n\u0131rl\u0131 de\u011fildir:<\/p>\n\n\n\n<p>E-posta adresi<br>Ad ve soyad\u0131<br>Telefon numaras\u0131<br>Adres, Eyalet, \u0130l, Posta kodu, \u015eehir Kullan\u0131m Verileri<\/p>\n\n\n\n<p>Kullan\u0131m Verileri<br>Kullan\u0131m Verileri, Hizmet kullan\u0131l\u0131rken otomatik olarak toplan\u0131r.<\/p>\n\n\n\n<p>Kullan\u0131m Verileri, Cihaz\u0131n\u0131z\u0131n \u0130nternet Protokol\u00fc adresi (\u00f6rn. IP adresi), taray\u0131c\u0131 t\u00fcr\u00fc, taray\u0131c\u0131 s\u00fcr\u00fcm\u00fc, ziyaret etti\u011finiz Hizmetimizin sayfalar\u0131, ziyaretinizin saati ve tarihi, bu sayfalarda ge\u00e7irilen s\u00fcre, benzersiz cihaz gibi bilgileri i\u00e7erebilir. tan\u0131mlay\u0131c\u0131lar ve di\u011fer te\u015fhis verileri.<\/p>\n\n\n\n<p>Hizmete bir mobil cihaz arac\u0131l\u0131\u011f\u0131yla veya arac\u0131l\u0131\u011f\u0131yla eri\u015fti\u011finizde, kulland\u0131\u011f\u0131n\u0131z mobil cihaz\u0131n t\u00fcr\u00fc, mobil cihaz\u0131n\u0131z\u0131n benzersiz kimli\u011fi, mobil cihaz\u0131n\u0131z\u0131n IP adresi, cep telefonunuz dahil ancak bunlarla s\u0131n\u0131rl\u0131 olmamak \u00fczere belirli bilgileri otomatik olarak toplayabiliriz. i\u015fletim sistemi, kulland\u0131\u011f\u0131n\u0131z mobil \u0130nternet taray\u0131c\u0131s\u0131n\u0131n t\u00fcr\u00fc, benzersiz cihaz tan\u0131mlay\u0131c\u0131lar\u0131 ve di\u011fer tan\u0131lama verileri.<\/p>\n\n\n\n<p>Hizmetimizi her ziyaret etti\u011finizde veya bir mobil cihaz arac\u0131l\u0131\u011f\u0131yla veya arac\u0131l\u0131\u011f\u0131yla Hizmete eri\u015fti\u011finizde taray\u0131c\u0131n\u0131z\u0131n g\u00f6nderdi\u011fi bilgileri de toplayabiliriz.<\/p>\n\n\n\n<p>Uygulamay\u0131 Kullan\u0131rken Toplanan Bilgiler Uygulamam\u0131z\u0131 kullan\u0131rken, Uygulamam\u0131z\u0131n \u00f6zelliklerini sa\u011flamak i\u00e7in \u00f6nceden izninizle \u015funlar\u0131 toplayabiliriz:<\/p>\n\n\n\n<p>Konumunuzla ilgili<\/p>\n\n\n\n<p>bilgiler Cihaz\u0131n\u0131z\u0131n kamera ve foto\u011fraf kitapl\u0131\u011f\u0131ndan resimler ve di\u011fer bilgiler<\/p>\n\n\n\n<p>Bu bilgileri, Hizmetimizi geli\u015ftirmek ve \u00f6zelle\u015ftirmek i\u00e7in Hizmetimizin \u00f6zellikleri. Bilgiler \u015eirketin sunucular\u0131na ve\/veya bir Hizmet Sa\u011flay\u0131c\u0131n\u0131n sunucusuna y\u00fcklenebilir veya basit\u00e7e Sizin cihaz\u0131n\u0131zda saklanabilir.<\/p>\n\n\n\n<p>Bu bilgilere eri\u015fimi istedi\u011finiz zaman Cihaz ayarlar\u0131ndan etkinle\u015ftirebilir veya devre d\u0131\u015f\u0131 b\u0131rakabilirsiniz.<\/p>\n\n\n\n<div style=\"height:25px\" aria-hidden=\"true\" class=\"wp-block-spacer\"><\/div>\n\n\n\n<p><strong>Ki\u015fisel Verilerinizin<\/strong><\/p>\n\n\n\n<div style=\"height:25px\" aria-hidden=\"true\" class=\"wp-block-spacer\"><\/div>\n\n\n\n<p>Kullan\u0131m\u0131 \u015eirket Ki\u015fisel Verileri a\u015fa\u011f\u0131daki ama\u00e7larla kullanabilir:<br>Hizmetimizi sa\u011flamak ve s\u00fcrd\u00fcrmekkullan\u0131m\u0131n\u0131 izlemek de dahil olmak \u00fczere<\/p>\n\n\n\n<p>Hesab\u0131n\u0131z\u0131 y\u00f6netmek i\u00e7in: Hizmetin bir kullan\u0131c\u0131s\u0131 olarak kayd\u0131n\u0131z\u0131 y\u00f6netmek i\u00e7in. Sa\u011flad\u0131\u011f\u0131n\u0131z Ki\u015fisel Veriler, Size kay\u0131tl\u0131 bir kullan\u0131c\u0131 olarak sunulan Hizmetin farkl\u0131 i\u015flevlerine eri\u015fmenizi sa\u011flayabilir.<\/p>\n\n\n\n<p>Bir s\u00f6zle\u015fmenin ifas\u0131 i\u00e7in: Sat\u0131n ald\u0131\u011f\u0131n\u0131z \u00fcr\u00fcnler, \u00f6\u011feler veya hizmetler i\u00e7in sat\u0131n alma s\u00f6zle\u015fmesinin veya Hizmet arac\u0131l\u0131\u011f\u0131yla Bizimle yapt\u0131\u011f\u0131m\u0131z herhangi bir s\u00f6zle\u015fmenin geli\u015ftirilmesi, uygunlu\u011fu ve \u00fcstlenilmesi.<\/p>\n\n\n\n<p>Sizinle ileti\u015fime ge\u00e7mek i\u00e7in: Sizinle e-posta, telefon g\u00f6r\u00fc\u015fmeleri, SMS veya bir mobil uygulaman\u0131n g\u00fcncellemelerle ilgili anl\u0131k bildirimleri veya g\u00fcvenlik g\u00fcncellemeleri dahil i\u015flevler, \u00fcr\u00fcnler veya s\u00f6zle\u015fmeli hizmetlerle ilgili bilgilendirici ileti\u015fimler gibi di\u011fer e\u015fde\u011fer elektronik ileti\u015fim bi\u00e7imleriyle ileti\u015fime ge\u00e7mek, uygulanmas\u0131 i\u00e7in gerekli veya makul oldu\u011funda.<\/p>\n\n\n\n<p>Size t\u00fcr bilgileri almamay\u0131 se\u00e7medi\u011finiz s\u00fcrece, daha \u00f6nce sat\u0131n ald\u0131\u011f\u0131n\u0131z veya sordu\u011funuz \u00fcr\u00fcnlere benzer sundu\u011fumuz di\u011fer mallar, hizmetler ve etkinlikler hakk\u0131nda<\/p>\n\n\n\n<p>Taleplerinizi y\u00f6netmek i\u00e7in: Bize gelen taleplerinize kat\u0131lmak ve y\u00f6netmek i\u00e7in.<\/p>\n\n\n\n<p>\u0130\u015f transferleri i\u00e7in: Bilgilerinizi bir birle\u015fme, elden \u00e7\u0131karma, yeniden yap\u0131land\u0131rma, yeniden yap\u0131lanma, tasfiye veya varl\u0131klar\u0131m\u0131z\u0131n bir k\u0131sm\u0131n\u0131n veya tamam\u0131n\u0131n, ister s\u00fcrekli bir \u015firket olarak, ister iflas, tasfiyenin bir par\u00e7as\u0131 olarak, de\u011ferlendirmek veya y\u00fcr\u00fctmek i\u00e7in kullanabiliriz. veya Hizmet kullan\u0131c\u0131lar\u0131m\u0131z hakk\u0131nda taraf\u0131m\u0131zca tutulan Ki\u015fisel Verilerin devredilen varl\u0131klar aras\u0131nda yer ald\u0131\u011f\u0131 benzer bir i\u015flem.<\/p>\n\n\n\n<p>Di\u011fer ama\u00e7lar i\u00e7in: Bilgilerinizi veri analizi, kullan\u0131m e\u011filimlerini belirleme, promosyon kampanyalar\u0131m\u0131z\u0131n etkinli\u011fini belirleme ve Hizmet, \u00fcr\u00fcnlerimiz, hizmetlerimiz, pazarlama ve deneyiminizi de\u011ferlendirmek ve geli\u015ftirmek gibi ba\u015fka ama\u00e7lar i\u00e7in kullanabiliriz.<\/p>\n\n\n\n<p>Ki\u015fisel bilgilerinizi a\u015fa\u011f\u0131daki durumlarda<\/p>\n\n\n\n<p>\u2022 Hizmet Sa\u011flay\u0131c\u0131larla: Ki\u015fisel bilgilerinizi Hizmetimizin kullan\u0131m\u0131n\u0131 izlemek ve analiz etmek, Sizinle ileti\u015fime ge\u00e7mek i\u00e7in Hizmet Sa\u011flay\u0131c\u0131larla payla\u015fabiliriz.<\/p>\n\n\n\n<p>\u2022 \u0130\u015f transferleri i\u00e7in: Ki\u015fisel bilgilerinizi herhangi bir birle\u015fme, \u015eirket varl\u0131klar\u0131n\u0131n sat\u0131\u015f\u0131, finansman veya i\u015fimizin tamam\u0131n\u0131n veya bir k\u0131sm\u0131n\u0131n ba\u015fka bir \u015firketesat\u0131n al\u0131nmas\u0131yla ba\u011flant\u0131l\u0131 olarak veya m\u00fczakereler s\u0131ras\u0131nda payla\u015fabilir veya devredebiliriz.<\/p>\n\n\n\n<p>\u2022 Ba\u011fl\u0131 Kurulu\u015flarla: Bilgilerinizi ba\u011fl\u0131 \u015firketlerimizle payla\u015fabiliriz, bu durumda bu ba\u011fl\u0131 kurulu\u015flar\u0131n bu Gizlilik Politikas\u0131na uymas\u0131n\u0131 zorunlu k\u0131laca\u011f\u0131z. \u0130\u015ftirakler,ana \u015firketimizi ve bizim kontrol etti\u011fimiz veya Bizimle ortak kontrol\u00fcm\u00fcz alt\u0131ndaki di\u011fer ba\u011fl\u0131 kurulu\u015flar\u0131, ortak giri\u015fim ortaklar\u0131n\u0131 veya di\u011fer \u015firketleri i\u00e7erir.<\/p>\n\n\n\n<p>\u2022 \u0130\u015f ortaklar\u0131yla: Size belirli \u00fcr\u00fcnler, hizmetler veya promosyonlar sunmak i\u00e7in bilgilerinizi i\u015f ortaklar\u0131m\u0131zla payla\u015fabiliriz.<\/p>\n\n\n\n<p>\u2022 Di\u011fer kullan\u0131c\u0131larla: Ki\u015fisel bilgileri payla\u015ft\u0131\u011f\u0131n\u0131z veya di\u011fer kullan\u0131c\u0131larla ortak alanlarda ba\u015fka bir \u015fekilde etkile\u015fime girdi\u011finiz zaman, bu t\u00fcr bilgiler t\u00fcmkullan\u0131c\u0131lar taraf\u0131ndan g\u00f6r\u00fcnt\u00fclenebilir ve d\u0131\u015far\u0131da herkese a\u00e7\u0131k olarak da\u011f\u0131t\u0131labilir.<\/p>\n\n\n\n<p>\u2022 Sizin izninizle: Ki\u015fisel bilgilerinizi, sizin izninizle ba\u015fka herhangi bir ama\u00e7 i\u00e7in if\u015fa edebiliriz.<\/p>\n\n\n\n<p><strong>Ki\u015fisel Verilerinizin Saklanmas\u0131<\/strong><\/p>\n\n\n\n<p>\u015eirket, Ki\u015fisel Verilerinizi yaln\u0131zca bu Gizlilik Politikas\u0131nda belirtilen ama\u00e7lar i\u00e7in gerekli oldu\u011fu s\u00fcrece saklayacakt\u0131r. Ki\u015fisel Verilerinizi, yasal y\u00fck\u00fcml\u00fcl\u00fcklerimize uymak (\u00f6rne\u011fin, ge\u00e7erli yasalara uymak i\u00e7in verilerinizi tutmam\u0131z gerekiyorsa), anla\u015fmazl\u0131klar\u0131 \u00e7\u00f6zmek ve yasal anla\u015fmalar\u0131m\u0131z\u0131 ve politikalar\u0131m\u0131z\u0131 uygulamak i\u00e7in gerekli oldu\u011fu \u00f6l\u00e7\u00fcde saklayacak ve kullanaca\u011f\u0131z.\u015eirket ayr\u0131ca Kullan\u0131m Verilerini dahili analiz amac\u0131yla saklayacakt\u0131r. Kullan\u0131m Verileri, bu verilerin g\u00fcvenli\u011fini g\u00fc\u00e7lendirmek veya Hizmetimizin i\u015flevselli\u011fini geli\u015ftirmek i\u00e7in kullan\u0131ld\u0131\u011f\u0131 veya yasal olarak bu verileri daha uzun s\u00fcreler boyunca saklamak zorunda oldu\u011fumuz durumlar d\u0131\u015f\u0131nda, genellikle daha k\u0131sa bir s\u00fcre i\u00e7in saklan\u0131r.<\/p>\n\n\n\n<p><strong>Ki\u015fisel Verilerinizin Aktar\u0131lmas\u0131 <\/strong><\/p>\n\n\n\n<p>Ki\u015fisel Verilerinizde dahil olmak \u00fczere bilgileriniz, \u015eirketin faaliyet ofislerinde ve i\u015flemeye dahil olan taraflar\u0131n bulundu\u011fu di\u011fer her yerde i\u015flenir. Bu, bu bilgilerin, veri koruma yasalar\u0131n\u0131n Sizin yetki alan\u0131n\u0131zdan farkl\u0131 olabilece\u011fi eyalet, il, \u00fclke veya di\u011fer resmi yarg\u0131 yetkisi d\u0131\u015f\u0131nda bulunan bilgisayarlara aktar\u0131labilece\u011fi ve bu bilgisayarlarda saklanabilece\u011fi anlam\u0131na gelir.Bu Gizlilik Politikas\u0131na verdi\u011finiz onay\u0131n ard\u0131ndan bu t\u00fcr bilgileri g\u00f6ndermeniz, bu aktar\u0131ma ili\u015fkin s\u00f6zle\u015fmenizi temsil eder.\u015eirket, verilerinizin g\u00fcvenli bir \u015fekilde ve bu Gizlilik Politikas\u0131na uygun olarak ele al\u0131nd\u0131\u011f\u0131ndan emin olmak i\u00e7in makul olarak gerekli t\u00fcm ad\u0131mlar\u0131 atacakt\u0131r ve Ki\u015fisel Verilerinizin g\u00fcvenli\u011fi de dahil olmak \u00fczere yeterli kontroller olmad\u0131k\u00e7a bir kurulu\u015fa veya \u00fclkeye aktar\u0131lmayacakt\u0131r. Verileriniz ve di\u011fer ki\u015fisel bilgileriniz.<\/p>\n\n\n\n<p><strong>Ki\u015fisel Verilerinizi Silin <\/strong><\/p>\n\n\n\n<p>Sizin hakk\u0131n\u0131zda toplad\u0131\u011f\u0131m\u0131z Ki\u015fisel Verileri silme veya silmemize yard\u0131mc\u0131 olmam\u0131z\u0131 talep etme hakk\u0131na sahipsiniz. Hizmetimiz Size, Sizinle ilgili belirli bilgileri Hizmet i\u00e7inden silme olana\u011f\u0131 verebilir.Varsa, Hesab\u0131n\u0131zda oturum a\u00e7arak ve ki\u015fisel bilgilerinizi y\u00f6netmenize olanak tan\u0131yan hesap ayarlar\u0131 b\u00f6l\u00fcm\u00fcn\u00fc ziyaret ederek bilgilerinizi istedi\u011finiz zaman g\u00fcncelleyebilir, de\u011fi\u015ftirebilir veya silebilirsiniz. Ayr\u0131ca, Bize sa\u011flad\u0131\u011f\u0131n\u0131z herhangi bir ki\u015fisel bilgiye eri\u015fim talep etmek, bunlar\u0131 d\u00fczeltmek veya silmek i\u00e7in Bizimle ileti\u015fime ge\u00e7ebilirsiniz.Ancak, bunu yapmak i\u00e7in yasal bir y\u00fck\u00fcml\u00fcl\u00fc\u011f\u00fcm\u00fcz veya yasal dayana\u011f\u0131m\u0131z oldu\u011funda belirli bilgileri saklamam\u0131z gerekebilece\u011fini l\u00fctfen unutmay\u0131n.<\/p>\n\n\n\n<p><strong>Ki\u015fisel Verilerinizin A\u00e7\u0131klanmas\u0131<\/strong><\/p>\n\n\n\n<p>Ticari \u0130\u015flemler<br>\u015eirketin bir birle\u015fme, devralma veya varl\u0131k sat\u0131\u015f\u0131na dahil olmas\u0131 durumunda Ki\u015fisel Verileriniz aktar\u0131labilir. Ki\u015fisel Verileriniz aktar\u0131lmadan ve farkl\u0131 bir Gizlilik Politikas\u0131na tabi olmadan \u00f6nce bildirimde bulunaca\u011f\u0131z.Kanun yapt\u0131r\u0131m\u0131<br>Belirli ko\u015fullar alt\u0131nda, kanunen gerekli olmas\u0131 halinde veya resmi makamlar\u0131n (\u00f6rne\u011fin bir mahkeme veya bir devlet kurumu) ge\u00e7erli taleplerine yan\u0131t olarak \u015eirket&#8217;in Ki\u015fisel Verilerinizi if\u015fa etmesi gerekebilir.<\/p>\n\n\n\n<p>Di\u011fer yasal gereklilikler<br>\u015eirket, Ki\u015fisel Verilerinizi, bu t\u00fcr bir eylemin a\u015fa\u011f\u0131dakiler i\u00e7in gerekli oldu\u011funa iyi niyetle inanarak if\u015fa edebilir:<\/p>\n\n\n\n<p>\u2022 Yasal bir y\u00fck\u00fcml\u00fcl\u00fc\u011fe uymak<\/p>\n\n\n\n<p>\u2022 \u015eirketin haklar\u0131n\u0131 veya m\u00fclkiyetini korumak ve savunmak<\/p>\n\n\n\n<p>\u2022 Hizmetle ba\u011flant\u0131l\u0131 olas\u0131 suistimalleri \u00f6nlemek veya ara\u015ft\u0131rmak<\/p>\n\n\n\n<p>\u2022 korumak Hizmet Kullan\u0131c\u0131lar\u0131n\u0131n veya kamunun<\/p>\n\n\n\n<p>\u2022 Yasal sorumlulu\u011fa kar\u015f\u0131 koruyun<\/p>\n\n\n\n<div style=\"height:25px\" aria-hidden=\"true\" class=\"wp-block-spacer\"><\/div>\n\n\n\n<p><strong>Ki\u015fisel Verilerinizin G\u00fcvenli\u011fi <\/strong><\/p>\n\n\n\n<div style=\"height:25px\" aria-hidden=\"true\" class=\"wp-block-spacer\"><\/div>\n\n\n\n<p>Ki\u015fisel Verilerinizin g\u00fcvenli\u011fi Bizim i\u00e7in \u00f6nemlidir, ancak \u0130nternet \u00fczerinden hi\u00e7bir aktar\u0131m y\u00f6nteminin veya elektronik depolama y\u00f6nteminin %100 g\u00fcvenli olmad\u0131\u011f\u0131n\u0131 unutmay\u0131n. Ki\u015fisel Verilerinizi korumak i\u00e7in ticari olarak kabul edilebilir ara\u00e7lar\u0131 kullanmaya \u00e7abalarken, bunlar\u0131n mutlak g\u00fcvenli\u011fini garanti edemeyiz.<\/p>\n\n\n\n<div style=\"height:50px\" aria-hidden=\"true\" class=\"wp-block-spacer\"><\/div>\n\n\n\n<h3 class=\"wp-block-heading\" id=\"kisisel-verilerinizin-islenmesine-iliskin-detayli-bilgiler\"><strong>Ki\u015fisel Verilerinizin \u0130\u015flenmesine \u0130li\u015fkin Detayl\u0131 Bilgiler<\/strong><\/h3>\n\n\n\n<div style=\"height:50px\" aria-hidden=\"true\" class=\"wp-block-spacer\"><\/div>\n\n\n\n<p>Kulland\u0131\u011f\u0131m\u0131z Hizmet Sa\u011flay\u0131c\u0131lar Ki\u015fisel Verilerinize eri\u015febilir. Bu \u00fc\u00e7\u00fcnc\u00fc taraf sat\u0131c\u0131lar, Hizmetimiz \u00fczerindeki etkinli\u011finiz hakk\u0131nda Gizlilik Politikalar\u0131na uygun olarak bilgi toplar, saklar, kullan\u0131r, i\u015fler ve aktar\u0131r.<\/p>\n\n\n\n<div style=\"height:25px\" aria-hidden=\"true\" class=\"wp-block-spacer\"><\/div>\n\n\n\n<p><strong>Kullan\u0131m, Performans ve \u00c7e\u015fitli<\/strong><\/p>\n\n\n\n<div style=\"height:25px\" aria-hidden=\"true\" class=\"wp-block-spacer\"><\/div>\n\n\n\n<p>Hizmetimizin daha iyi geli\u015ftirilmesini sa\u011flamak i\u00e7in \u00fc\u00e7\u00fcnc\u00fc taraf Hizmet Sa\u011flay\u0131c\u0131lar\u0131 kullanabiliriz. Google Rehber<\/p>\n\n\n\n<p>Google Rehber, HTTP isteklerini kullanan yerler hakk\u0131nda bilgi veren bir hizmettir. Google taraf\u0131ndan i\u015fletilmektedir<br>Google Rehber hizmeti, g\u00fcvenlik amac\u0131yla Sizden ve Cihaz\u0131n\u0131zdan bilgi toplayabilir.<br>Google Rehber taraf\u0131ndan toplanan bilgiler, Google&#8217;\u0131n Gizlilik Politikas\u0131na uygun olarak tutulur: https:\/\/www.google.com\/intl\/tr\/policies\/privacy\/<\/p>\n\n\n\n<div style=\"height:50px\" aria-hidden=\"true\" class=\"wp-block-spacer\"><\/div>\n\n\n\n<h3 class=\"wp-block-heading\" id=\"cocuklarin-gizliligi\"><strong>\u00c7ocuklar\u0131n Gizlili\u011fi<\/strong><\/h3>\n\n\n\n<div style=\"height:50px\" aria-hidden=\"true\" class=\"wp-block-spacer\"><\/div>\n\n\n\n<p>Hizmetimiz 13 ya\u015f\u0131n alt\u0131ndaki hi\u00e7 kimseye hitap etmemektedir. 13 ya\u015f\u0131n alt\u0131ndaki hi\u00e7 kimseden bilerek ki\u015fisel olarak tan\u0131mlanabilir bilgiler toplam\u0131yoruz. ebeveyn veya vasi iseniz ve \u00c7ocu\u011funuzun Bize Ki\u015fisel Veriler sa\u011flad\u0131\u011f\u0131n\u0131n fark\u0131ndaysan\u0131z, l\u00fctfen Bizimle ileti\u015fime ge\u00e7in. Ebeveyn izni do\u011frulamas\u0131 olmadan 13 ya\u015f\u0131n alt\u0131ndaki herhangi birinden Ki\u015fisel Veri toplad\u0131\u011f\u0131m\u0131z\u0131 fark edersek, bu bilgileri sunucular\u0131m\u0131zdan kald\u0131rmak i\u00e7in ad\u0131mlar atar\u0131z.<\/p>\n\n\n\n<p>Bilgilerinizi i\u015flemek i\u00e7in yasal dayanak olarak r\u0131zaya g\u00fcvenmemiz gerekiyorsa ve \u00fclkeniz bir ebeveynden onay gerektiriyorsa, bu bilgileri toplamadan ve kullanmadan \u00f6nce ebeveyninizin onay\u0131n\u0131 isteyebiliriz.<\/p>\n\n\n\n<div style=\"height:50px\" aria-hidden=\"true\" class=\"wp-block-spacer\"><\/div>\n\n\n\n<h3 class=\"wp-block-heading\" id=\"diger-web-sitelerine-baglantilar\"><strong>Di\u011fer Web Sitelerine Ba\u011flant\u0131lar<\/strong><\/h3>\n\n\n\n<div style=\"height:50px\" aria-hidden=\"true\" class=\"wp-block-spacer\"><\/div>\n\n\n\n<p>Hizmetimiz, Bizim taraf\u0131m\u0131zdan i\u015fletilmeyen di\u011fer web sitelerine ba\u011flant\u0131lar i\u00e7erebilir. Bir \u00fc\u00e7\u00fcnc\u00fc \u015fah\u0131s ba\u011flant\u0131s\u0131na t\u0131klarsan\u0131z, o \u00fc\u00e7\u00fcnc\u00fc \u015fahs\u0131n sitesine y\u00f6nlendirileceksiniz. Ziyaret etti\u011finiz her sitenin Gizlilik Politikas\u0131n\u0131 incelemenizi \u015fiddetle tavsiye ederiz.<\/p>\n\n\n\n<p>Herhangi bir \u00fc\u00e7\u00fcnc\u00fc taraf site veya hizmetinin i\u00e7eri\u011fi, gizlilik politikalar\u0131 veya uygulamalar\u0131 \u00fczerinde hi\u00e7bir kontrole sahip de\u011filiz ve sorumluluk kabul etmiyoruz.<\/p>\n\n\n\n<div style=\"height:50px\" aria-hidden=\"true\" class=\"wp-block-spacer\"><\/div>\n\n\n\n<h3 class=\"wp-block-heading\" id=\"bu-gizlilik-politikasindaki-degisiklikler\"><strong>Bu Gizlilik Politikas\u0131ndaki De\u011fi\u015fiklikler<\/strong><\/h3>\n\n\n\n<div style=\"height:50px\" aria-hidden=\"true\" class=\"wp-block-spacer\"><\/div>\n\n\n\n<p>Gizlilik Politikam\u0131z\u0131 zaman zaman g\u00fcncelleyebiliriz. Bu sayfada yeni Gizlilik Politikas\u0131n\u0131 yay\u0131nlayarak herhangi bir de\u011fi\u015fiklik hakk\u0131nda Sizi bilgilendirece\u011fiz.<\/p>\n\n\n\n<p>De\u011fi\u015fikli\u011fin y\u00fcr\u00fcrl\u00fc\u011fe girmesinden ve bu Gizlilik Politikas\u0131n\u0131n \u00fcst k\u0131sm\u0131ndaki &#8220;Son g\u00fcncelleme&#8221; tarihini g\u00fcncellemeden \u00f6nce Size e-posta ve\/veya Hizmetimizle ilgili belirgin bir bildirim yoluyla bilgi verece\u011fiz.<\/p>\n\n\n\n<p>Herhangi bir de\u011fi\u015fiklik i\u00e7in bu Gizlilik Politikas\u0131n\u0131 periyodik olarak g\u00f6zden ge\u00e7irmeniz tavsiye edilir. Bu Gizlilik Politikas\u0131nda yap\u0131lan de\u011fi\u015fiklikler, bu sayfada yay\u0131nland\u0131klar\u0131nda ge\u00e7erlidir.<\/p>\n\n\n\n<div style=\"height:50px\" aria-hidden=\"true\" class=\"wp-block-spacer\"><\/div>\n\n\n\n<h3 class=\"wp-block-heading\" id=\"bize-ulasin\"><strong>Bize Ula\u015f\u0131n<\/strong><\/h3>\n\n\n\n<div style=\"height:50px\" aria-hidden=\"true\" class=\"wp-block-spacer\"><\/div>\n\n\n\n<p>Bu Gizlilik Politikas\u0131 ile ilgili herhangi bir sorunuz varsa, bizimle ileti\u015fime ge\u00e7ebilirsiniz:<\/p>\n\n\n\n<p><strong>\u2022<\/strong> E-posta ile: info@evreka.co<\/p>\n","protected":false},"excerpt":{"rendered":"<p>\u00a0\u00a0\u00a0\u00a0Click the links below to read the Privacy Policy in other languages.\u00a0\u00a0\u00a0\u00a0 \u00a0\u00a0\u00a0\u00a0Arabic\u00a0\u00a0\u00a0\u00a0Chinese\u00a0\u00a0\u00a0\u00a0French\u00a0\u00a0\u00a0\u00a0Hebrew\u00a0\u00a0\u00a0\u00a0Spanish\u00a0\u00a0\u00a0\u00a0 Son g\u00fcncelleme: 06 Ekim 2022 Bu Gizlilik Politikas\u0131, Hizmeti kulland\u0131\u011f\u0131n\u0131zda bilgilerinizin toplanmas\u0131, kullan\u0131lmas\u0131 ve if\u015fa edilmesine ili\u015fkin politikalar\u0131m\u0131z\u0131 ve prosed\u00fcrlerimizi a\u00e7\u0131klar ve Size gizlilik haklar\u0131n\u0131z\u0131 ve yasalar\u0131n Sizi nas\u0131l korudu\u011funu anlat\u0131r. Ki\u015fisel verilerinizi Hizmeti sa\u011flamak ve iyile\u015ftirmek i\u00e7in kullan\u0131r\u0131z. Hizmeti kullanarak, bu [&hellip;]<\/p>\n","protected":false},"author":10,"featured_media":0,"parent":0,"menu_order":0,"comment_status":"closed","ping_status":"closed","template":"page-privacy-policy.php","meta":{"content-type":"","om_disable_all_campaigns":false,"inline_featured_image":false,"_monsterinsights_skip_tracking":false,"_monsterinsights_sitenote_active":false,"_monsterinsights_sitenote_note":"","_monsterinsights_sitenote_category":0,"footnotes":""},"class_list":["post-38904","page","type-page","status-publish","hentry"],"acf":[],"_links":{"self":[{"href":"https:\/\/evreka.co\/tr\/wp-json\/wp\/v2\/pages\/38904","targetHints":{"allow":["GET"]}}],"collection":[{"href":"https:\/\/evreka.co\/tr\/wp-json\/wp\/v2\/pages"}],"about":[{"href":"https:\/\/evreka.co\/tr\/wp-json\/wp\/v2\/types\/page"}],"author":[{"embeddable":true,"href":"https:\/\/evreka.co\/tr\/wp-json\/wp\/v2\/users\/10"}],"replies":[{"embeddable":true,"href":"https:\/\/evreka.co\/tr\/wp-json\/wp\/v2\/comments?post=38904"}],"version-history":[{"count":27,"href":"https:\/\/evreka.co\/tr\/wp-json\/wp\/v2\/pages\/38904\/revisions"}],"predecessor-version":[{"id":38972,"href":"https:\/\/evreka.co\/tr\/wp-json\/wp\/v2\/pages\/38904\/revisions\/38972"}],"wp:attachment":[{"href":"https:\/\/evreka.co\/tr\/wp-json\/wp\/v2\/media?parent=38904"}],"curies":[{"name":"wp","href":"https:\/\/api.w.org\/{rel}","templated":true}]}}