{"id":35972,"date":"2022-06-02T16:43:21","date_gmt":"2022-06-02T13:43:21","guid":{"rendered":"https:\/\/evreka.co\/?page_id=35972"},"modified":"2022-06-02T16:43:21","modified_gmt":"2022-06-02T13:43:21","slug":"kisisel-verilerin-korunmasi-kanunu-kapsaminda-ilgili-kisi-basvuru-formu","status":"publish","type":"page","link":"https:\/\/evreka.co\/tr\/kisisel-verilerin-korunmasi-kanunu-kapsaminda-ilgili-kisi-basvuru-formu\/","title":{"rendered":"Ki\u015fisel Verilerin Korunmas\u0131 Kanunu Kapsam\u0131nda \u0130lgili Ki\u015fi Ba\u015fvuru Formu"},"content":{"rendered":"<section class=\"one-column-text\">\t\n\t<div class=\"container one-column-text-container\">\t\t\n\t\t\t\t\t\t\t\n\t\t\t\t\t\t\t\n\t\t\t<p class=\"one-column-text-text-area\">6698 Say\u0131l\u0131 Ki\u015fisel Verilerin Korunmas\u0131 Kanunu\u2019nda (Kanun) \u201cilgili ki\u015fi\u201d olarak tan\u0131mlanan ki\u015filere, Kanun\u2019un 11. maddesinde ki\u015fisel verilerinin i\u015flenmesine ili\u015fkin belirli haklar tan\u0131nm\u0131\u015ft\u0131r. Kanunun 13. maddesinin 1. f\u0131kras\u0131 uyar\u0131nca; veri sorumlusu olan Evreka Yaz\u0131l\u0131m Donan\u0131m Dan\u0131\u015fmanl\u0131k E\u011fitim Sanayi ve Ticaret Anonim \u015eirketi\u2019ne (\u015eirket) bu haklara ili\u015fkin yap\u0131lacak ba\u015fvurular\u0131n yaz\u0131l\u0131 olarak veya Ki\u015fisel Verilerin Korunmas\u0131 Kurulu (Kurul) taraf\u0131ndan belirlenen di\u011fer y\u00f6ntemlerle iletilmesi gerekmektedir. Bu \u00e7er\u00e7evede \u201cyaz\u0131l\u0131\u201d olarak \u015eirketimize yap\u0131lacak ba\u015fvurular\u0131n, bu formun \u00e7\u0131kt\u0131s\u0131 al\u0131narak, ba\u015fvuru sahibinin \u015fahsen ba\u015fvurusu ile veya noter vas\u0131tas\u0131 ile ya da ba\u015fvuru sahibince 5070 Say\u0131l\u0131 Elektronik \u0130mza Kanunu\u2019nda tan\u0131ml\u0131 olan \u201cg\u00fcvenli elektronik imza\u201d ile imzalanarak \u015eirket kay\u0131tl\u0131 elektronik posta adresine g\u00f6nderilmek suretiyle taraf\u0131m\u0131za iletilmesi gerekmektedir.<\/p>\t\t\t\n\t\t\t\t\t\t\t\t\t\t\t\t\t\t\t\n\t<\/div>\n<\/section>\n\n<section class=\"cta-section\">\n\t<p>\n\t\t<p>     Formun tamam\u0131na a\u015fa\u011f\u0131daki butondan ula\u015fabilirsiniz.     <\/p>\t<\/p>\n\t\n\t\t<a href=\"#e-book-download-modal\" class=\"primary-button primary-button--block open-modal\">Formu doldur\t<\/a>\n\t\t\n\t\n\t\t\n\t\t<section id=\"e-book-download-modal\" class=\"modal-wrap mfp-hide e-book-download-modal\"> \t\n\t\t<iframe\n\t\t  id=\"JotFormIFrame-221523488299971\"\n\t\t  title=\"Evreka Smart Waste Solutions\"    \n\t\t  allowtransparency=\"true\"\n\t\t  allowfullscreen=\"true\"\n\t\t  allow=\"geolocation; microphone; camera\"\n\t\t  src=\"https:\/\/form.jotform.com\/221523488299971\"\n\t\t  frameborder=\"0\"\n\t\t  style=\"\n\t\t  min-width: 100%;\n\t\t  height:539px;\n\t\t  border:none;\"\n\t\t  scrolling=\"no\"\n\t\t>\n\t\t<\/iframe>\n\t\t<script type=\"text\/javascript\">\n\t\t  var ifr = document.getElementById(\"JotFormIFrame-221523488299971\");\n\t\t  if (ifr) {\n\t\t\tvar src = ifr.src;\n\t\t\tvar iframeParams = [];\n\t\t\tif (window.location.href && window.location.href.indexOf(\"?\") > -1) {\n\t\t\t  iframeParams = iframeParams.concat(window.location.href.substr(window.location.href.indexOf(\"?\") + 1).split('&'));\n\t\t\t}\n\t\t\tif (src && src.indexOf(\"?\") > -1) {\n\t\t\t  iframeParams = iframeParams.concat(src.substr(src.indexOf(\"?\") + 1).split(\"&\"));\n\t\t\t  src = src.substr(0, src.indexOf(\"?\"))\n\t\t\t}\n\t\t\tiframeParams.push(\"isIframeEmbed=1\");\n\t\t\tifr.src = src + \"?\" + iframeParams.join('&');\n\t\t  }\n\t\t  window.handleIFrameMessage = function(e) {\n\t\t\tif (typeof e.data === 'object') { return; }\n\t\t\tvar args = e.data.split(\":\");\n\t\t\tif (args.length > 2) { iframe = document.getElementById(\"JotFormIFrame-\" + args[(args.length - 1)]); } else { iframe = document.getElementById(\"JotFormIFrame\"); }\n\t\t\tif (!iframe) { return; }\n\t\t\tswitch (args[0]) {\n\t\t\t  case \"scrollIntoView\":\n\t\t\t\tiframe.scrollIntoView();\n\t\t\t\tbreak;\n\t\t\t  case \"setHeight\":\n\t\t\t\tiframe.style.height = args[1] + \"px\";\n\t\t\t\tbreak;\n\t\t\t  case \"collapseErrorPage\":\n\t\t\t\tif (iframe.clientHeight > window.innerHeight) {\n\t\t\t\t  iframe.style.height = window.innerHeight + \"px\";\n\t\t\t\t}\n\t\t\t\tbreak;\n\t\t\t  case \"reloadPage\":\n\t\t\t\twindow.location.reload();\n\t\t\t\tbreak;\n\t\t\t  case \"loadScript\":\n\t\t\t\tif( !window.isPermitted(e.origin, ['jotform.com', 'jotform.pro']) ) { break; }\n\t\t\t\tvar src = args[1];\n\t\t\t\tif (args.length > 3) {\n\t\t\t\t\tsrc = args[1] + ':' + args[2];\n\t\t\t\t}\n\t\t\t\tvar script = document.createElement('script');\n\t\t\t\tscript.src = src;\n\t\t\t\tscript.type = 'text\/javascript';\n\t\t\t\tdocument.body.appendChild(script);\n\t\t\t\tbreak;\n\t\t\t  case \"exitFullscreen\":\n\t\t\t\tif      (window.document.exitFullscreen)        window.document.exitFullscreen();\n\t\t\t\telse if (window.document.mozCancelFullScreen)   window.document.mozCancelFullScreen();\n\t\t\t\telse if (window.document.mozCancelFullscreen)   window.document.mozCancelFullScreen();\n\t\t\t\telse if (window.document.webkitExitFullscreen)  window.document.webkitExitFullscreen();\n\t\t\t\telse if (window.document.msExitFullscreen)      window.document.msExitFullscreen();\n\t\t\t\tbreak;\n\t\t\t}\n\t\t\tvar isJotForm = (e.origin.indexOf(\"jotform\") > -1) ? true : false;\n\t\t\tif(isJotForm && \"contentWindow\" in iframe && \"postMessage\" in iframe.contentWindow) {\n\t\t\t  var urls = {\"docurl\":encodeURIComponent(document.URL),\"referrer\":encodeURIComponent(document.referrer)};\n\t\t\t  iframe.contentWindow.postMessage(JSON.stringify({\"type\":\"urls\",\"value\":urls}), \"*\");\n\t\t\t}\n\t\t  };\n\t\t  window.isPermitted = function(originUrl, whitelisted_domains) {\n\t\t\tvar url = document.createElement('a');\n\t\t\turl.href = originUrl;\n\t\t\tvar hostname = url.hostname;\n\t\t\tvar result = false;\n\t\t\tif( typeof hostname !== 'undefined' ) {\n\t\t\t  whitelisted_domains.forEach(function(element) {\n\t\t\t\t  if( hostname.slice((-1 * element.length - 1)) === '.'.concat(element) ||  hostname === element ) {\n\t\t\t\t\t  result = true;\n\t\t\t\t  }\n\t\t\t  });\n\t\t\t  return result;\n\t\t\t}\n\t\t  };\n\t\t  if (window.addEventListener) {\n\t\t\twindow.addEventListener(\"message\", handleIFrameMessage, false);\n\t\t  } else if (window.attachEvent) {\n\t\t\twindow.attachEvent(\"onmessage\", handleIFrameMessage);\n\t\t  }\n\t\t  <\/script>\n\n\t<\/section>\n\t\n\n<\/section>","protected":false},"excerpt":{"rendered":"","protected":false},"author":10,"featured_media":0,"parent":0,"menu_order":0,"comment_status":"closed","ping_status":"closed","template":"page-privacy-policy.php","meta":{"content-type":"","om_disable_all_campaigns":false,"inline_featured_image":false,"_monsterinsights_skip_tracking":false,"_monsterinsights_sitenote_active":false,"_monsterinsights_sitenote_note":"","_monsterinsights_sitenote_category":0,"footnotes":""},"class_list":["post-35972","page","type-page","status-publish","hentry"],"acf":[],"_links":{"self":[{"href":"https:\/\/evreka.co\/tr\/wp-json\/wp\/v2\/pages\/35972","targetHints":{"allow":["GET"]}}],"collection":[{"href":"https:\/\/evreka.co\/tr\/wp-json\/wp\/v2\/pages"}],"about":[{"href":"https:\/\/evreka.co\/tr\/wp-json\/wp\/v2\/types\/page"}],"author":[{"embeddable":true,"href":"https:\/\/evreka.co\/tr\/wp-json\/wp\/v2\/users\/10"}],"replies":[{"embeddable":true,"href":"https:\/\/evreka.co\/tr\/wp-json\/wp\/v2\/comments?post=35972"}],"version-history":[{"count":7,"href":"https:\/\/evreka.co\/tr\/wp-json\/wp\/v2\/pages\/35972\/revisions"}],"predecessor-version":[{"id":35979,"href":"https:\/\/evreka.co\/tr\/wp-json\/wp\/v2\/pages\/35972\/revisions\/35979"}],"wp:attachment":[{"href":"https:\/\/evreka.co\/tr\/wp-json\/wp\/v2\/media?parent=35972"}],"curies":[{"name":"wp","href":"https:\/\/api.w.org\/{rel}","templated":true}]}}