{"id":34781,"date":"2022-05-30T10:29:55","date_gmt":"2022-05-30T07:29:55","guid":{"rendered":"https:\/\/evreka.co\/?page_id=34781"},"modified":"2022-05-30T10:29:56","modified_gmt":"2022-05-30T07:29:56","slug":"surdurulebilirlik-egitimi-ve-cevre-danismanligi","status":"publish","type":"page","link":"https:\/\/evreka.co\/tr\/surdurulebilirlik-egitimi-ve-cevre-danismanligi\/","title":{"rendered":"S\u00fcrd\u00fcr\u00fclebilirlik E\u011fitimi ve \u00c7evre Dan\u0131\u015fmanl\u0131\u011f\u0131"},"content":{"rendered":"<section class=\"subpage-hero subpage-hero--landing subpage-hero--landing-secondary\">\n\t<div class=\"subpage-hero-info\">\n\t\t<div class=\"container\">\n\t\t\t<div class=\"subpage-hero-info-text\">\n        <h1 class=\"h1\">S\u00fcrd\u00fcr\u00fclebilirlik E\u011fitimi ve \u00c7evre Dan\u0131\u015fmanl\u0131\u011f\u0131<\/h1>\n        <p>\n          \u00d6n\u00fcm\u00fczde her kurumun, kurulu\u015fun ve i\u015fletmenin h\u0131zla adapte olmas\u0131 gereken bir d\u00f6nem var: S\u00fcrd\u00fcr\u00fclebilir Kalk\u0131nma Hedefleri ile ilerleyen d\u00f6ng\u00fcsel ekonomi.        <\/p>\n\n\t\t\t\t        <a\n\t\t\t\t\thref=\"#request-modal\"\n\t\t\t\t\tclass=\"primary-button open-modal\"\n\t\t\t\t\t\t\t\t\t>\n\t\t\t\t\tHemen bir uzman ile g\u00f6r\u00fc\u015f\u00fcn\t\t\t\t<\/a>\n\t\t\t\t      <\/div>\n\n\t\t\t<figure>\n\t\t\t\t<img\n\t\t\t\t\tsrc=\"https:\/\/evreka.co\/wp-content\/uploads\/2022\/05\/meric-dagli-RG7jGL8wkCs-unsplash-scaled.jpg\"\n\t\t\t\t\t\t\t\t\t\talt=\"\"\n\t\t\t\t\/>\n      <\/figure>\n\t\t<\/div>\n  <\/div>\n<\/section>\n\n<div id=\"request-modal\" class=\"modal-wrap request-demo-modal mfp-hide\">\t\n    <iframe\n      id=\"JotFormIFrame-212372908719967\"\n      title=\"Demo Request Form\"\n      allowtransparency=\"true\"\n      allowfullscreen=\"true\"\n      allow=\"geolocation; microphone; camera\"\n      src=\"https:\/\/form.jotform.com\/212372908719967\"\n      frameborder=\"0\"\n      style=\"\n      min-width: 100%;\n      height:539px;\n      border:none;\"\n      scrolling=\"no\"\n    >\n    <\/iframe>\n    <script type=\"text\/javascript\">\n      var ifr = document.getElementById(\"JotFormIFrame-212372908719967\");\n      if (ifr) {\n        var src = ifr.src;\n        var iframeParams = [];\n        if (window.location.href && window.location.href.indexOf(\"?\") > -1) {\n          iframeParams = iframeParams.concat(window.location.href.substr(window.location.href.indexOf(\"?\") + 1).split('&'));\n        }\n        if (src && src.indexOf(\"?\") > -1) {\n          iframeParams = iframeParams.concat(src.substr(src.indexOf(\"?\") + 1).split(\"&\"));\n          src = src.substr(0, src.indexOf(\"?\"))\n        }\n        iframeParams.push(\"isIframeEmbed=1\");\n        ifr.src = src + \"?\" + iframeParams.join('&');\n      }\n      window.handleIFrameMessage = function(e) {\n        if (typeof e.data === 'object') { return; }\n        var args = e.data.split(\":\");\n        if (args.length > 2) { iframe = document.getElementById(\"JotFormIFrame-\" + args[(args.length - 1)]); } else { iframe = document.getElementById(\"JotFormIFrame\"); }\n        if (!iframe) { return; }\n        switch (args[0]) {\n          case \"scrollIntoView\":\n            iframe.scrollIntoView();\n            break;\n          case \"setHeight\":\n            iframe.style.height = args[1] + \"px\";\n            break;\n          case \"collapseErrorPage\":\n            if (iframe.clientHeight > window.innerHeight) {\n              iframe.style.height = window.innerHeight + \"px\";\n            }\n            break;\n          case \"reloadPage\":\n            window.location.reload();\n            break;\n          case \"loadScript\":\n            if( !window.isPermitted(e.origin, ['jotform.com', 'jotform.pro']) ) { break; }\n            var src = args[1];\n            if (args.length > 3) {\n                src = args[1] + ':' + args[2];\n            }\n            var script = document.createElement('script');\n            script.src = src;\n            script.type = 'text\/javascript';\n            document.body.appendChild(script);\n            break;\n          case \"exitFullscreen\":\n            if      (window.document.exitFullscreen)        window.document.exitFullscreen();\n            else if (window.document.mozCancelFullScreen)   window.document.mozCancelFullScreen();\n            else if (window.document.mozCancelFullscreen)   window.document.mozCancelFullScreen();\n            else if (window.document.webkitExitFullscreen)  window.document.webkitExitFullscreen();\n            else if (window.document.msExitFullscreen)      window.document.msExitFullscreen();\n            break;\n        }\n        var isJotForm = (e.origin.indexOf(\"jotform\") > -1) ? true : false;\n        if(isJotForm && \"contentWindow\" in iframe && \"postMessage\" in iframe.contentWindow) {\n          var urls = {\"docurl\":encodeURIComponent(document.URL),\"referrer\":encodeURIComponent(document.referrer)};\n          iframe.contentWindow.postMessage(JSON.stringify({\"type\":\"urls\",\"value\":urls}), \"*\");\n        }\n      };\n      window.isPermitted = function(originUrl, whitelisted_domains) {\n        var url = document.createElement('a');\n        url.href = originUrl;\n        var hostname = url.hostname;\n        var result = false;\n        if( typeof hostname !== 'undefined' ) {\n          whitelisted_domains.forEach(function(element) {\n              if( hostname.slice((-1 * element.length - 1)) === '.'.concat(element) ||  hostname === element ) {\n                  result = true;\n              }\n          });\n          return result;\n        }\n      };\n      if (window.addEventListener) {\n        window.addEventListener(\"message\", handleIFrameMessage, false);\n      } else if (window.attachEvent) {\n        window.attachEvent(\"onmessage\", handleIFrameMessage);\n      }\n      <\/script>\t\n<\/div>\n\n\n<section class=\"two-column-text two-column-text-padding\">\n\t<h2>Evreka ile S\u00fcrd\u00fcr\u00fclebilirlik<\/h2>\n\t<div class=\"container text-col\"><p>Art\u0131k herkes yapt\u0131\u011f\u0131 i\u015fin sorumlulu\u011funu daha bilin\u00e7li bir \u015fekilde almak ve gelece\u011fi d\u00fc\u015f\u00fcnerek hareket etmek zorunda. Asl\u0131nda toplumsal bir hedef olan s\u00fcrd\u00fcr\u00fclebilirlik; ekonomik, sosyal ve \u00e7evresel olarak \u00fc\u00e7 ayakta y\u00fckseliyor.\u00a0\u00dcretimde temiz teknolojilerin kullan\u0131m\u0131 ve \u00e7evresel s\u00fcrd\u00fcr\u00fclebilirlik vurgusu kadar etik \u00e7al\u0131\u015fma ko\u015fullar\u0131, \u015feffafl\u0131k ve <\/p><p>hesap verebilirli\u011fi de i\u00e7eren kalk\u0131nma hedeflerine katk\u0131 koymak i\u00e7in titizlikle planlaman\u0131z gereken binlerce detay var. Global rekabette sizi g\u00fc\u00e7l\u00fc tutacak sa\u011flam bir kurumsal s\u00fcrd\u00fcr\u00fclebilirlik stratejisi i\u00e7in uzman deste\u011fi almal\u0131s\u0131n\u0131z. \u201cT\u00fcrkiye\u2019de s\u00fcrd\u00fcr\u00fclebilir kalk\u0131nma i\u00e7in neler yapabiliriz?\u201d diye merak ediyorsan\u0131z, Evreka Materials\u2019\u0131n deneyimli ve dinamik ekibi en do\u011fru adres!<\/p>\t<\/div>\n<\/section>\n\n<section class=\"side-by-side-description\">\n\t<div class=\"container\">\n\n\t\t\n\t\t\t\t<div class=\"side-by-side-description-item\">\n\n\t\t\t<figure>\n\t\t\t\t<img\n\t\t\t\t\tsrc=\"https:\/\/evreka.co\/wp-content\/uploads\/2022\/02\/A-guide-to-circular-economy-and-sustainable-waste-management-2-min.jpg\"\n\t\t\t\t\t\t\t\t\t\talt=\"\"\n\t\t\t\t\/>\n\t\t\t<\/figure>\n\n\t\t\t<div class=\"side-by-side-description-item-list\">\n\t\t\t\t<ul>\n\t\t\t\t\t<li>\n\t\t\t\t\t\t<h3>S\u00fcrd\u00fcr\u00fclebilirlik e\u011fitimi ile yeni f\u0131rsatlar<\/h3>\n\n\t\t\t\t\t\t<p>S\u00fcrd\u00fcr\u00fclebilirlik projeleri i\u00e7in iyi bir ba\u015flang\u0131\u00e7 olan s\u00fcrd\u00fcr\u00fclebilirlik e\u011fitimi, bireysel ya da kurumsal \u00f6l\u00e7ekte yap\u0131l\u0131yor. Ayr\u0131ca s\u00fcrd\u00fcr\u00fclebilirlik sertifika program\u0131 ile siz de s\u00fcrd\u00fcr\u00fclebilirlik uzman\u0131 e\u011fitimi alabilirsiniz. B\u00f6ylece, yeni \u00e7a\u011fa uygun bir s\u00fcrd\u00fcr\u00fclebilirlik uzman\u0131 hatta marka liderine d\u00f6n\u00fc\u015febilirsiniz. Bu e\u011fitimler kapsam\u0131nda s\u00fcrd\u00fcr\u00fclebilirlik raporlamas\u0131 ve s\u00fcrd\u00fcr\u00fclebilir tedarik zinciri e\u011fitiminden s\u00fcrd\u00fcr\u00fclebilir i\u015f modelleri ile insan ili\u015fkisini ele almaya kadar pek \u00e7ok alanda ders alabilirsiniz.\u00a0<\/p>\n\t\t\t\t\t\t\t\t\t\t\t\t<a\n\t\t\t\t\t\t\thref=\"https:\/\/evreka.co\/tr\/blog\/neden-cevre-danismanligi-almalisiniz\/\"\n\t\t\t\t\t\t\tclass=\"primary-button\"\n\t\t\t\t\t\t\t\t\t\t\t\t\t\ttarget=\"_blank\"\n\t\t\t\t\t\t\t\t\t\t\t\t\t>\n\t\t\t\t\t\t\tDaha fazla bilgi al\u0131n\t\t\t\t\t\t<\/a>\n\t\t\t\t\t\t\t\t\t\t\t<\/li>\n\t\t\t\t<\/ul>\n\t\t\t<\/div>\n\t\t<\/div>\n\t\t\t\t<div class=\"side-by-side-description-item\">\n\n\t\t\t<figure>\n\t\t\t\t<img\n\t\t\t\t\tsrc=\"https:\/\/evreka.co\/wp-content\/uploads\/2022\/04\/12-simple-and-creative-scrap-wood-projects.jpg\"\n\t\t\t\t\t\t\t\t\t\talt=\"\"\n\t\t\t\t\/>\n\t\t\t<\/figure>\n\n\t\t\t<div class=\"side-by-side-description-item-list\">\n\t\t\t\t<ul>\n\t\t\t\t\t<li>\n\t\t\t\t\t\t<h3>\u00c7evre Dan\u0131\u015fmanl\u0131\u011f\u0131 ile d\u00f6n\u00fc\u015f\u00fcm \u00e7ok daha rahat<\/h3>\n\n\t\t\t\t\t\t<p>\u00c7evre dan\u0131\u015fmanl\u0131\u011f\u0131; \u00c7evre, \u015eehircilik ve \u0130klim De\u011fi\u015fikli\u011fi Bakanl\u0131\u011f\u0131n\u0131n verdi\u011fi yetkiyle i\u015fletmelerin faaliyetlerini analizler, yol haritalar\u0131 ve s\u00fcre\u00e7 takibiyle \u00c7evre Mevzuat\u0131na uygun hale getiren bir hizmet bi\u00e7imi. Bu sayede daha ye\u015fil ve d\u00f6ng\u00fcsel ekonomiye b\u00fct\u00fcnc\u00fcl olarak yakla\u015fan bir \u00fcretim \u015fekline sahip olacaks\u0131n\u0131z. Ye\u015fil ekonomi ve kurumsal s\u00fcrd\u00fcr\u00fclebilirlik \u00f6rnekleri i\u00e7in sekt\u00f6r\u00fcn\u00fczde \u00f6nc\u00fc olmak istiyorsan\u0131z, Evreka Materials\u2019\u0131n tecr\u00fcbe ve \u00e7evikli\u011fi bir arada sunan hizmetinden yararlan\u0131n!<\/p>\n\t\t\t\t\t\t\t\t\t\t\t\t<a\n\t\t\t\t\t\t\thref=\"#request-modal\"\n\t\t\t\t\t\t\tclass=\"primary-button open-modal\"\n\t\t\t\t\t\t\t\t\t\t\t\t\t>\n\t\t\t\t\t\t\tHemen bir uzman ile g\u00f6r\u00fc\u015f\u00fcn\t\t\t\t\t\t<\/a>\n\t\t\t\t\t\t\t\t\t\t\t<\/li>\n\t\t\t\t<\/ul>\n\t\t\t<\/div>\n\t\t<\/div>\n\t\t\t\t<div class=\"side-by-side-description-item\">\n\n\t\t\t<figure>\n\t\t\t\t<img\n\t\t\t\t\tsrc=\"https:\/\/evreka.co\/wp-content\/uploads\/2022\/04\/circular.png\"\n\t\t\t\t\t\t\t\t\t\talt=\"\"\n\t\t\t\t\/>\n\t\t\t<\/figure>\n\n\t\t\t<div class=\"side-by-side-description-item-list\">\n\t\t\t\t<ul>\n\t\t\t\t\t<li>\n\t\t\t\t\t\t<h3>Hepsi bir arada \u00e7\u00f6z\u00fcm i\u00e7in s\u00fcrd\u00fcr\u00fclebilirlik dan\u0131\u015fmanl\u0131\u011f\u0131<\/h3>\n\n\t\t\t\t\t\t<p>Uluslararas\u0131 \u00f6l\u00e7ekte belirlenen yeni S\u00fcrd\u00fcr\u00fclebilir Kalk\u0131nma Hedefleri\u2019ne ortak olmak istiyorsan\u0131z, en kolay \u00e7\u00f6z\u00fcm i\u015fin uzmanlar\u0131ndan s\u00fcrd\u00fcr\u00fclebilirlik dan\u0131\u015fmanl\u0131\u011f\u0131 hizmeti almak. B\u00f6ylece \u00fcr\u00fcnlerde, \u00fcretim tekniklerinde, payda\u015flarla ili\u015fkilerde ve \u015feffafl\u0131\u011fa dair b\u00fct\u00fcn ko\u015fullar\u0131 yerine kolayca getirmi\u015f olacaks\u0131n\u0131z. Bu ba\u011flamda alaca\u011f\u0131n\u0131z hizmetler organizasyondan raporlamaya kadar her alanda sizinle:<\/p><p>\u2022 Kurumsal S\u00fcrd\u00fcr\u00fclebilirlik Stratejisi ve hedeflerin tespiti<\/p><p>\u2022 E\u011fitim ve etkinlikler<\/p><p>\u2022 S\u00fcre\u00e7 takibi<\/p><p>\u2022 Payda\u015flarla h\u0131zl\u0131 ileti\u015fim kanallar\u0131n\u0131n olu\u015fturulmas\u0131<\/p><p>\u2022 Fizibilite raporlar\u0131 ve analizler<\/p><p>\u2022 S\u00fcrd\u00fcr\u00fclebilirlik Raporlamas\u0131<\/p><p>Bu sayede kendinizi verimli bir organizasyonel yap\u0131lanmayla bir d\u00fcnya \u015firketi olarak konumland\u0131r\u0131rken, ekonomik s\u00fcrd\u00fcr\u00fclebilirlik avantajlar\u0131ndan yararlanacak ve daha ya\u015fanabilir bir d\u00fcnyaya katk\u0131 sunmu\u015f olacaks\u0131n\u0131z.\u00a0<\/p>\n\t\t\t\t\t\t\t\t\t\t\t<\/li>\n\t\t\t\t<\/ul>\n\t\t\t<\/div>\n\t\t<\/div>\n\t\t\n\t<\/div>\n<\/section>\n\n\n<section class=\"quick-info-banner quick-info-banner-margin\" style=\"background-image: url(https:\/\/evreka.co\/wp-content\/uploads\/2022\/05\/picking-up-trash-and-removal-evreka-scaled.jpg)\">\n  <div class=\"container\">\n    <h6>\u00c7evre Dan\u0131\u015fmanl\u0131k Firmalar\u0131 Ne \u0130\u015f Yapar?<\/h6>\n    <p>S\u00fcrd\u00fcr\u00fclebilirlik E\u011fitimi ve \u00c7evre Dan\u0131\u015fmanl\u0131\u011f\u0131<\/p>\n\n        <div class=\"quick-info-banner-buttons\">\n            <a\n        href=\"#request-modal\"\n        class=\"primary-button open-modal\"\n              >\n        Hemen bir uzman ile g\u00f6r\u00fc\u015f\u00fcn      <\/a>\n      \n          <\/div>\n    \n  <\/div>\n<\/section>\n\n<section class=\"two-column-text two-column-text-padding\">\n\t<h2><\/h2>\n\t<div class=\"container text-col\"><p>\u2022 \u0130\u015fletmelere uygun bir \u00e7evre y\u00f6netim stratejisi belirler ve s\u00fcreklilik sa\u011flayacak bir sistem kurar.\u00a0<\/p><p>\u2022 \u0130klim krizine kar\u015f\u0131 al\u0131nan \u00f6nlemlere ve \u00e7evresel s\u00fcrd\u00fcr\u00fclebilirlik hedeflerine uygun d\u00f6n\u00fc\u015f\u00fcmleri sa\u011flar.\u00a0<\/p><p>\u2022 \u00c7evre y\u00f6netimi hizmetleri i\u00e7in yasal d\u00fczenlemelere uygun hareket etmeyi sa\u011flayarak s\u0131kl\u0131kla kontrol eder.<\/p><p>\u2022 \u0130lgili belgeleri alman\u0131z\u0131 sa\u011flar ve denetim d\u00f6nemlerinde haz\u0131r bulunarak yetkililerle s\u00fcreci y\u00fcr\u00fct\u00fcr.<\/p><p>\u2022 Uygunsuz durumlar meydana geldi\u011finde ayl\u0131k faaliyet raporuna kaydederek iyile\u015ftirme \u00f6nerileri getirir ve takibini yapar.<\/p><p>\u2022 Karbon ayak izi \u00f6l\u00e7\u00fcm\u00fc, at\u0131k y\u00f6netimi, \u00e7evresel kirlilik ya da g\u00fcvenlik d\u00fczenlemeleri gibi \u00e7e\u015fitli alanlarda size yol g\u00f6sterir.\u00a0<\/p><p>Siz de ye\u015fil ve d\u00f6ng\u00fcsel ekonomi ile S\u00fcrd\u00fcr\u00fclebilir Kalk\u0131nma Hedefleri\u2019ne uygun bir kurumsal kimlik kazanmak istiyorsan\u0131z, Evreka Materials ile bug\u00fcn ileti\u015fime ge\u00e7in!\u00a0<\/p>\t<\/div>\n<\/section>","protected":false},"excerpt":{"rendered":"","protected":false},"author":3,"featured_media":0,"parent":0,"menu_order":0,"comment_status":"closed","ping_status":"closed","template":"page-landing.php","meta":{"content-type":"","om_disable_all_campaigns":false,"inline_featured_image":false,"_monsterinsights_skip_tracking":false,"_monsterinsights_sitenote_active":false,"_monsterinsights_sitenote_note":"","_monsterinsights_sitenote_category":0,"footnotes":""},"class_list":["post-34781","page","type-page","status-publish","hentry"],"acf":[],"_links":{"self":[{"href":"https:\/\/evreka.co\/tr\/wp-json\/wp\/v2\/pages\/34781","targetHints":{"allow":["GET"]}}],"collection":[{"href":"https:\/\/evreka.co\/tr\/wp-json\/wp\/v2\/pages"}],"about":[{"href":"https:\/\/evreka.co\/tr\/wp-json\/wp\/v2\/types\/page"}],"author":[{"embeddable":true,"href":"https:\/\/evreka.co\/tr\/wp-json\/wp\/v2\/users\/3"}],"replies":[{"embeddable":true,"href":"https:\/\/evreka.co\/tr\/wp-json\/wp\/v2\/comments?post=34781"}],"version-history":[{"count":19,"href":"https:\/\/evreka.co\/tr\/wp-json\/wp\/v2\/pages\/34781\/revisions"}],"predecessor-version":[{"id":35412,"href":"https:\/\/evreka.co\/tr\/wp-json\/wp\/v2\/pages\/34781\/revisions\/35412"}],"wp:attachment":[{"href":"https:\/\/evreka.co\/tr\/wp-json\/wp\/v2\/media?parent=34781"}],"curies":[{"name":"wp","href":"https:\/\/api.w.org\/{rel}","templated":true}]}}