{"id":34634,"date":"2022-06-01T11:16:40","date_gmt":"2022-06-01T08:16:40","guid":{"rendered":"https:\/\/evreka.co\/?page_id=34634"},"modified":"2022-06-01T11:23:14","modified_gmt":"2022-06-01T08:23:14","slug":"evreka-materials","status":"publish","type":"page","link":"https:\/\/evreka.co\/tr\/evreka-materials\/","title":{"rendered":"Evreka Materials"},"content":{"rendered":"<section class=\"subpage-hero subpage-hero--landing subpage-hero--landing-secondary\">\n\t<div class=\"subpage-hero-info\">\n\t\t<div class=\"container\">\n\t\t\t<div class=\"subpage-hero-info-text\">\n        <h1 class=\"h1\">Evreka Materials<\/h1>\n        <p>\n          Sizi yepyeni \u015fubemiz Evreka Materials ile tan\u0131\u015ft\u0131rmaktan mutluluk duyar\u0131z. Geri d\u00f6n\u00fc\u015f\u00fcmden d\u00f6ng\u00fcsel ekonomiye kadar, her-\u015fey-dahil \u00e7\u00f6z\u00fcmlerimizle malzemelerinizi s\u00fcrd\u00fcr\u00fclebilir bir \u015fekilde y\u00f6netin.        <\/p>\n\n\t\t\t\t        <a\n\t\t\t\t\thref=\"#request-modal\"\n\t\t\t\t\tclass=\"primary-button open-modal\"\n\t\t\t\t\t\t\t\t\t>\n\t\t\t\t\tDemo talep et\t\t\t\t<\/a>\n\t\t\t\t      <\/div>\n\n\t\t\t<figure>\n\t\t\t\t<img\n\t\t\t\t\tsrc=\"https:\/\/evreka.co\/wp-content\/uploads\/2022\/05\/Evreka-materials-hero.png\"\n\t\t\t\t\t\t\t\t\t\tsrcset=\"https:\/\/evreka.co\/wp-content\/uploads\/2022\/05\/Evreka-materials-hero.png 1x, https:\/\/evreka.co\/wp-content\/uploads\/2022\/05\/Evreka-materials-hero-2.png 2x\"\n\t\t\t\t\t\t\t\t\t\talt=\"\"\n\t\t\t\t\/>\n      <\/figure>\n\t\t<\/div>\n  <\/div>\n<\/section>\n\n<div id=\"request-modal\" class=\"modal-wrap request-demo-modal mfp-hide\">\t\n    <iframe\n      id=\"JotFormIFrame-212372908719967\"\n      title=\"Demo Request Form\"\n      allowtransparency=\"true\"\n      allowfullscreen=\"true\"\n      allow=\"geolocation; microphone; camera\"\n      src=\"https:\/\/form.jotform.com\/212372908719967\"\n      frameborder=\"0\"\n      style=\"\n      min-width: 100%;\n      height:539px;\n      border:none;\"\n      scrolling=\"no\"\n    >\n    <\/iframe>\n    <script type=\"text\/javascript\">\n      var ifr = document.getElementById(\"JotFormIFrame-212372908719967\");\n      if (ifr) {\n        var src = ifr.src;\n        var iframeParams = [];\n        if (window.location.href && window.location.href.indexOf(\"?\") > -1) {\n          iframeParams = iframeParams.concat(window.location.href.substr(window.location.href.indexOf(\"?\") + 1).split('&'));\n        }\n        if (src && src.indexOf(\"?\") > -1) {\n          iframeParams = iframeParams.concat(src.substr(src.indexOf(\"?\") + 1).split(\"&\"));\n          src = src.substr(0, src.indexOf(\"?\"))\n        }\n        iframeParams.push(\"isIframeEmbed=1\");\n        ifr.src = src + \"?\" + iframeParams.join('&');\n      }\n      window.handleIFrameMessage = function(e) {\n        if (typeof e.data === 'object') { return; }\n        var args = e.data.split(\":\");\n        if (args.length > 2) { iframe = document.getElementById(\"JotFormIFrame-\" + args[(args.length - 1)]); } else { iframe = document.getElementById(\"JotFormIFrame\"); }\n        if (!iframe) { return; }\n        switch (args[0]) {\n          case \"scrollIntoView\":\n            iframe.scrollIntoView();\n            break;\n          case \"setHeight\":\n            iframe.style.height = args[1] + \"px\";\n            break;\n          case \"collapseErrorPage\":\n            if (iframe.clientHeight > window.innerHeight) {\n              iframe.style.height = window.innerHeight + \"px\";\n            }\n            break;\n          case \"reloadPage\":\n            window.location.reload();\n            break;\n          case \"loadScript\":\n            if( !window.isPermitted(e.origin, ['jotform.com', 'jotform.pro']) ) { break; }\n            var src = args[1];\n            if (args.length > 3) {\n                src = args[1] + ':' + args[2];\n            }\n            var script = document.createElement('script');\n            script.src = src;\n            script.type = 'text\/javascript';\n            document.body.appendChild(script);\n            break;\n          case \"exitFullscreen\":\n            if      (window.document.exitFullscreen)        window.document.exitFullscreen();\n            else if (window.document.mozCancelFullScreen)   window.document.mozCancelFullScreen();\n            else if (window.document.mozCancelFullscreen)   window.document.mozCancelFullScreen();\n            else if (window.document.webkitExitFullscreen)  window.document.webkitExitFullscreen();\n            else if (window.document.msExitFullscreen)      window.document.msExitFullscreen();\n            break;\n        }\n        var isJotForm = (e.origin.indexOf(\"jotform\") > -1) ? true : false;\n        if(isJotForm && \"contentWindow\" in iframe && \"postMessage\" in iframe.contentWindow) {\n          var urls = {\"docurl\":encodeURIComponent(document.URL),\"referrer\":encodeURIComponent(document.referrer)};\n          iframe.contentWindow.postMessage(JSON.stringify({\"type\":\"urls\",\"value\":urls}), \"*\");\n        }\n      };\n      window.isPermitted = function(originUrl, whitelisted_domains) {\n        var url = document.createElement('a');\n        url.href = originUrl;\n        var hostname = url.hostname;\n        var result = false;\n        if( typeof hostname !== 'undefined' ) {\n          whitelisted_domains.forEach(function(element) {\n              if( hostname.slice((-1 * element.length - 1)) === '.'.concat(element) ||  hostname === element ) {\n                  result = true;\n              }\n          });\n          return result;\n        }\n      };\n      if (window.addEventListener) {\n        window.addEventListener(\"message\", handleIFrameMessage, false);\n      } else if (window.attachEvent) {\n        window.attachEvent(\"onmessage\", handleIFrameMessage);\n      }\n      <\/script>\t\n<\/div>\n\n\n<section class=\"one-column-text\">\t\n\t<div class=\"container one-column-text-container\">\t\t\n\t\t\t\t<h2 class=\"section-title\">    <\/h2>\t\t\t\t\t\t\t\t\t\t\t\t\t\t\n\t<\/div>\n<\/section>\n\n<section class=\"one-column-text\">\t\n\t<div class=\"container one-column-text-container\">\t\t\n\t\t\t\t<h2 class=\"section-title\">Evreka Materials ile s\u00fcrd\u00fcr\u00fclebilir \u00e7evre y\u00f6netimi<\/h2>\t\t\t\n\t\t\t\t\t\t\t\n\t\t\t<p class=\"one-column-text-text-area\">Sekt\u00f6r\u00fcn en iyisi olma hedefiyle yola \u00e7\u0131kan Evreka Materials, \u00e7evre ve at\u0131k y\u00f6netimi konusunda deneyimli oldu\u011fu kadar dinamik bir kadroyla hizmet veriyor. Ekip; s\u0131f\u0131r at\u0131k uygulamalar\u0131 ve \u00e7evre y\u00f6netim sistemleri ba\u015fta olmak \u00fczere pek \u00e7ok alanda s\u00fcrd\u00fcr\u00fclebilir \u00e7\u00f6z\u00fcmler geli\u015ftiriyor. Global yakla\u015f\u0131mlar\u0131 yak\u0131ndan takip ederek T\u00fcrkiye\u2019de de iyi uygulamalar yaratmay\u0131 tasarlayan ekip; kurumlar i\u00e7in s\u00fcrd\u00fcr\u00fclebilir kalk\u0131nma, dijitalle\u015fme ve etkin bir takip sistemi vadediyor.\n<br><\/br>\nD\u00f6ng\u00fcsel ekonomi modelini b\u00fct\u00fcnc\u00fcl bir bak\u0131\u015f a\u00e7\u0131s\u0131yla ele alan ekip, \u015feffaf ve m\u00fc\u015fteri odakl\u0131 \u00e7al\u0131\u015farak k\u00f6kl\u00fc de\u011fi\u015fimlere h\u0131zla adapte olman\u0131z\u0131 sa\u011fl\u0131yor. B\u00f6ylece, hem operasyonlar\u0131n tam kontrol\u00fc ile rekabet g\u00fcc\u00fcn\u00fcz\u00fc art\u0131r\u0131yor hem de t\u00fcm payda\u015flar aras\u0131nda h\u0131zl\u0131 bir ileti\u015fim kuruluyor. Daha verimli operasyonlar\u0131 sa\u011flaman\u0131n yan\u0131 s\u0131ra, e\u011fitim ve dan\u0131\u015fmanl\u0131k hizmetleri de yeni \u00e7a\u011fa uygun bir kurumsal kimlik kazand\u0131r\u0131yor.\n<\/p>\t\t\t\n\t\t\t\t\t\t\t\t\t\t\t\t\t\t\t\n\t<\/div>\n<\/section>\n\n<section class=\"side-by-side-video\">\n  <div class=\"container\">\n\n        <div class=\"video-content\">\n      <div class=\"video-content-video\">\n        <iframe loading=\"lazy\" width=\"560\" height=\"315\" src=\"https:\/\/www.youtube.com\/embed\/y0SLuTiIgqE\" title=\"YouTube video player\" frameborder=\"0\" allow=\"accelerometer; autoplay; clipboard-write; encrypted-media; gyroscope; picture-in-picture\" allowfullscreen><\/iframe>      <\/div>\n      <div class=\"video-content-content\">\n        <h4 class=\"h2\">T\u00fcrkiye&#8217;de ve D\u00fcnya&#8217;da S\u00fcrd\u00fcr\u00fclebilirlik Yolculu\u011fu<\/h4>\n        <p>D\u00f6ng\u00fcsel sohbetler podcastinin ilk b\u00f6l\u00fcm\u00fcnde Evreka Kurucu Orta\u011f\u0131 ve CEO\u2019su Umutcan Duman ve Evreka Materials Genel M\u00fcd\u00fcr\u00fc Cem Ferda Tuncer ile T\u00fcrkiye\u2019de ve D\u00fcnya\u2019da s\u00fcrd\u00fcr\u00fclebilirlik yolcu\u011fu konusunda keyifli bir sohbet sizlerle.<\/p>      <\/div>\n    <\/div>\n    \n  <\/div>\n<\/section>\n\n<section class=\"side-by-side-description side-by-side-description--landing\">\n\t<div class=\"container\">\n\n\t\t\n\t\t\t\t<div class=\"side-by-side-description-item\">\n\n\t\t\t<figure>\n\t\t\t\t<img\n\t\t\t\t\tsrc=\"https:\/\/evreka.co\/wp-content\/uploads\/2022\/03\/plastic-recycling-1x.png\"\n\t\t\t\t\t\t\t\t\t\tsrcset=\"https:\/\/evreka.co\/wp-content\/uploads\/2022\/03\/plastic-recycling-1x.png 1x, https:\/\/evreka.co\/wp-content\/uploads\/2022\/03\/plastic-recycling-2x.png 2x\"\n\t\t\t\t\t\t\t\t\t\talt=\"\"\n\t\t\t\t\/>\n\t\t\t<\/figure>\n\n\t\t\t<div class=\"side-by-side-description-item-list\">\n\t\t\t\t<ul>\n\t\t\t\t\t<li>\n\t\t\t\t\t\t<h3>\u00c7evre Dan\u0131\u015fmanl\u0131\u011f\u0131<\/h3>\n\n\t\t\t\t\t\t<p>\u00c7evre dan\u0131\u015fmanl\u0131\u011f\u0131n\u0131 k\u0131saca \u00c7evre, \u015eehircilik ve \u0130klim De\u011fi\u015fikli\u011fi Bakanl\u0131\u011f\u0131n\u0131n verdi\u011fi yetkiyle i\u015fletmelerin faaliyetlerini \u00e7e\u015fitli analizler do\u011frultusunda \u00c7evre Mevzuat\u0131na uygun hale getiren bir hizmet bi\u00e7imi olarak tan\u0131mlayabiliriz. Evreka Materials, tecr\u00fcbeli ekibiyle kamu ve \u00f6zel sekt\u00f6rdeki i\u015fletmeleri \u00e7evre ve iklim krizi \u00f6nlemlerine uyacak \u015fekilde analiz ediyor ve gerekli d\u00f6n\u00fc\u015f\u00fcmleri sa\u011fl\u0131yor. Bu ba\u011flamda; g\u00fcvenlik d\u00fczenlemeleri, s\u00fcrd\u00fcr\u00fclebilirlik, karbon emisyonu, at\u0131k y\u00f6netimi ve kirlilik gibi alanlarda \u00e7evre y\u00f6netim stratejisi kurmay\u0131 kolayla\u015ft\u0131r\u0131yor. Ayr\u0131ca, ekip:<\/p><p>\u2022 \u00c7evre y\u00f6netimi hizmetlerini yasal d\u00fczenlemelere g\u00f6re y\u00fcr\u00fctmenizi sa\u011fl\u0131yor ve kontrol ediyor.<\/p><p>\u2022 Uygunsuz durumlar\u0131 tespit ederek ayl\u0131k faaliyet raporuna ge\u00e7iriyor ve iyile\u015ftirilmesi y\u00f6n\u00fcnde \u00f6neriler yaparak durumu takip ediyor.<\/p><p>\u2022 \u0130lgili belgelerin al\u0131nmas\u0131 s\u00fcrecini y\u00fcr\u00fct\u00fcyor ve denetim d\u00f6nemlerinde i\u015fletmede haz\u0131r bulanarak istenen bilgi ve belgeleri sa\u011fl\u0131yor.<\/p>\n\t\t\t\t\t\t\t\t\t\t\t<\/li>\n\t\t\t\t<\/ul>\n\t\t\t<\/div>\n\t\t<\/div>\n\t\t\t\t<div class=\"side-by-side-description-item\">\n\n\t\t\t<figure>\n\t\t\t\t<img\n\t\t\t\t\tsrc=\"https:\/\/evreka.co\/wp-content\/uploads\/2021\/01\/Rectangle-2299-34.png\"\n\t\t\t\t\t\t\t\t\t\tsrcset=\"https:\/\/evreka.co\/wp-content\/uploads\/2021\/01\/Rectangle-2299-34.png 1x, https:\/\/evreka.co\/wp-content\/uploads\/2021\/01\/Rectangle-2299@2x-34.png 2x\"\n\t\t\t\t\t\t\t\t\t\talt=\"\"\n\t\t\t\t\/>\n\t\t\t<\/figure>\n\n\t\t\t<div class=\"side-by-side-description-item-list\">\n\t\t\t\t<ul>\n\t\t\t\t\t<li>\n\t\t\t\t\t\t<h3>At\u0131k Y\u00f6netimi Dan\u0131\u015fmanl\u0131\u011f\u0131<\/h3>\n\n\t\t\t\t\t\t<p>Evreka Materials, d\u00f6ng\u00fcsel ekonomiye uyum sa\u011flayan bir entegre at\u0131k y\u00f6netimi plan\u0131 yarat\u0131yor. Dijital, u\u00e7tan uca kontrol edilebilen ve ger\u00e7ek zamanl\u0131 verilere dayanan bir at\u0131k y\u00f6netimi plan\u0131 hayal de\u011fil! \u00c7evre sa\u011fl\u0131\u011f\u0131 ve at\u0131k y\u00f6netimi ili\u015fkisini g\u00f6z \u00f6n\u00fcne alarak haz\u0131rlanan \u00e7evre mevzuat\u0131 ve at\u0131k y\u00f6netimi e\u011fitimi de \u00f6zellikle s\u0131f\u0131r at\u0131k y\u00f6netim sistemine ge\u00e7i\u015fte i\u015fletmenize b\u00fcy\u00fck avantajlar kazand\u0131r\u0131yor. At\u0131k olu\u015fumunun m\u00fcmk\u00fcn oldu\u011funca \u00f6nlenmesini, olu\u015fan at\u0131\u011f\u0131n da geri d\u00f6n\u00fc\u015f\u00fcme ve en y\u00fcksek kalitede tekrar kullan\u0131m\u0131na \u00f6ncelik veren bu planlar ile global rekabette yerinizi alabilirsiniz.\u00a0<\/p>\n\t\t\t\t\t\t\t\t\t\t\t<\/li>\n\t\t\t\t<\/ul>\n\t\t\t<\/div>\n\t\t<\/div>\n\t\t\t\t<div class=\"side-by-side-description-item\">\n\n\t\t\t<figure>\n\t\t\t\t<img\n\t\t\t\t\tsrc=\"https:\/\/evreka.co\/wp-content\/uploads\/2020\/12\/Rectangle-2299-3.png\"\n\t\t\t\t\t\t\t\t\t\tsrcset=\"https:\/\/evreka.co\/wp-content\/uploads\/2020\/12\/Rectangle-2299-3.png 1x, https:\/\/evreka.co\/wp-content\/uploads\/2020\/12\/Rectangle-2299@2x-4.png 2x\"\n\t\t\t\t\t\t\t\t\t\talt=\"\"\n\t\t\t\t\/>\n\t\t\t<\/figure>\n\n\t\t\t<div class=\"side-by-side-description-item-list\">\n\t\t\t\t<ul>\n\t\t\t\t\t<li>\n\t\t\t\t\t\t<h3>\u00dcr\u00fcn S\u00fcrd\u00fcr\u00fclebilirli\u011fi<\/h3>\n\n\t\t\t\t\t\t<p>\u0130htiya\u00e7lar\u0131m\u0131z\u0131 kar\u015f\u0131larken gezegeni ve gelecek nesilleri de g\u00f6z \u00f6n\u00fcne almal\u0131y\u0131z. \u00dcr\u00fcn s\u00fcrd\u00fcr\u00fclebilirli\u011fi de o \u00fcr\u00fcn\u00fcn \u00e7evreye, \u00fcretenlere, ta\u015f\u0131yanlara, satan ve sat\u0131n alan insanlara olan etkisini \u00f6l\u00e7\u00fcyor. En \u00f6nemli \u00e7\u0131kt\u0131lar\u0131 da her detay\u0131 \u015feffaf bir bi\u00e7imde g\u00f6stermek ve payla\u015fmak. Bu s\u00fcre\u00e7teki temel hizmetler:<\/p><p><strong>Eko-Etiket (EPD): <\/strong>Bu uluslararas\u0131 etiket, \u00fcr\u00fcn veya hizmetin ya\u015fam d\u00f6ng\u00fcs\u00fc boyunca yaratt\u0131\u011f\u0131 \u00e7evresel etkilerini g\u00f6steriyor.\u00a0<\/p><p><strong>Ya\u015fam D\u00f6ng\u00fcs\u00fc (LCA): <\/strong>\u00dcr\u00fcn ya da hizmetin ham madde edinimi, \u00fcretim, kullan\u0131m, nakliye ve bertarafa kadar t\u00fcm s\u00fcre\u00e7teki \u00e7evresel etkileri \u00f6l\u00e7\u00fcl\u00fcyor ve raporlan\u0131yor.<\/p><p><strong>\u00dcr\u00fcn Karbon Ayak \u0130zi: <\/strong>\u00dcr\u00fcn veya hizmetin ya\u015fam d\u00f6ng\u00fcs\u00fcndeki sera gaz\u0131 emisyonlar\u0131 \u00f6l\u00e7\u00fcl\u00fcyor ve en az kaynak t\u00fcketeni g\u00f6rmenizi sa\u011fl\u0131yor.<\/p>\n\t\t\t\t\t\t\t\t\t\t\t<\/li>\n\t\t\t\t<\/ul>\n\t\t\t<\/div>\n\t\t<\/div>\n\t\t\t\t<div class=\"side-by-side-description-item\">\n\n\t\t\t<figure>\n\t\t\t\t<img\n\t\t\t\t\tsrc=\"https:\/\/evreka.co\/wp-content\/uploads\/2020\/12\/Rectangle-2299-8.png\"\n\t\t\t\t\t\t\t\t\t\tsrcset=\"https:\/\/evreka.co\/wp-content\/uploads\/2020\/12\/Rectangle-2299-8.png 1x, https:\/\/evreka.co\/wp-content\/uploads\/2020\/12\/Rectangle-2299@2x-8.png 2x\"\n\t\t\t\t\t\t\t\t\t\talt=\"\"\n\t\t\t\t\/>\n\t\t\t<\/figure>\n\n\t\t\t<div class=\"side-by-side-description-item-list\">\n\t\t\t\t<ul>\n\t\t\t\t\t<li>\n\t\t\t\t\t\t<h3>Kurumsal S\u00fcrd\u00fcr\u00fclebilirlik<\/h3>\n\n\t\t\t\t\t\t<p>Kurumsal i\u015fletmeler ve s\u00fcrd\u00fcr\u00fclebilirlik ili\u015fkisi, global rekabette konumlanabilmenin en \u00f6nemli par\u00e7as\u0131. Kurumlar yaln\u0131zca \u00fcretim y\u00f6ntemlerini de\u011fil, vizyonlar\u0131n\u0131 ve payda\u015flar\u0131yla ili\u015fkilerini de s\u00fcrd\u00fcr\u00fclebilirlik \u00e7er\u00e7evesinde kurmal\u0131. S\u00fcrd\u00fcr\u00fclebilirli\u011fin \u00fc\u00e7 aya\u011f\u0131 olan ekonomik, sosyal ve \u00e7evresel yakla\u015f\u0131mlar\u0131 birle\u015ftirecek kurumsal hedefler sayesinde siz de yeni ko\u015fullara kolayca adapte olabilirsiniz. Evreka Materials ekibinin sundu\u011fu:<\/p><p>\u2022 Kurumsal S\u00fcrd\u00fcr\u00fclebilirlik Stratejisi<\/p><p>\u2022 Karbon Ayak \u0130zi \u00d6l\u00e7\u00fcm\u00fc<\/p><p>\u2022 Kurumsal S\u00fcrd\u00fcr\u00fclebilirlik Dan\u0131\u015fmanl\u0131\u011f\u0131<\/p><p>\u2022 Fizibilite Raporu<\/p><p>\u2022 Kurumsal S\u00fcrd\u00fcr\u00fclebilirlik Raporu<\/p><p>\u2022 S\u00fcrd\u00fcr\u00fclebilirlik Raporlamas\u0131 hizmetleri ile bu sanc\u0131l\u0131 s\u00fcreci en rahat \u015fekilde atlatacaks\u0131n\u0131z.<\/p>\n\t\t\t\t\t\t\t\t\t\t\t<\/li>\n\t\t\t\t<\/ul>\n\t\t\t<\/div>\n\t\t<\/div>\n\t\t\t\t<div class=\"side-by-side-description-item\">\n\n\t\t\t<figure>\n\t\t\t\t<img\n\t\t\t\t\tsrc=\"https:\/\/evreka.co\/wp-content\/uploads\/2022\/04\/garbage-billing-software-1.png\"\n\t\t\t\t\t\t\t\t\t\tsrcset=\"https:\/\/evreka.co\/wp-content\/uploads\/2022\/04\/garbage-billing-software-1.png 1x, https:\/\/evreka.co\/wp-content\/uploads\/2022\/04\/garbage-billing-software-2.png 2x\"\n\t\t\t\t\t\t\t\t\t\talt=\"\"\n\t\t\t\t\/>\n\t\t\t<\/figure>\n\n\t\t\t<div class=\"side-by-side-description-item-list\">\n\t\t\t\t<ul>\n\t\t\t\t\t<li>\n\t\t\t\t\t\t<h3>Sosyal Sorumluluk<\/h3>\n\n\t\t\t\t\t\t<p>Evreka Materials, daha iyi bir d\u00fcnya i\u00e7in \u00e7al\u0131\u015fma vizyonunuzu kurumsal sosyal sorumluluk projeleri ile de destekliyor. B\u00f6ylece hem toplumsal fark\u0131ndal\u0131k hem de itibar\u0131n\u0131z art\u0131yor. Buradaki en \u00f6nemli nokta, titizlikle kurgulanan bir kurumsal sosyal sorumluluk politikas\u0131. \u00d6zellikle de s\u00fcrd\u00fcr\u00fclebilirlik ve \u00e7evre sorunlar\u0131 ile ilgili sosyal sorumluluk projeleri, \u201cgreenwashing\u201d gibi alg\u0131land\u0131\u011f\u0131 zaman firmalar i\u00e7in b\u00fcy\u00fck bir kay\u0131p yaratabilir. Duyarl\u0131l\u0131\u011f\u0131n\u0131z\u0131 do\u011fru bir \u015fekilde g\u00f6sterecek s\u00fcrd\u00fcr\u00fclebilir sosyal sorumluluk projeleri i\u00e7in dan\u0131\u015fmanl\u0131k hizmetimizden yararlan\u0131n.<\/p>\n\t\t\t\t\t\t\t\t\t\t\t<\/li>\n\t\t\t\t<\/ul>\n\t\t\t<\/div>\n\t\t<\/div>\n\t\t\t\t<div class=\"side-by-side-description-item\">\n\n\t\t\t<figure>\n\t\t\t\t<img\n\t\t\t\t\tsrc=\"https:\/\/evreka.co\/wp-content\/uploads\/2020\/12\/Rectangle-2299-1.png\"\n\t\t\t\t\t\t\t\t\t\tsrcset=\"https:\/\/evreka.co\/wp-content\/uploads\/2020\/12\/Rectangle-2299-1.png 1x, https:\/\/evreka.co\/wp-content\/uploads\/2020\/12\/Rectangle-2299@2x-2.png 2x\"\n\t\t\t\t\t\t\t\t\t\talt=\"\"\n\t\t\t\t\/>\n\t\t\t<\/figure>\n\n\t\t\t<div class=\"side-by-side-description-item-list\">\n\t\t\t\t<ul>\n\t\t\t\t\t<li>\n\t\t\t\t\t\t<h3>Marka Y\u00f6netimi<\/h3>\n\n\t\t\t\t\t\t<p>Hedef kitleniz taraf\u0131ndan nas\u0131l alg\u0131lanmak istiyorsunuz? Ba\u015far\u0131l\u0131 olmak i\u00e7in sadece i\u015finizi yapmak yetmez. Organizasyonunuzu do\u011fru konumland\u0131rmal\u0131 ve bir marka yaratmal\u0131s\u0131n\u0131z. Marka olmak da t\u0131pk\u0131 teknik taraf gibi do\u011fru analiz, planlama ve strateji gerektiren bir s\u00fcre\u00e7. Pazarda y\u00fckselen bir oyuncu olmak istiyorsan\u0131z, marka y\u00f6netimini ciddiye almal\u0131s\u0131n\u0131z. Evreka Materials, size bu konuda da dan\u0131\u015fmanl\u0131k vermeye haz\u0131r.<\/p>\n\t\t\t\t\t\t\t\t\t\t\t<\/li>\n\t\t\t\t<\/ul>\n\t\t\t<\/div>\n\t\t<\/div>\n\t\t\t\t<div class=\"side-by-side-description-item\">\n\n\t\t\t<figure>\n\t\t\t\t<img\n\t\t\t\t\tsrc=\"https:\/\/evreka.co\/wp-content\/uploads\/2020\/12\/Rectangle-2299-14.png\"\n\t\t\t\t\t\t\t\t\t\tsrcset=\"https:\/\/evreka.co\/wp-content\/uploads\/2020\/12\/Rectangle-2299-14.png 1x, https:\/\/evreka.co\/wp-content\/uploads\/2020\/12\/Rectangle-2299@2x-14.png 2x\"\n\t\t\t\t\t\t\t\t\t\talt=\"\"\n\t\t\t\t\/>\n\t\t\t<\/figure>\n\n\t\t\t<div class=\"side-by-side-description-item-list\">\n\t\t\t\t<ul>\n\t\t\t\t\t<li>\n\t\t\t\t\t\t<h3>Akademik ve Teknik Raporlar<\/h3>\n\n\t\t\t\t\t\t<p>Mevzuatlara uymak ve s\u00fcrd\u00fcr\u00fclebilir stratejiler geli\u015ftirmek i\u00e7in pek \u00e7ok ba\u015fka payda\u015f\u0131 da bir araya getirmeniz gerekiyor. \u00d6rne\u011fin, At\u0131k Y\u00f6netimi Y\u00f6netmeli\u011fi gere\u011fince akademik raporlar haz\u0131rlamal\u0131s\u0131n\u0131z. Evreka Materials bu ba\u011flant\u0131lar\u0131 da kurmaya haz\u0131r.\u00a0<\/p><p>\u2022 \u00dcniversiteler ile ileti\u015fim<\/p><p>\u2022 Belge temini<\/p><p>\u2022 Do\u011fru bilgi ve kaynak ak\u0131\u015f\u0131<\/p><p>\u2022 Saha ekibinin organizasyonu gibi pek \u00e7ok konuda size destek olarak b\u00fcrokratik s\u00fcre\u00e7leri do\u011fru bir \u015fekilde tamamlaman\u0131z\u0131 garanti ediyoruz.<\/p>\n\t\t\t\t\t\t\t\t\t\t\t<\/li>\n\t\t\t\t<\/ul>\n\t\t\t<\/div>\n\t\t<\/div>\n\t\t\t\t<div class=\"side-by-side-description-item\">\n\n\t\t\t<figure>\n\t\t\t\t<img\n\t\t\t\t\tsrc=\"https:\/\/evreka.co\/wp-content\/uploads\/2021\/01\/Rectangle-2299-38.png\"\n\t\t\t\t\t\t\t\t\t\tsrcset=\"https:\/\/evreka.co\/wp-content\/uploads\/2021\/01\/Rectangle-2299-38.png 1x, https:\/\/evreka.co\/wp-content\/uploads\/2021\/01\/Rectangle-2299@2x-37.png 2x\"\n\t\t\t\t\t\t\t\t\t\talt=\"\"\n\t\t\t\t\/>\n\t\t\t<\/figure>\n\n\t\t\t<div class=\"side-by-side-description-item-list\">\n\t\t\t\t<ul>\n\t\t\t\t\t<li>\n\t\t\t\t\t\t<h3>Finansal Dan\u0131\u015fmanl\u0131k<\/h3>\n\n\t\t\t\t\t\t<p>Evreka Materials ekibi t\u00fcm sekt\u00f6rel birikimi ve operasyonel bilgisi ile kazanc\u0131n\u0131z\u0131 de\u011ferlendirme ve mali gelece\u011finizi planlama yolunda size destek vermeye haz\u0131r. Finansal dan\u0131\u015fmanl\u0131k hizmetleri kapsam\u0131nda:\u00a0<\/p><p>\u2022 Kurumsal finansman ihtiya\u00e7lar\u0131n\u0131 belirliyor<\/p><p>\u2022 Finansman \u00e7\u00f6z\u00fcmleri buluyor<\/p><p>\u2022 Raporlar ve mali tablolar olu\u015fturuyor<\/p><p>\u2022 En etkili bi\u00e7imde uyguluyor ve t\u00fcm s\u00fcre\u00e7te destek veriyoruz.\u00a0<\/p>\n\t\t\t\t\t\t\t\t\t\t\t<\/li>\n\t\t\t\t<\/ul>\n\t\t\t<\/div>\n\t\t<\/div>\n\t\t\t\t<div class=\"side-by-side-description-item\">\n\n\t\t\t<figure>\n\t\t\t\t<img\n\t\t\t\t\tsrc=\"https:\/\/evreka.co\/wp-content\/uploads\/2021\/01\/Rectangle-2299-28.png\"\n\t\t\t\t\t\t\t\t\t\tsrcset=\"https:\/\/evreka.co\/wp-content\/uploads\/2021\/01\/Rectangle-2299-28.png 1x, https:\/\/evreka.co\/wp-content\/uploads\/2021\/01\/Rectangle-2299@2x-28.png 2x\"\n\t\t\t\t\t\t\t\t\t\talt=\"\"\n\t\t\t\t\/>\n\t\t\t<\/figure>\n\n\t\t\t<div class=\"side-by-side-description-item-list\">\n\t\t\t\t<ul>\n\t\t\t\t\t<li>\n\t\t\t\t\t\t<h3>Ar-Ge \u00c7al\u0131\u015fmalar\u0131<\/h3>\n\n\t\t\t\t\t\t<p>Y\u0131rt\u0131c\u0131 rekabet, azalan kar ve de\u011fi\u015fen dengeler nedeniyle firmalar\u0131n ayn\u0131 \u00fcr\u00fcn yelpazesi ile yola devam etmeleri m\u00fcmk\u00fcn de\u011fil. Ar-Ge ise yenilik\u00e7i, maliyeti d\u00fc\u015f\u00fck ama kalitesi y\u00fcksek \u00fcr\u00fcnler elde etmek i\u00e7in en etkili yol. Ar-Ge \u00e7al\u0131\u015fmalar\u0131; vizyonunuzu g\u00f6steren, pazar \u015fartlar\u0131n\u0131 \u00f6ng\u00f6rmenizi ve kimi zaman y\u00f6n vermenizi sa\u011flayan bir yat\u0131r\u0131m bi\u00e7imi. Evreka Materials; Ar-Ge \u00e7al\u0131\u015fmalar\u0131nda stratejik ortaklar\u0131n \u00f6nemini biliyor ve faaliyetleriniz i\u00e7in te\u015fvik alman\u0131z konusunda destek oluyor. T\u00fcm destek se\u00e7enekleri aras\u0131nda en uygununu se\u00e7iyor ve:<\/p><p>\u2022 Analiz raporu<\/p><p>\u2022 Ar-Ge stratejisi<\/p><p>\u2022 Ar-Ge hedefleri ve \u00f6l\u00e7\u00fcm y\u00f6ntemlerinin belirlenmesi<\/p><p>\u2022 Ar-Ge tasar\u0131m\u0131 gibi ad\u0131mlarda uzman kadromuzun rehberli\u011finde ilerliyorsunuz.<\/p>\n\t\t\t\t\t\t\t\t\t\t\t<\/li>\n\t\t\t\t<\/ul>\n\t\t\t<\/div>\n\t\t<\/div>\n\t\t\n\t<\/div>\n<\/section>\n","protected":false},"excerpt":{"rendered":"","protected":false},"author":10,"featured_media":0,"parent":0,"menu_order":0,"comment_status":"closed","ping_status":"closed","template":"page-landing.php","meta":{"content-type":"","om_disable_all_campaigns":false,"inline_featured_image":false,"_monsterinsights_skip_tracking":false,"_monsterinsights_sitenote_active":false,"_monsterinsights_sitenote_note":"","_monsterinsights_sitenote_category":0,"footnotes":""},"class_list":["post-34634","page","type-page","status-publish","hentry"],"acf":[],"_links":{"self":[{"href":"https:\/\/evreka.co\/tr\/wp-json\/wp\/v2\/pages\/34634","targetHints":{"allow":["GET"]}}],"collection":[{"href":"https:\/\/evreka.co\/tr\/wp-json\/wp\/v2\/pages"}],"about":[{"href":"https:\/\/evreka.co\/tr\/wp-json\/wp\/v2\/types\/page"}],"author":[{"embeddable":true,"href":"https:\/\/evreka.co\/tr\/wp-json\/wp\/v2\/users\/10"}],"replies":[{"embeddable":true,"href":"https:\/\/evreka.co\/tr\/wp-json\/wp\/v2\/comments?post=34634"}],"version-history":[{"count":13,"href":"https:\/\/evreka.co\/tr\/wp-json\/wp\/v2\/pages\/34634\/revisions"}],"predecessor-version":[{"id":35877,"href":"https:\/\/evreka.co\/tr\/wp-json\/wp\/v2\/pages\/34634\/revisions\/35877"}],"wp:attachment":[{"href":"https:\/\/evreka.co\/tr\/wp-json\/wp\/v2\/media?parent=34634"}],"curies":[{"name":"wp","href":"https:\/\/api.w.org\/{rel}","templated":true}]}}