{"id":34063,"date":"2022-05-17T10:32:11","date_gmt":"2022-05-17T07:32:11","guid":{"rendered":"https:\/\/evreka.co\/?page_id=34063"},"modified":"2022-10-12T13:24:43","modified_gmt":"2022-10-12T10:24:43","slug":"akilli-atik-yonetimi","status":"publish","type":"page","link":"https:\/\/evreka.co\/tr\/akilli-atik-yonetimi\/","title":{"rendered":"Ak\u0131ll\u0131 At\u0131k Y\u00f6netimi"},"content":{"rendered":"<section class=\"subpage-hero subpage-hero--landing subpage-hero--landing-secondary\">\n\t<div class=\"subpage-hero-info\">\n\t\t<div class=\"container\">\n\t\t\t<div class=\"subpage-hero-info-text\">\n        <h1 class=\"h1\">S\u0131f\u0131r At\u0131k Hedefleri i\u00e7in <span> <font size=\u201c7\u201d>Ak\u0131ll\u0131 At\u0131k Y\u00f6netim<\/font><\/span>Sistemi<\/h1>\n        <p>\n          S\u00fcrd\u00fcr\u00fclebilir bir gelecek ve s\u0131f\u0131r at\u0131k hedefleri i\u00e7in dijital at\u0131k y\u00f6netimi \u00e7\u00f6z\u00fcmlerinden yararlan\u0131n. Evreka ak\u0131ll\u0131 at\u0131k y\u00f6netim sistemi ile operasyonel m\u00fckemmelli\u011fin keyfini \u00e7\u0131kar\u0131n!        <\/p>\n\n\t\t\t\t        <a\n\t\t\t\t\thref=\"https:\/\/evreka.co\/tr\/demo-talebi\/\"\n\t\t\t\t\tclass=\"primary-button\"\n\t\t\t\t\t\t\t\t\t\ttarget=\"_blank\"\n\t\t\t\t\t\t\t\t\t>\n\t\t\t\t\t\u00dccretsiz demo talep edin\t\t\t\t<\/a>\n\t\t\t\t      <\/div>\n\n\t\t\t<figure>\n\t\t\t\t<img\n\t\t\t\t\tsrc=\"https:\/\/evreka.co\/wp-content\/uploads\/2022\/05\/Akilli-Atik-Yo\u0308netim.jpg\"\n\t\t\t\t\t\t\t\t\t\tsrcset=\"https:\/\/evreka.co\/wp-content\/uploads\/2022\/05\/Akilli-Atik-Yo\u0308netim.jpg 1x, https:\/\/evreka.co\/wp-content\/uploads\/2022\/05\/Akilli-Atik-Yo\u0308netimx2.jpg 2x\"\n\t\t\t\t\t\t\t\t\t\talt=\"\"\n\t\t\t\t\/>\n      <\/figure>\n\t\t<\/div>\n  <\/div>\n<\/section>\n\n\n\n<section class=\"two-column-text two-column-text-padding\">\n\t<h2>Y\u00fcksek Teknoloji \u00dcr\u00fcnlerinin Bize Kazand\u0131rd\u0131klar\u0131<\/h2>\n\t<div class=\"container\"><p>\u0130nsanl\u0131k b\u00fcy\u00fck teknolojik d\u00f6n\u00fc\u015f\u00fcmlerle birlikte s\u0131n\u0131rs\u0131z bir geli\u015fmenin ve isteklerine \u00f6zg\u00fcrce kavu\u015fman\u0131n da m\u00fcmk\u00fcn oldu\u011funa inand\u0131. Do\u011fan\u0131n bize s\u0131n\u0131rlar\u0131m\u0131z\u0131 hat\u0131rlatmas\u0131 ise \u00e7ok ge\u00e7 olmad\u0131! H\u0131zl\u0131 t\u00fcketimin yaratt\u0131\u011f\u0131 at\u0131k problemi ile daha \u00e7ok vakit kaybetmeden ba\u015f etmek zorunday\u0131z. Yol belli: Y\u00fcksek teknolojiden destek al\u0131p etkili geri d\u00f6n\u00fc\u015f\u00fcm y\u00f6ntemleriyle at\u0131klardan yeni kaynaklar yaratmal\u0131y\u0131z. Resmi d\u00fczenlemelere ve uluslararas\u0131 hedeflere uymay\u0131 gerektiren s\u0131f\u0131r at\u0131k prensibi ve d\u00f6ng\u00fcsel yakla\u015f\u0131mda en b\u00fcy\u00fck destek\u00e7iniz ise Evreka. S\u00fcrd\u00fcr\u00fclebilir at\u0131k y\u00f6netimi \u00e7\u00f6z\u00fcmleri sayesinde s\u0131f\u0131r at\u0131k y\u00f6netim sistemini kurman\u0131z hi\u00e7 de zor olmayacak!<\/p>\t<\/div>\n<\/section>\n\n<section class=\"side-by-side-description side-by-side-description--landing\">\n\t<div class=\"container\">\n\n\t\t\n\t\t\t\t<div class=\"side-by-side-description-item\">\n\n\t\t\t<figure>\n\t\t\t\t<img\n\t\t\t\t\tsrc=\"https:\/\/evreka.co\/wp-content\/uploads\/2022\/05\/Sifir-Atik.jpg\"\n\t\t\t\t\t\t\t\t\t\tsrcset=\"https:\/\/evreka.co\/wp-content\/uploads\/2022\/05\/Sifir-Atik.jpg 1x, https:\/\/evreka.co\/wp-content\/uploads\/2022\/05\/Sifir-Atik2.jpg 2x\"\n\t\t\t\t\t\t\t\t\t\talt=\"\"\n\t\t\t\t\/>\n\t\t\t<\/figure>\n\n\t\t\t<div class=\"side-by-side-description-item-list\">\n\t\t\t\t<ul>\n\t\t\t\t\t<li>\n\t\t\t\t\t\t<h3>S\u00fcrd\u00fcr\u00fclebilir Ya\u015fam\u0131n Anahtar\u0131: S\u0131f\u0131r At\u0131k<\/h3>\n\n\t\t\t\t\t\t<p>S\u0131f\u0131r at\u0131k hedefleri, s\u00fcrd\u00fcr\u00fclebilir \u00e7evre ve s\u00fcrd\u00fcr\u00fclebilir kalk\u0131nman\u0131n temelleri aras\u0131nda. At\u0131klar\u0131n verimli geri d\u00f6n\u00fc\u015f\u00fcm\u00fcne ve geri kazan\u0131m\u0131na dayanan bu prensip, materyal ve enerji kay\u0131plar\u0131n\u0131 s\u0131f\u0131rl\u0131yor. B\u00f6ylece do\u011fal kaynaklar\u0131n dengesi yeniden sa\u011flan\u0131rken ihtiya\u00e7lar\u0131m\u0131z at\u0131klardan yeni kaynaklar yarat\u0131larak kar\u015f\u0131lan\u0131yor. S\u0131n\u0131r tan\u0131mayan bir b\u00fcy\u00fcme yerine do\u011faya sayg\u0131y\u0131 \u00f6nceliklendiren s\u0131f\u0131r at\u0131k uygulamalar\u0131, t\u00fcm d\u00fcnyada yayg\u0131nla\u015f\u0131yor. Bu sayede:<\/p><p>\u2022 At\u0131k olu\u015fumu minimuma iniyor.<\/p><p>\u2022 Olu\u015fan at\u0131klar kayna\u011f\u0131nda ayr\u0131\u015ft\u0131r\u0131larak geri d\u00f6n\u00fc\u015ft\u00fcr\u00fcl\u00fcyor.<\/p><p>\u2022 Temiz ortam sayesinde performans artarken \u00e7evresel riskler azal\u0131yor.<\/p><p>\u2022 Verimlilik artarken maliyetler azal\u0131yor.<\/p><p>\u2022 \u00c7evreye duyarl\u0131 bir t\u00fcketim anlay\u0131\u015f\u0131 geli\u015fiyor ve \u201cduyarl\u0131 t\u00fcketici\u201d say\u0131s\u0131 art\u0131yor.<\/p><p>\u2022 Organizasyonlar\u0131n ulusal ve uluslararas\u0131 pazarlardaki sayg\u0131nl\u0131\u011f\u0131 art\u0131yor.<\/p>\n\t\t\t\t\t\t\t\t\t\t\t\t<a\n\t\t\t\t\t\t\thref=\"https:\/\/evreka.co\/tr\/blog\/atik-yonetiminde-yeni-bir-sayfa-sifir-atik\/\"\n\t\t\t\t\t\t\tclass=\"primary-button\"\n\t\t\t\t\t\t\t\t\t\t\t\t\t\ttarget=\"_blank\"\n\t\t\t\t\t\t\t\t\t\t\t\t\t>\n\t\t\t\t\t\t\tAyr\u0131nt\u0131l\u0131 bilgi i\u00e7in t\u0131klay\u0131n\t\t\t\t\t\t<\/a>\n\t\t\t\t\t\t\t\t\t\t\t<\/li>\n\t\t\t\t<\/ul>\n\t\t\t<\/div>\n\t\t<\/div>\n\t\t\t\t<div class=\"side-by-side-description-item\">\n\n\t\t\t<figure>\n\t\t\t\t<img\n\t\t\t\t\tsrc=\"https:\/\/evreka.co\/wp-content\/uploads\/2022\/04\/achieving-sustainable-development-blockchain-evreka.png\"\n\t\t\t\t\t\t\t\t\t\talt=\"\"\n\t\t\t\t\/>\n\t\t\t<\/figure>\n\n\t\t\t<div class=\"side-by-side-description-item-list\">\n\t\t\t\t<ul>\n\t\t\t\t\t<li>\n\t\t\t\t\t\t<h3>Ak\u0131ll\u0131 At\u0131k Y\u00f6netim Sistemiyle Fark Yarat\u0131n<\/h3>\n\n\t\t\t\t\t\t<p>S\u0131f\u0131r at\u0131k projeleri, ulusal d\u00fczeyde hayata ge\u00e7irildi\u011fi i\u00e7in ba\u015fta S\u0131f\u0131r At\u0131k Y\u00f6netmeli\u011fi olmak \u00fczere organizasyonlar \u00f6zelinde pek \u00e7ok d\u00fczenlemeye ve binlerce detaya dikkat edilerek haz\u0131rlanmal\u0131. Dolay\u0131s\u0131yla s\u0131f\u0131r at\u0131k y\u00f6netim sistemi kurulumu i\u00e7in dan\u0131\u015fmanl\u0131k almak olas\u0131 sorunlar\u0131 \u00f6nleyecek ve sistem otomasyonu sa\u011flayacak. Hem sistem kurulumunda destek almak hem de at\u0131k y\u00f6netimi s\u00fcrecini optimize etmek i\u00e7in Evreka\u2019n\u0131n bulut tabanl\u0131 dijital sistemlerinden yararlan\u0131n!<\/p>\n\t\t\t\t\t\t\t\t\t\t\t<\/li>\n\t\t\t\t<\/ul>\n\t\t\t<\/div>\n\t\t<\/div>\n\t\t\t\t<div class=\"side-by-side-description-item\">\n\n\t\t\t<figure>\n\t\t\t\t<img\n\t\t\t\t\tsrc=\"https:\/\/evreka.co\/wp-content\/uploads\/2022\/05\/screenshot-with-description.jpg\"\n\t\t\t\t\t\t\t\t\t\talt=\"\"\n\t\t\t\t\/>\n\t\t\t<\/figure>\n\n\t\t\t<div class=\"side-by-side-description-item-list\">\n\t\t\t\t<ul>\n\t\t\t\t\t<li>\n\t\t\t\t\t\t<h3>Ak\u0131ll\u0131 Konteyner Sistemleri ile \u00d6nc\u00fc Olun<\/h3>\n\n\t\t\t\t\t\t<p>At\u0131k olu\u015fumunu \u00f6nleyemedi\u011finiz durumlarda kayna\u011f\u0131nda ayr\u0131\u015ft\u0131rma ve toplamaya \u00f6nem vermelisiniz. Aksi takdirde verimli bir s\u0131f\u0131r at\u0131k uygulamas\u0131 f\u0131rsat\u0131 ka\u00e7ar. Bu f\u0131rsat\u0131 da ancak ak\u0131ll\u0131 at\u0131k y\u00f6netim sistemi ile elde edebilirsiniz. B\u00fct\u00e7e ve \u00e7evre dostu toplama i\u015flemleri ise ak\u0131ll\u0131 konteyner sistemleri ile ger\u00e7ekle\u015febilir. Ak\u0131ll\u0131 konteyner sistemi, at\u0131k kutular\u0131na tak\u0131lan sens\u00f6rlerle s\u00fcrecin ger\u00e7ek zamanl\u0131 kontrol\u00fcn\u00fc sa\u011fl\u0131yor. Bildirimler yoluyla:<\/p><p>\u2022 Konteynerlerin s\u0131cakl\u0131k ve doluluk durumlar\u0131n\u0131 \u00f6l\u00e7ebilirsiniz.<\/p><p>\u2022 Geli\u015fmi\u015f envanter kontrol\u00fcne sahip olabilirsiniz.<\/p><p>\u2022 Yaz\u0131l\u0131m mod\u00fclleriyle entegrasyon sayesinde g\u00fcnl\u00fck olarak optimize edilen rotalarla \u00e7evre dostu bir toplama plan\u0131 olu\u015fturabilirsiniz.<\/p><p>\u2022 Vatanda\u015flar\u0131n fark\u0131ndal\u0131\u011f\u0131n\u0131 art\u0131rabilir ve s\u00fcrece daha aktif bir \u015fekilde kat\u0131lmalar\u0131n\u0131 sa\u011flayabilirsiniz.\u00a0<\/p><p>Evreka\u2019n\u0131n s\u00fcrd\u00fcr\u00fclebilir, veriye ve tasarrufa dayal\u0131 \u00e7\u00f6z\u00fcmleri ile her zaman bir ad\u0131m \u00f6nde olacaks\u0131n\u0131z!<\/p><p><\/p>\n\t\t\t\t\t\t\t\t\t\t\t\t<a\n\t\t\t\t\t\t\thref=\"https:\/\/evreka.co\/tr\/cozumler\/konteyner-yonetimi\/\"\n\t\t\t\t\t\t\tclass=\"primary-button\"\n\t\t\t\t\t\t\t\t\t\t\t\t\t\ttarget=\"_blank\"\n\t\t\t\t\t\t\t\t\t\t\t\t\t>\n\t\t\t\t\t\t\tAyr\u0131nt\u0131l\u0131 bilgi i\u00e7in t\u0131klay\u0131n\t\t\t\t\t\t<\/a>\n\t\t\t\t\t\t\t\t\t\t\t<\/li>\n\t\t\t\t<\/ul>\n\t\t\t<\/div>\n\t\t<\/div>\n\t\t\t\t<div class=\"side-by-side-description-item\">\n\n\t\t\t<figure>\n\t\t\t\t<img\n\t\t\t\t\tsrc=\"https:\/\/evreka.co\/wp-content\/uploads\/2022\/04\/Nevs\u0327ehir-Belediyesi-Arac\u0327-Takip-Sistemi.png\"\n\t\t\t\t\t\t\t\t\t\talt=\"\"\n\t\t\t\t\/>\n\t\t\t<\/figure>\n\n\t\t\t<div class=\"side-by-side-description-item-list\">\n\t\t\t\t<ul>\n\t\t\t\t\t<li>\n\t\t\t\t\t\t<h3>Ak\u0131ll\u0131 Konteyner ile S\u0131f\u0131r At\u0131k Sistemi Kurulumu<\/h3>\n\n\t\t\t\t\t\t<p>QR kod ve RFID gibi son teknolojiye dayanan y\u00f6ntemler ile kurulan ak\u0131ll\u0131 konteyner sistemi, s\u0131f\u0131r at\u0131k uygulamalar\u0131n\u0131n hayata ge\u00e7mesi i\u00e7in de elzem. Geri kazan\u0131labilir at\u0131klar i\u00e7in ayr\u0131 ayr\u0131 olu\u015fturulan s\u0131f\u0131r at\u0131k konteynerleri ve merkezleri sayesinde hi\u00e7 sorun ya\u015famadan s\u0131f\u0131r at\u0131k belgesini alabilirsiniz. Evreka ak\u0131ll\u0131 at\u0131k y\u00f6netim sistemi sayesinde ba\u015ftan sona tam kontrol sa\u011flayabilece\u011finiz verimli ve optimize operasyonlar\u0131n tad\u0131n\u0131 \u00e7\u0131kar\u0131n.\u00a0<\/p>\n\t\t\t\t\t\t\t\t\t\t\t\t<a\n\t\t\t\t\t\t\thref=\"https:\/\/evreka.co\/tr\/blog\/sifir-atiksiz-bir-yasam-mumkun-mu\/\"\n\t\t\t\t\t\t\tclass=\"primary-button\"\n\t\t\t\t\t\t\t\t\t\t\t\t\t\ttarget=\"_blank\"\n\t\t\t\t\t\t\t\t\t\t\t\t\t>\n\t\t\t\t\t\t\tAyr\u0131nt\u0131l\u0131 bilgi i\u00e7in t\u0131klay\u0131n\t\t\t\t\t\t<\/a>\n\t\t\t\t\t\t\t\t\t\t\t<\/li>\n\t\t\t\t<\/ul>\n\t\t\t<\/div>\n\t\t<\/div>\n\t\t\n\t<\/div>\n<\/section>\n\n\n<section class=\"side-by-side-video\">\n  <div class=\"container\">\n\n        <div class=\"video-content\">\n      <div class=\"video-content-video\">\n        <iframe loading=\"lazy\" width=\"560\" height=\"315\" src=\"https:\/\/www.youtube.com\/embed\/e5cUuh_Y9r8\" title=\"YouTube video player\" frameborder=\"0\" allow=\"accelerometer; autoplay; clipboard-write; encrypted-media; gyroscope; picture-in-picture\" allowfullscreen><\/iframe>      <\/div>\n      <div class=\"video-content-content\">\n        <h4 class=\"h2\">Nev\u015fehir Belediyesi Maliyetleri Yar\u0131ya D\u00fc\u015f\u00fcrd\u00fc<\/h4>\n        <p><span style=\"font-weight: 400;\">Evreka\u2019n\u0131n ak\u0131ll\u0131 \u015fehirler i\u00e7in tasarlad\u0131\u011f\u0131 \u00e7\u00f6z\u00fcmlerin Nev\u015fehir Belediyesi\u2019nin at\u0131k y\u00f6netimi s\u00fcre\u00e7lerine etkisini ke\u015ffetmek i\u00e7in videomuzu izleyin! Dijital at\u0131k y\u00f6netimi \u00e7\u00f6z\u00fcmlerimiz ve ak\u0131ll\u0131 konteyner sistemlerimiz sayesinde rota optimizasyonundan yer alt\u0131 konteyner takibine kadar her ad\u0131mda Nev\u015fehir Belediyesi\u2019nin yan\u0131nday\u0131z.<\/span><\/p>      <\/div>\n    <\/div>\n        <div class=\"video-content video-content--big\">\n      <div class=\"video-content-video\">\n        <iframe loading=\"lazy\" width=\"560\" height=\"315\" src=\"https:\/\/www.youtube.com\/embed\/HfWJc4X6d0k\" title=\"YouTube video player\" frameborder=\"0\" allow=\"accelerometer; autoplay; clipboard-write; encrypted-media; gyroscope; picture-in-picture\" allowfullscreen><\/iframe>      <\/div>\n      <div class=\"video-content-content\">\n        <h4 class=\"h2\">Ak\u0131ll\u0131 \u015eehirler i\u00e7in Ak\u0131ll\u0131 \u00c7\u00f6z\u00fcmler: \u0130neg\u00f6l Belediyesi<\/h4>\n        <p><span style=\"font-weight: 400;\">Evreka\u2019n\u0131n ak\u0131ll\u0131 \u015fehirler i\u00e7in ak\u0131ll\u0131 \u00e7\u00f6z\u00fcmlerinden yararlanan bir di\u011fer kurum da \u0130neg\u00f6l Belediyesi. U\u00e7tan uca kontrol ve son teknoloji ak\u0131ll\u0131 at\u0131k y\u00f6netimi uygulamalar\u0131n\u0131n keyfi ile operasyonel m\u00fckemmelli\u011fe ula\u015fan \u0130neg\u00f6l Belediyesi, karbon ayak izini azaltarak daha ya\u015fanabilir bir d\u00fcnyaya katk\u0131 sunuyor.<\/span><\/p>      <\/div>\n    <\/div>\n        <div class=\"video-content\">\n      <div class=\"video-content-video\">\n        <iframe loading=\"lazy\" width=\"560\" height=\"315\" src=\"https:\/\/www.youtube.com\/embed\/Y5ITuu5MTQI\" title=\"YouTube video player\" frameborder=\"0\" allow=\"accelerometer; autoplay; clipboard-write; encrypted-media; gyroscope; picture-in-picture\" allowfullscreen><\/iframe>      <\/div>\n      <div class=\"video-content-content\">\n        <h4 class=\"h2\">Akhisar Belediyesi Dijital At\u0131k Y\u00f6netimiyle G\u00fc\u00e7leniyor<\/h4>\n        <p><span style=\"font-weight: 400;\">S\u0131f\u0131r at\u0131k uygulamalar\u0131n\u0131 hayata ge\u00e7irmek i\u00e7in Evreka\u2019yla i\u015f birli\u011fine giden Akhisar Belediyesi, ak\u0131ll\u0131 konteyner sistemi sayesinde tek merkez \u00fczerinden her detay\u0131 kontrol ediyor. At\u0131k y\u00f6netiminin geldi\u011fi son noktay\u0131 daha yak\u0131ndan g\u00f6rmek i\u00e7in videomuzu izleyin!<\/span><\/p>      <\/div>\n    <\/div>\n    \n  <\/div>\n<\/section>\n\n<section class=\"speakers\">\n  <div class=\"container\">\n    <h5 class=\"h1\">Referanslar<\/h5>\n\n    <ul>\n\n\t\t\t      <li>\n\t\t\t\t<img\n\t\t\t\t\tsrc=\"https:\/\/evreka.co\/wp-content\/uploads\/2021\/01\/inego\u0308l-Testimonial-Evreka-copy.png\"\n\t\t\t\t\t\t\t\t\t\talt=\"\"\n\t\t\t\t\/>\n        <strong><\/strong>\n        <span><\/span>\n      <\/li>\n\t\t\t      <li>\n\t\t\t\t<img\n\t\t\t\t\tsrc=\"https:\/\/evreka.co\/wp-content\/uploads\/2022\/05\/nev_logo.png\"\n\t\t\t\t\t\t\t\t\t\talt=\"\"\n\t\t\t\t\/>\n        <strong><\/strong>\n        <span><\/span>\n      <\/li>\n\t\t\t      <li>\n\t\t\t\t<img\n\t\t\t\t\tsrc=\"https:\/\/evreka.co\/wp-content\/uploads\/2021\/02\/turkish-red-crescent-logo.png\"\n\t\t\t\t\t\t\t\t\t\talt=\"\"\n\t\t\t\t\/>\n        <strong><\/strong>\n        <span><\/span>\n      <\/li>\n\t\t\t\n    <\/ul>\n\n  <\/div>\n<\/section>\n\n<section class=\"corporate-testimonial\">\n\t\t<div class=\"container\">\t\t\n\t\t<figure>\n\t\t\t<img\n\t\t\t\tsrc=\"https:\/\/evreka.co\/wp-content\/uploads\/2021\/02\/turkish-red-crescent-logo.png\"\n\t\t\t\t\t\t\t\talt=\"\"\n\t\t\t\/>\n\t\t<\/figure>\n\n\t\t<div class=\"corporate-testimonial__text\">\t\t\t\t\n\t\t\t<p>\n\t\t\t\t\u201cEvreka\u2019n\u0131n ba\u011f\u0131\u015f kutusu operasyonlar\u0131n\u0131n y\u00fcr\u00fct\u00fclmesinde sa\u011flad\u0131\u011f\u0131 analiz ve ayr\u0131nt\u0131 d\u00fczeyiyle nadiren kar\u015f\u0131la\u015f\u0131yoruz. Evreka sayesinde ba\u011f\u0131\u015f kutular\u0131n\u0131n toplanmas\u0131 i\u00e7in gereken toplam s\u00fcre ve mesafeyi azaltmaktay\u0131z ve ba\u011f\u0131\u015f kutular\u0131n\u0131n toplanmas\u0131n\u0131 daha verimli bir \u015fekilde y\u00f6netmekteyiz. T\u00fcrk K\u0131z\u0131lay\u0131 olarak d\u00fc\u015f\u00fcncemiz; Evreka, toplumun iyili\u011fi i\u00e7in daha verimli bir sistem yaratmam\u0131za ve toplama s\u00fcrecini y\u00f6netmemize yard\u0131mc\u0131 oldu. Evreka SaaS sistemi, beklentilerimizi a\u015fan \u00e7ok ak\u0131ll\u0131 bir \u00e7\u00f6z\u00fcmle beraber, ba\u011f\u0131\u015f h\u0131rs\u0131zl\u0131\u011f\u0131 gibi nadir g\u00f6r\u00fclen s\u0131ra d\u0131\u015f\u0131 durumlar\u0131 da fark etmemizi sa\u011flad\u0131.\u201d\t\t\t<\/p>\n\t\t\t<span>T\u00fcrk K\u0131z\u0131lay\u0131<\/span>\n\t\t<\/div>\n\n\t<\/div>\n<\/section>\n\n<section class=\"features-card-grid\">\t<h2 class=\"section-title\">\u0130lgili Evreka \u00c7\u00f6z\u00fcmleri<\/h2>\t<div class=\"container\">\t\t<a href=\"https:\/\/evreka.co\/tr\/cozumler\/konteyner-yonetimi\/\" class=\"features-card-grid-item\">\n\t\t\t<figure><img decoding=\"async\" src=\"https:\/\/evreka.co\/wp-content\/uploads\/2022\/05\/asset.svg\" alt=\"\"><\/figure>\n\t\t\t<h3>Konteyner Y\u00f6netimi<\/h3>\n\t\t<\/a>\t\t<a href=\"https:\/\/evreka.co\/tr\/cozumler\/filo-yonetimi\/\" class=\"features-card-grid-item\">\n\t\t\t<figure><img decoding=\"async\" src=\"https:\/\/evreka.co\/wp-content\/uploads\/2022\/05\/fleet.svg\" alt=\"\"><\/figure>\n\t\t\t<h3>Filo Y\u00f6netimi<\/h3>\n\t\t<\/a>\t\t<a href=\"https:\/\/evreka.co\/tr\/cozumler\/operasyon-yonetimi\/\" class=\"features-card-grid-item\">\n\t\t\t<figure><img decoding=\"async\" src=\"https:\/\/evreka.co\/wp-content\/uploads\/2022\/05\/operations.svg\" alt=\"\"><\/figure>\n\t\t\t<h3>Operasyon Y\u00f6netimi<\/h3>\n\t\t<\/a>\t<\/div>\n\t<a href=\"https:\/\/evreka.co\/tr\/yazilim-cozumleri\/\" class=\"primary-button\">Di\u011fer \u00e7\u00f6z\u00fcmlerimize g\u00f6z at\u0131n<\/a>\n<\/section>","protected":false},"excerpt":{"rendered":"","protected":false},"author":3,"featured_media":0,"parent":0,"menu_order":0,"comment_status":"closed","ping_status":"closed","template":"page-landing.php","meta":{"content-type":"","om_disable_all_campaigns":false,"inline_featured_image":false,"_monsterinsights_skip_tracking":false,"_monsterinsights_sitenote_active":false,"_monsterinsights_sitenote_note":"","_monsterinsights_sitenote_category":0,"footnotes":""},"class_list":["post-34063","page","type-page","status-publish","hentry"],"acf":[],"_links":{"self":[{"href":"https:\/\/evreka.co\/tr\/wp-json\/wp\/v2\/pages\/34063","targetHints":{"allow":["GET"]}}],"collection":[{"href":"https:\/\/evreka.co\/tr\/wp-json\/wp\/v2\/pages"}],"about":[{"href":"https:\/\/evreka.co\/tr\/wp-json\/wp\/v2\/types\/page"}],"author":[{"embeddable":true,"href":"https:\/\/evreka.co\/tr\/wp-json\/wp\/v2\/users\/3"}],"replies":[{"embeddable":true,"href":"https:\/\/evreka.co\/tr\/wp-json\/wp\/v2\/comments?post=34063"}],"version-history":[{"count":26,"href":"https:\/\/evreka.co\/tr\/wp-json\/wp\/v2\/pages\/34063\/revisions"}],"predecessor-version":[{"id":38633,"href":"https:\/\/evreka.co\/tr\/wp-json\/wp\/v2\/pages\/34063\/revisions\/38633"}],"wp:attachment":[{"href":"https:\/\/evreka.co\/tr\/wp-json\/wp\/v2\/media?parent=34063"}],"curies":[{"name":"wp","href":"https:\/\/api.w.org\/{rel}","templated":true}]}}