{"id":32936,"date":"2021-01-16T13:58:55","date_gmt":"2021-01-16T10:58:55","guid":{"rendered":"https:\/\/evreka.co\/privacy-policy\/"},"modified":"2023-03-08T09:27:45","modified_gmt":"2023-03-08T06:27:45","slug":"gizlilik-politikasi","status":"publish","type":"page","link":"https:\/\/evreka.co\/tr\/gizlilik-politikasi\/","title":{"rendered":"\u0130nternet Sitesi Gizlilik Politikas\u0131 ve Ki\u015fisel Veriler Ayd\u0131nlatma Metni"},"content":{"rendered":"<div class=\"privacy-policy-block\">\n<p style=\"text-align: right;\">G\u00fcncelleme Tarihi: [21.04.2022]<\/p>\n<p>Bu \u0130nternet Sitesi Gizlilik Politikas\u0131 ve <a href=\"https:\/\/evreka.co\/tr\/evreka-potansiyel-musteri-aydinlatma-metni\/\" target=\"_blank\" rel=\"noopener\">Ki\u015fisel Veriler Ayd\u0131nlatma Metni<\/a> (Politika), Evreka Yaz\u0131l\u0131m Donan\u0131m Dan\u0131\u015fmanl\u0131k E\u011fitim Sanayi Ve Ticaret Anonim \u015eirketi (\u015eirket) taraf\u0131ndan y\u00f6netilen ve i\u015fletilen <a href=\"https:\/\/evreka.co\/\" target=\"_blank\" rel=\"noopener\">https:\/\/evreka.co\/<\/a> alan adl\u0131 internet sitesini (Site) ziyaret eden ki\u015filerden (Ziyaret\u00e7i) elde edilen ve\/veya edilecek verilerin kullan\u0131m\u0131na ili\u015fkin h\u00fck\u00fcm ve ko\u015fullar ile verilerin i\u015flenme \u015fekilleri hakk\u0131nda Ziyaret\u00e7iler\u2019i ayd\u0131nlatmak ve bilgilendirmek amac\u0131yla haz\u0131rlanm\u0131\u015ft\u0131r.<\/p>\n<p>\u0130lgili ki\u015filerin Site\u2019yi kullan\u0131rken \u015eirket taraf\u0131ndan i\u015flenen ki\u015fisel verileri bu Politika\u2019da belirtilmekte ve bu Politika\u2019daki ama\u00e7 ve hukuki sebeplerle i\u015flenmekle birlikte; ilgili ki\u015filerin ki\u015fisel verilerinin \u015eirket taraf\u0131ndan bu Politika\u2019da bulunmayan farkl\u0131 ama\u00e7larla i\u015flenmesi m\u00fcmk\u00fcnd\u00fcr. Bu ki\u015fisel veri i\u015fleme faaliyetlerine ili\u015fkin hukuki sebep, toplanan veri kategorileri ve di\u011fer i\u015fleme faaliyetlerine ili\u015fkin detaylar\u0131 ilgili ayd\u0131nlatma metinlerinde sizlerle payla\u015fmaktay\u0131z. <a href=\"https:\/\/evreka.co\/\" target=\"_blank\" rel=\"noopener\">https:\/\/evreka.co\/<\/a> alan adresinde bulunan her bir ayd\u0131nlatma metninde, ki\u015fisel verilerin hangi ama\u00e7, sebep ve kapsamda i\u015flendi\u011fi detayl\u0131 olarak yer almaktad\u0131r.<\/p>\n<\/div>\n<div class=\"privacy-policy-block\">\n<h2 class=\"h2\"><b>Genel A\u00e7\u0131klamalar<\/b><\/h2>\n<p>\u015eirket, Ziyaret\u00e7iler\u2019e ili\u015fkin i\u015flenen bilgilerin gizlili\u011fi, kullan\u0131lmas\u0131 ve ilgili di\u011fer hususlarda bu Politika\u2019y\u0131 benimser.<\/p>\n<p>Ki\u015fisel veriler, kimli\u011fi belirli ya da belirlenebilir ger\u00e7ek ki\u015fiye ili\u015fkin her t\u00fcrl\u00fc bilgiyi ifade eder. Bu sebeple, bu metinde yer alan ki\u015fisel verilere ili\u015fkin d\u00fczenlemeler, ilgili bilgilerin bir ger\u00e7ek ki\u015fiye ait olmas\u0131 durumunda uygulanacakt\u0131r. \u0130lgili bilgilerin t\u00fczel ki\u015filere ait olmas\u0131 halinde bu metinde yer alan ki\u015fisel verilere ili\u015fkin d\u00fczenlemeler d\u0131\u015f\u0131ndaki d\u00fczenlemeler uygulan\u0131r.<\/p>\n<p>\u015eirket, ki\u015fisel verilerin gizlili\u011fine \u00f6nem verir ve bilgilerin saklanmas\u0131 konusunda \u015feffaf olmaya \u00f6zen g\u00f6sterir. Bu Politika, hangi t\u00fcr verilerin topland\u0131\u011f\u0131n\u0131, bu verilerin nas\u0131l kullan\u0131ld\u0131\u011f\u0131, gerekmesi halinde bu bilgilerin kimlerle payla\u015f\u0131ld\u0131\u011f\u0131, ki\u015fisel verilere ili\u015fkin haklar\u0131n neler oldu\u011fu ve bu haklar\u0131n nas\u0131l kullan\u0131labilece\u011fine y\u00f6nelik ayd\u0131nlatmay\u0131 ve \u015eirket\u2019in gizlili\u011fe ili\u015fkin benimsedi\u011fi ilkeleri i\u00e7erir gizlilik politikas\u0131d\u0131r.<\/p>\n<h5>Ki\u015fisel veriler, a\u015fa\u011f\u0131da yer alan temel ilkeler do\u011frultusunda i\u015flenir:<\/h5>\n<p>\u2022 Hukuka ve d\u00fcr\u00fcstl\u00fck kurallar\u0131na uygun olma,<\/p>\n<p>\u2022 Do\u011fru ve gerekti\u011finde g\u00fcncel olma,<\/p>\n<p>\u2022 Belirli, a\u00e7\u0131k ve me\u015fru ama\u00e7lar i\u00e7in i\u015flenme,<\/p>\n<p>\u2022 \u0130\u015flendikleri ama\u00e7la ba\u011flant\u0131l\u0131, s\u0131n\u0131rl\u0131 ve \u00f6l\u00e7\u00fcl\u00fc olma,<\/p>\n<p>\u2022 \u0130lgili mevzuatta \u00f6ng\u00f6r\u00fclen veya i\u015flendikleri ama\u00e7 i\u00e7in gerekli olan s\u00fcre kadar muhafaza edilme.<\/p>\n<\/div>\n<div class=\"privacy-policy-block\">\n<h2 class=\"h2\">Veri Sorumlusu<\/h2>\n<p>\u0130lgili mevzuat uyar\u0131nca ki\u015fisel verileriniz; veri sorumlusu olarak \u015eirket taraf\u0131ndan a\u015fa\u011f\u0131da a\u00e7\u0131klanan kapsamda i\u015flenmektedir.<\/p>\n<div class=\"privacy-policy-block-inner\">\n<h2 class=\"h2\">\u0130\u015flenen Veri Kategorileri ve Veri T\u00fcrleri<\/h2>\n<table style=\"height: 637px;\" width=\"836\">\n<tbody>\n<tr>\n<td><b>Veri Kategorileri<\/b><\/td>\n<td><b>Veri T\u00fcrleri<\/b><\/td>\n<\/tr>\n<tr>\n<td><b>Kimlik<\/b><\/td>\n<td><span style=\"font-weight: 400;\">Ad, soyad<\/span><\/td>\n<\/tr>\n<tr>\n<td><b>\u0130leti\u015fim<\/b><\/td>\n<td><span style=\"font-weight: 400;\">Telefon numaras\u0131, e-posta adresi<\/span><\/td>\n<\/tr>\n<tr>\n<td><b>Lokasyon<\/b><\/td>\n<td><span style=\"font-weight: 400;\">Lokasyon bilgisi<\/span><\/td>\n<\/tr>\n<tr>\n<td><b>M\u00fc\u015fteri \u0130\u015flem<\/b><\/td>\n<td><span style=\"font-weight: 400;\">\u0130lgili ki\u015finin mesaj\u0131, talep konusu ve deste\u011fe ili\u015fkin detaylar, \u00fclke bilgisi<\/span><\/td>\n<\/tr>\n<tr>\n<td><b>\u0130\u015flem G\u00fcvenli\u011fi<\/b><\/td>\n<td><span style=\"font-weight: 400;\">IP adresi bilgileri, site ziyaret bilgileri; site gezinme bilgileri, sitede kalma s\u00fcresi<\/span><\/td>\n<\/tr>\n<tr>\n<td><b>Pazarlama<\/b><\/td>\n<td><span style=\"font-weight: 400;\">\u00c7erezler arac\u0131l\u0131\u011f\u0131yla toplanan veriler, Siteye ili\u015fkin ge\u00e7mi\u015f kullan\u0131m bilgileri, siteye hangi kaynak \u00fczerinden geldi\u011fi bilgileri<\/span><\/td>\n<\/tr>\n<\/tbody>\n<\/table>\n<h2 class=\"h2\">Ki\u015fisel Verileri Toplama Y\u00f6ntemleri<\/h2>\n<p>\u015eirket, ki\u015fisel verileri Site arac\u0131l\u0131\u011f\u0131yla ileti\u015fim formlar\u0131 ba\u015fta olmak \u00fczere elektronik veya yaz\u0131l\u0131 olarak \u00f6\u011frenilen verilerden, ilgili mevzuatta belirtilen ki\u015fisel veri i\u015fleme \u015fartlar\u0131na uygun bir \u015fekilde elde etmekte ve a\u015fa\u011f\u0131da belirtilen ama\u00e7larla uyumlu olarak i\u015flemektedir.<\/p>\n<h2 class=\"h2\">Ki\u015fisel Verileri \u0130\u015fleme Ama\u00e7lar\u0131 ve Hukuki Sebepleri<\/h2>\n<table>\n<tbody>\n<tr>\n<td>\n<p style=\"text-align: center;\"><b>Veri Kategorileri<\/b><\/p>\n<\/td>\n<td>\n<p style=\"text-align: center;\"><b>\u0130\u015fleme Ama\u00e7lar\u0131<\/b><\/p>\n<\/td>\n<td>\n<p style=\"text-align: center;\"><b>Hukuki Sebepler<\/b><\/p>\n<\/td>\n<\/tr>\n<tr>\n<td>\n<p style=\"text-align: center;\"><b>Kimlik<\/b><\/p>\n<p style=\"text-align: center;\"><b>\u0130leti\u015fim<\/b><\/p>\n<p style=\"text-align: center;\"><b>M\u00fc\u015fteri \u0130\u015flem<\/b><\/p>\n<\/td>\n<td><span style=\"font-weight: 400;\">\u2022 Firma \/ \u00fcr\u00fcn \/ hizmetlere ba\u011fl\u0131l\u0131k s\u00fcre\u00e7lerinin y\u00fcr\u00fct\u00fclmesi<\/span><\/p>\n<p><span style=\"font-weight: 400;\">\u2022 \u0130\u015f faaliyetlerinin y\u00fcr\u00fct\u00fclmesi \/ denetimi<\/span><\/p>\n<p><span style=\"font-weight: 400;\">\u2022 \u0130\u015f s\u00fcreklili\u011finin sa\u011flanmas\u0131 faaliyetlerinin y\u00fcr\u00fct\u00fclmesi<\/span><\/p>\n<p><span style=\"font-weight: 400;\">\u2022 Mal \/ hizmet sat\u0131\u015f sonras\u0131 destek hizmetlerinin y\u00fcr\u00fct\u00fclmesi<\/span><\/p>\n<p><span style=\"font-weight: 400;\">\u2022 Mal \/ hizmet sat\u0131\u015f s\u00fcre\u00e7lerinin y\u00fcr\u00fct\u00fclmesi<\/span><\/p>\n<p><span style=\"font-weight: 400;\">\u2022 Mal \/ hizmet \u00fcretim ve operasyon s\u00fcre\u00e7lerinin y\u00fcr\u00fct\u00fclmesi<\/span><\/p>\n<p><span style=\"font-weight: 400;\">\u2022 M\u00fc\u015fteri ili\u015fkileri y\u00f6netimi s\u00fcre\u00e7lerinin y\u00fcr\u00fct\u00fclmesi<\/span><\/p>\n<p><span style=\"font-weight: 400;\">\u2022 M\u00fc\u015fteri memnuniyetine y\u00f6nelik aktivitelerin y\u00fcr\u00fct\u00fclmesi<\/span><\/p>\n<p><span style=\"font-weight: 400;\">\u2022 Di\u011fer: Mal\/hizmet alan ki\u015filere y\u00f6nelik bilgilendirme s\u00fcrecinin y\u00f6netilmesi<\/span><\/td>\n<td><span style=\"font-weight: 400;\">\u2022 Bir s\u00f6zle\u015fmenin kurulmas\u0131 veya ifas\u0131yla do\u011frudan do\u011fruya ilgili olmas\u0131 kayd\u0131yla, s\u00f6zle\u015fmenin taraflar\u0131na ait ki\u015fisel verilerin i\u015flenmesinin gerekli olmas\u0131,<\/span><\/p>\n<p><span style=\"font-weight: 400;\">\u2022 \u0130lgili ki\u015finin temel hak ve \u00f6zg\u00fcrl\u00fcklerine zarar vermemek kayd\u0131yla, \u015eirket\u2019in me\u015fru menfaatleri i\u00e7in veri i\u015flenmesinin zorunlu olmas\u0131.<\/span><\/p>\n<p><span style=\"font-weight: 400;\">\u2022 Sizlere bir hak tesis etmemiz, bu hakk\u0131 kulland\u0131rmam\u0131z ve korumam\u0131z i\u00e7in veri i\u015flemek zorunda olu\u015fumuz<\/span><\/td>\n<\/tr>\n<tr>\n<td>\n<p style=\"text-align: center;\"><b>\u0130\u015flem G\u00fcvenli\u011fi<\/b><\/p>\n<\/td>\n<td><span style=\"font-weight: 400;\">\u2022 Bilgi g\u00fcvenli\u011fi s\u00fcre\u00e7lerinin y\u00fcr\u00fct\u00fclmesi<\/span><\/p>\n<p><span style=\"font-weight: 400;\">\u2022 Denetim\/etik faaliyetlerinin y\u00fcr\u00fct\u00fclmesi<\/span><\/p>\n<p><span style=\"font-weight: 400;\">\u2022 Faaliyetlerin mevzuata uygun y\u00fcr\u00fct\u00fclmesi<\/span><\/p>\n<p><span style=\"font-weight: 400;\">\u2022 \u0130\u00e7 denetim\/soru\u015fturma\/ istihbarat faaliyetlerinin y\u00fcr\u00fct\u00fclmesi<\/span><\/p>\n<p><span style=\"font-weight: 400;\">\u2022 \u0130\u015f faaliyetlerinin y\u00fcr\u00fct\u00fclmesi\/denetimi<\/span><\/p>\n<p><span style=\"font-weight: 400;\">\u2022 Yetkili ki\u015fi, kurum ve kurulu\u015flara bilgi verilmesi<\/span><\/td>\n<td><span style=\"font-weight: 400;\">\u2022 \u015eirket\u2019in hukuki y\u00fck\u00fcml\u00fcl\u00fc\u011f\u00fcn\u00fc yerine getirmesi i\u00e7in zorunlu olmas\u0131,<\/span><\/p>\n<p><span style=\"font-weight: 400;\">\u2022 \u0130lgili ki\u015finin temel hak ve \u00f6zg\u00fcrl\u00fcklerine zarar vermemek kayd\u0131yla, \u015eirket\u2019in me\u015fru menfaatleri i\u00e7in veri i\u015flenmesinin zorunlu olmas\u0131.<\/span><\/td>\n<\/tr>\n<tr>\n<td>\n<p style=\"text-align: center;\"><b>Pazarlama<\/b><\/p>\n<\/td>\n<td><span style=\"font-weight: 400;\">\u2022 Pazarlama analiz \u00e7al\u0131\u015fmalar\u0131n\u0131n y\u00fcr\u00fct\u00fclmesi<\/span><\/p>\n<p><span style=\"font-weight: 400;\">\u2022 Reklam \/ kampanya \/ promosyon s\u00fcre\u00e7lerinin y\u00fcr\u00fct\u00fclmesi<\/span><\/p>\n<p><span style=\"font-weight: 400;\">\u2022 \u00dcr\u00fcn\/hizmetlerin pazarlama s\u00fcre\u00e7lerinin y\u00fcr\u00fct\u00fclmesi\u00a0<\/span><\/td>\n<td><span style=\"font-weight: 400;\">\u2022 Sizlerden ald\u0131\u011f\u0131m\u0131z a\u00e7\u0131k r\u0131zan\u0131z,<\/span><\/p>\n<p><span style=\"font-weight: 400;\">\u2022 \u0130lgili ki\u015finin temel hak ve \u00f6zg\u00fcrl\u00fcklerine zarar vermemek kayd\u0131yla, \u015eirket\u2019in me\u015fru menfaatleri i\u00e7in veri i\u015flenmesinin zorunlu olmas\u0131.<\/span><\/td>\n<\/tr>\n<\/tbody>\n<\/table>\n<\/div>\n<\/div>\n<div class=\"privacy-policy-block\">\n<h2 class=\"h2\">Ki\u015fisel Verileri \u0130\u015fleme Ama\u00e7lar\u0131 ve Hukuki Sebepleri<\/h2>\n<p>\u015eirketimiz, ki\u015fisel verilerinizi \u201cbilme gere\u011fi\u201d ve \u201ckullanma gere\u011fi\u201d ilkelerine uygun olarak, gerekli veri minimizasyonunu sa\u011flayarak ve gerekli teknik ve idari g\u00fcvenlik tedbirlerini alarak i\u015flemeye \u00f6zen g\u00f6stermektedir. \u0130\u015f faaliyetlerinin y\u00fcr\u00fct\u00fclmesi veya denetimi, i\u015f s\u00fcreklili\u011finin sa\u011flanmas\u0131, dijital altyap\u0131lar\u0131n i\u015fletilmesi farkl\u0131 payda\u015flarla s\u00fcrekli veri ak\u0131\u015f\u0131n\u0131 zaruri k\u0131ld\u0131\u011f\u0131 i\u00e7in i\u015fledi\u011fimiz ki\u015fisel verileri belirli ama\u00e7larla \u00fc\u00e7\u00fcnc\u00fc ki\u015filere aktarmak durumunday\u0131z. Ayr\u0131ca, s\u00f6zle\u015fmesel ve kanuni y\u00fck\u00fcml\u00fcl\u00fcklerimizi tam ve gere\u011fi gibi yerine getirebilmemiz i\u00e7in ki\u015fisel verilerinizin do\u011fru ve g\u00fcncel olmas\u0131 \u00e7ok \u00f6nemlidir. Bunun i\u00e7in de muhtelif i\u015f ortaklar\u0131yla ve hizmet sa\u011flay\u0131c\u0131larla \u00e7al\u0131\u015fmak durumunday\u0131z.<\/p>\n<p>Bu Politika kapsam\u0131nda i\u015flenen ki\u015fisel verileriniz pazarlama analiz \u00e7al\u0131\u015fmalar\u0131n\u0131n y\u00fcr\u00fct\u00fclmesi, reklam \/ kampanya \/ promosyon s\u00fcre\u00e7lerinin y\u00fcr\u00fct\u00fclmesi, \u00fcr\u00fcn\/hizmetlerin pazarlama s\u00fcre\u00e7lerinin y\u00fcr\u00fct\u00fclmesi, i\u015f s\u00fcre\u00e7lerinin iyile\u015ftirilmesine y\u00f6nelik \u00f6nerilerin al\u0131nmas\u0131 ve de\u011ferlendirilmesi, m\u00fc\u015fteri ili\u015fkileri y\u00f6netimi s\u00fcre\u00e7lerinin y\u00fcr\u00fct\u00fclmesi, m\u00fc\u015fteri memnuniyetine y\u00f6nelik aktivitelerin y\u00fcr\u00fct\u00fclmesi ve talep \/ \u015fikayetlerin takibi ama\u00e7lar\u0131yla s\u0131n\u0131rl\u0131 olmak \u00fczere yurt d\u0131\u015f\u0131ndaki tedarik\u00e7ilerimizle payla\u015f\u0131lmaktad\u0131r.<\/p>\n<p>Ki\u015fisel verileriniz a\u015fa\u011f\u0131daki al\u0131c\u0131 gruplar\u0131na, belirtilen ama\u00e7larla s\u0131n\u0131rl\u0131 olarak aktar\u0131lmaktad\u0131r.<\/p>\n<table>\n<tbody>\n<tr>\n<td>\n<p style=\"text-align: center;\"><b>Veri Kategorisi<\/b><\/p>\n<\/td>\n<td>\n<p style=\"text-align: center;\"><b>Al\u0131c\u0131 Grubu ve Aktar\u0131m Amac\u0131<\/b><\/p>\n<\/td>\n<\/tr>\n<tr>\n<td>\n<p style=\"text-align: center;\"><b>Kimlik<\/b><\/p>\n<p style=\"text-align: center;\"><b>\u0130leti\u015fim<\/b><\/p>\n<p style=\"text-align: center;\"><b>M\u00fc\u015fteri \u0130\u015flem<\/b><\/p>\n<\/td>\n<td><span style=\"font-weight: 400;\">\u2022 Saklama ve ar\u015fiv faaliyetlerinin y\u00fcr\u00fct\u00fclmesi amac\u0131yla, bili\u015fim altyap\u0131m\u0131z\u0131 sa\u011flayan yurt i\u00e7inde ve yurt d\u0131\u015f\u0131ndaki tedarik\u00e7ilerimizle,<\/span><\/p>\n<p><span style=\"font-weight: 400;\">\u2022 \u0130leti\u015fim faaliyetleri ve pazarlama s\u00fcre\u00e7lerinin y\u00fcr\u00fct\u00fclmesi amac\u0131yla, hizmet ald\u0131\u011f\u0131m\u0131z toplu g\u00f6nderim sa\u011flay\u0131c\u0131lar\u0131yla,<\/span><\/p>\n<p><span style=\"font-weight: 400;\">\u2022 Finans ve muhasebe s\u00fcre\u00e7lerimizin y\u00fcr\u00fct\u00fclmesi amac\u0131yla hizmet ald\u0131\u011f\u0131m\u0131z mali m\u00fc\u015favirlerimizle ve denetim firmalar\u0131yla,<\/span><\/p>\n<p><span style=\"font-weight: 400;\">\u2022 Hukuki y\u00fck\u00fcml\u00fcl\u00fc\u011f\u00fcm\u00fcz\u00fcn yerine getirilmesi amac\u0131yla yetkili kamu kurum ve kurulu\u015flar\u0131yla.<\/span><\/td>\n<\/tr>\n<tr>\n<td>\n<p style=\"text-align: center;\"><b>\u0130\u015flem G\u00fcvenli\u011fi<\/b><\/p>\n<\/td>\n<td><span style=\"font-weight: 400;\">\u2022 Hukuki y\u00fck\u00fcml\u00fcl\u00fc\u011f\u00fcm\u00fcz\u00fcn yerine getirilmesi amac\u0131yla yetkili kamu kurum ve kurulu\u015flar\u0131yla.<\/span><\/td>\n<\/tr>\n<tr>\n<td>\n<p style=\"text-align: center;\"><b>Pazarlama<\/b><\/p>\n<\/td>\n<td><span style=\"font-weight: 400;\">\u2022 Pazarlama \u00e7al\u0131\u015fmalar\u0131n\u0131n y\u00fcr\u00fct\u00fclmesi amac\u0131yla, \u00e7erezler konusunda hizmet ald\u0131\u011f\u0131m\u0131z yurt d\u0131\u015f\u0131ndaki tedarik\u00e7ilerimizle.<\/span><\/td>\n<\/tr>\n<\/tbody>\n<\/table>\n<h2 class=\"h2\">De\u011fi\u015fiklikler ve G\u00fcncellemeler<\/h2>\n<div class=\"privacy-policy-block-inner\">\n<p>\u015eirket veri sorumlusu olarak, Politika\u2019y\u0131 ilgili mevzuata uygun olmak ve ki\u015fisel verilerin daha iyi korunmas\u0131 \u015fart\u0131 ile de\u011fi\u015ftirme hakk\u0131na sahiptir.<\/p>\n<p>Bu Politika, Site\u2019ye yeni \u00f6zellikler eklendik\u00e7e veya yeni \u00f6neriler geldik\u00e7e yeniden d\u00fczenlenebilir ve g\u00fcncellenebilir. Ancak bu durumda de\u011fi\u015fiklikleri Site\u2019de yay\u0131mlayarak sizi bilgilendiririz. S\u00f6z konusu de\u011fi\u015fiklikleri, baz\u0131 \u00f6nemli durumlarda, e-posta ile veya sizi haberdar etmek \u00fczere makul \u015fekilde tasarlanm\u0131\u015f dikkat \u00e7ekici ba\u015fka bir y\u00f6ntemle, duruma uygun olarak ek bildirimler ile bildirebiliriz. Bu de\u011fi\u015fikliklere ili\u015fkin bilgilendirilmeniz \u00fczerine, Site\u2019ye eri\u015fim sa\u011flamaya devam ederseniz, Politika\u2019daki de\u011fi\u015fikliklere izin vermi\u015f say\u0131lacaks\u0131n\u0131z. Bu nedenle, Site\u2019ye her eri\u015fim sa\u011flad\u0131\u011f\u0131n\u0131zda Politika&#8217;y\u0131 yeniden g\u00f6zden ge\u00e7irmenizi \u00f6neririz. Bu belge en son [21.04.2022] tarihinde g\u00fcncellenmi\u015ftir. Politika h\u00fck\u00fcmleri de\u011fi\u015fti\u011fi takdirde, yay\u0131mland\u0131\u011f\u0131 tarihte y\u00fcr\u00fcrl\u00fck kazan\u0131r.<\/p>\n<h2 class=\"h2\">\u0130lgili Ki\u015finin Haklar\u0131<\/h2>\n<p>Ki\u015fisel verilerin korunmas\u0131na ili\u015fkin mevzuat kapsam\u0131nda;<\/p>\n<p><span style=\"font-weight: 400;\">\u2022 Ki\u015fisel verilerinizin i\u015flenip i\u015flenmedi\u011fini \u00f6\u011frenme,<br \/>\n<\/span><\/p>\n<p><span style=\"font-weight: 400;\">\u2022 Ki\u015fisel verilerinizin i\u015flenmesi halinde buna ili\u015fkin bilgi talep etme,<br \/>\n<\/span><\/p>\n<p><span style=\"font-weight: 400;\">\u2022 Ki\u015fisel verilerinizin i\u015flenme amac\u0131n\u0131 ve bunlar\u0131n amac\u0131na uygun kullan\u0131l\u0131p kullan\u0131lmad\u0131\u011f\u0131n\u0131 \u00f6\u011frenme,<br \/>\n<\/span><\/p>\n<p><span style=\"font-weight: 400;\">\u2022 Yurt i\u00e7inde veya yurt d\u0131\u015f\u0131nda ki\u015fisel verilerinin aktar\u0131ld\u0131\u011f\u0131 \u00fc\u00e7\u00fcnc\u00fc ki\u015fileri bilme,<br \/>\n<\/span><\/p>\n<p><span style=\"font-weight: 400;\">\u2022 Ki\u015fisel verilerinizin eksik veya yanl\u0131\u015f i\u015flenmi\u015f olmas\u0131 ya da de\u011fi\u015fmesi halinde bunlar\u0131n d\u00fczeltilmesini isteme,<br \/>\n<\/span><\/p>\n<p><span style=\"font-weight: 400;\">\u2022 Ki\u015fisel Verilerin Korunmas\u0131 Kanunu\u2019nda \u00f6ng\u00f6r\u00fclen ko\u015fullara uygun olarak ki\u015fisel verilerinizin silinmesini veya yok edilmesini isteme,<br \/>\n<\/span><\/p>\n<p><span style=\"font-weight: 400;\">\u2022 Eksik veya yanl\u0131\u015f olarak i\u015flenmi\u015f ki\u015fisel verilerinizin d\u00fczeltildi\u011finin ve ki\u015fisel verilerinizin silindi\u011finin yahut yok edildi\u011finin ki\u015fisel verilerinin aktar\u0131ld\u0131\u011f\u0131 \u00fc\u00e7\u00fcnc\u00fc ki\u015filere bildirilmesini isteme,<br \/>\n<\/span><\/p>\n<p><span style=\"font-weight: 400;\">\u2022 \u0130\u015flenen verilerinizin m\u00fcnhas\u0131ran otomatik sistemler vas\u0131tas\u0131yla analiz edilmesi suretiyle aleyhinize bir sonu\u00e7 ortaya \u00e7\u0131kmas\u0131na itiraz etme,<\/span><\/p>\n<p><span style=\"font-weight: 400;\">\u2022 Ki\u015fisel verilerinizin kanuna ayk\u0131r\u0131 olarak i\u015flenmesi sebebiyle zarara u\u011framan\u0131z halinde zarar\u0131n giderilmesini talep etme hakk\u0131n\u0131z bulunmaktad\u0131r.<br \/>\n<\/span><\/p>\n<p>\u0130lgili ki\u015filer olarak, haklar\u0131n\u0131za ili\u015fkin taleplerinizi belirtmek ve ki\u015fisel verileriniz \u00fczerindeki haklar\u0131n\u0131z\u0131 kullanmak amac\u0131yla; \u015eirketimiz internet sitesinden eri\u015febilece\u011finiz <strong><a href=\"https:\/\/form.jotform.com\/221103190295951\" target=\"_blank\" rel=\"noopener\">\u0130lgili Ki\u015fi Ba\u015fvuru Formu<\/a><\/strong>\u2019nu doldurarak ve bu formdaki y\u00f6ntemleri kullanarak, \u00dcniversiteler Mahallesi \u0130hsan Do\u011framac\u0131 Bulvar\u0131, Hal\u0131c\u0131 Yaz\u0131l\u0131mevi No:33\/Z01, 06800 \u00c7ankaya\/Ankara adresine fiziken yaz\u0131l\u0131 olarak, taraf\u0131n\u0131za tan\u0131ml\u0131 olan g\u00fcvenli elektronik imzayla veya mobil imzayla imzalanarak, KEP adresiniz vas\u0131tas\u0131yla \u015eirketimiz kay\u0131tl\u0131 elektronik posta adresi olan [info@evreka.co] adresine e-posta g\u00f6ndererek veya bizlere daha \u00f6nce bildirilen ve sistemlerimizde kay\u0131tl\u0131 bulunan elektronik posta adresinizi kullanmak suretiyle [info@evreka.co] adresimize e-posta g\u00f6ndererek; gerekli de\u011fi\u015fiklik, g\u00fcncelleme ve\/veya silme gibi i\u015flemleri ve ilgili talepleri ger\u00e7ekle\u015ftirebilirsiniz.<\/p>\n<p>\u0130lgili ki\u015filer olarak sahip oldu\u011funuz ve yukar\u0131da belirtilen haklar\u0131n\u0131z\u0131 kullanmak i\u00e7in yapaca\u011f\u0131n\u0131z ve kullanmay\u0131 talep etti\u011finiz hakka ili\u015fkin a\u00e7\u0131klamalar\u0131n\u0131z\u0131 i\u00e7eren ba\u015fvuruda; talep etti\u011finiz hususun a\u00e7\u0131k ve anla\u015f\u0131l\u0131r olmas\u0131, talep etti\u011finiz konunun \u015fahs\u0131n\u0131z ile ilgili olmas\u0131 veya ba\u015fkas\u0131 ad\u0131na hareket ediyor iseniz bu konuda \u00f6zel olarak yetkili olman\u0131z ve yetkinizi belgelendirilmesi, ba\u015fvurunun Veri Sorumlusuna Ba\u015fvuru Usul ve Esaslar\u0131 Hakk\u0131nda Tebli\u011f&#8217;de yer alan asgari ba\u015fvuru \u015fartlar\u0131n\u0131 ta\u015f\u0131mas\u0131 gerekmektedir. Kanun\u2019un 13. maddesinin 1. f\u0131kras\u0131 gere\u011fince, yukar\u0131da belirtilen haklar\u0131n\u0131z\u0131 kullanmak ile ilgili talebinizi, &#8220;Veri Sorumlusuna Ba\u015fvuru Usul ve Esaslar\u0131 Hakk\u0131nda Tebli\u011f&#8221;e istinaden a\u015fa\u011f\u0131daki bilgiler ile ger\u00e7ekle\u015ftirebilirsiniz:<\/p>\n<p><span style=\"font-weight: 400;\">\u2022 Ba\u015fvuru sahibinin ad\u0131 soyad\u0131,<br \/>\n<\/span><\/p>\n<p><span style=\"font-weight: 400;\">\u2022 Ba\u015fvuru sahibi T\u00fcrkiye Cumhuriyeti vatanda\u015f\u0131 ise T.C. Kimlik<br \/>\n<\/span><\/p>\n<p><span style=\"font-weight: 400;\">\u2022 Numaras\u0131, de\u011fil ise uyru\u011fu ile birlikte pasaport numaras\u0131 veya var ise kimlik numaras\u0131,<br \/>\n<\/span><\/p>\n<p><span style=\"font-weight: 400;\">\u2022 Ba\u015fvuru sahibinin tebligata esas yerle\u015fim yeri veya i\u015f yeri adresi,<br \/>\n<\/span><\/p>\n<p><span style=\"font-weight: 400;\">\u2022 Ba\u015fvuru sahibinin bildirime esas elektronik posta adresi, telefon veya faks numaras\u0131,<br \/>\n<\/span><\/p>\n<p><span style=\"font-weight: 400;\">\u2022 Talep konusu,<br \/>\n<\/span><\/p>\n<p><span style=\"font-weight: 400;\">\u2022 Talep konusuna istinaden bilgi ve belgeler,<br \/>\n<\/span><\/p>\n<p><span style=\"font-weight: 400;\">\u2022 Ba\u015fvuru y\u00f6ntemleri ve<br \/>\n<\/span><\/p>\n<p><span style=\"font-weight: 400;\">\u2022 <\/span>Ba\u015fvuru yaz\u0131l\u0131 ise imza.<\/p>\n<p>Belirtilen y\u00f6ntemlerle taleplerinizi bize iletmeniz durumunda \u015eirket, talebinizin niteli\u011fine g\u00f6re talebi en k\u0131sa s\u00fcrede ve en ge\u00e7 otuz g\u00fcn i\u00e7inde \u00fccretsiz olarak sonu\u00e7land\u0131racakt\u0131r. Ancak, i\u015flemin ayr\u0131ca bir maliyeti gerektirmesi h\u00e2linde, \u015eirket taraf\u0131ndan Ki\u015fisel Verileri Koruma Kurulu\u2019nca belirlenen tarifedeki \u00fccret al\u0131nacakt\u0131r.<\/p>\n<\/div>\n<\/div>\n","protected":false},"excerpt":{"rendered":"<p>G\u00fcncelleme Tarihi: [21.04.2022] Bu \u0130nternet Sitesi Gizlilik Politikas\u0131 ve Ki\u015fisel Veriler Ayd\u0131nlatma Metni (Politika), Evreka Yaz\u0131l\u0131m Donan\u0131m Dan\u0131\u015fmanl\u0131k E\u011fitim Sanayi Ve Ticaret Anonim \u015eirketi (\u015eirket) taraf\u0131ndan y\u00f6netilen ve i\u015fletilen https:\/\/evreka.co\/ alan adl\u0131 internet sitesini (Site) ziyaret eden ki\u015filerden (Ziyaret\u00e7i) elde edilen ve\/veya edilecek verilerin kullan\u0131m\u0131na ili\u015fkin h\u00fck\u00fcm ve ko\u015fullar ile verilerin i\u015flenme \u015fekilleri hakk\u0131nda Ziyaret\u00e7iler\u2019i [&hellip;]<\/p>\n","protected":false},"author":1,"featured_media":0,"parent":0,"menu_order":0,"comment_status":"closed","ping_status":"closed","template":"page-privacy-policy.php","meta":{"content-type":"","om_disable_all_campaigns":true,"inline_featured_image":false,"_monsterinsights_skip_tracking":false,"_monsterinsights_sitenote_active":false,"_monsterinsights_sitenote_note":"","_monsterinsights_sitenote_category":0,"footnotes":""},"class_list":["post-32936","page","type-page","status-publish","hentry"],"acf":[],"_links":{"self":[{"href":"https:\/\/evreka.co\/tr\/wp-json\/wp\/v2\/pages\/32936","targetHints":{"allow":["GET"]}}],"collection":[{"href":"https:\/\/evreka.co\/tr\/wp-json\/wp\/v2\/pages"}],"about":[{"href":"https:\/\/evreka.co\/tr\/wp-json\/wp\/v2\/types\/page"}],"author":[{"embeddable":true,"href":"https:\/\/evreka.co\/tr\/wp-json\/wp\/v2\/users\/1"}],"replies":[{"embeddable":true,"href":"https:\/\/evreka.co\/tr\/wp-json\/wp\/v2\/comments?post=32936"}],"version-history":[{"count":22,"href":"https:\/\/evreka.co\/tr\/wp-json\/wp\/v2\/pages\/32936\/revisions"}],"predecessor-version":[{"id":39703,"href":"https:\/\/evreka.co\/tr\/wp-json\/wp\/v2\/pages\/32936\/revisions\/39703"}],"wp:attachment":[{"href":"https:\/\/evreka.co\/tr\/wp-json\/wp\/v2\/media?parent=32936"}],"curies":[{"name":"wp","href":"https:\/\/api.w.org\/{rel}","templated":true}]}}