{"id":32209,"date":"2022-04-22T09:02:36","date_gmt":"2022-04-22T06:02:36","guid":{"rendered":"https:\/\/evreka.co\/?page_id=32209"},"modified":"2022-04-27T02:02:11","modified_gmt":"2022-04-26T23:02:11","slug":"dongusel-ekonomi-cozumleri","status":"publish","type":"page","link":"https:\/\/evreka.co\/tr\/dongusel-ekonomi-cozumleri\/","title":{"rendered":"D\u00f6ng\u00fcsel Ekonomi \u00c7\u00f6z\u00fcmleri"},"content":{"rendered":"<section class=\"subpage-hero subpage-hero--landing subpage-hero--landing-secondary\">\n\t<div class=\"subpage-hero-info\">\n\t\t<div class=\"container\">\n\t\t\t<div class=\"subpage-hero-info-text\">\n        <h1 class=\"h1\">D\u00f6ng\u00fcsel Ekonomi \u00c7\u00f6z\u00fcmleri<\/h1>\n        <p>\n          K\u00fcresel bir d\u00f6n\u00fcm noktas\u0131n\u0131n e\u015fi\u011finde, Evreka d\u00f6ng\u00fcsel ekonomiye ge\u00e7i\u015f i\u00e7in en yeni ve kapsaml\u0131 \u00e7\u00f6z\u00fcmleri ile yan\u0131n\u0131zda!        <\/p>\n\n\t\t\t\t        <a\n\t\t\t\t\thref=\"#request-modal\"\n\t\t\t\t\tclass=\"primary-button open-modal\"\n\t\t\t\t\t\t\t\t\t>\n\t\t\t\t\t\u00dccretsiz demo\t\t\t\t<\/a>\n\t\t\t\t      <\/div>\n\n\t\t\t<figure>\n\t\t\t\t<img\n\t\t\t\t\tsrc=\"https:\/\/evreka.co\/wp-content\/uploads\/2022\/04\/circular-economy-evreka.jpg\"\n\t\t\t\t\t\t\t\t\t\tsrcset=\"https:\/\/evreka.co\/wp-content\/uploads\/2022\/04\/circular-economy-evreka.jpg 1x, https:\/\/evreka.co\/wp-content\/uploads\/2022\/04\/evreka-circular-economy-.jpg 2x\"\n\t\t\t\t\t\t\t\t\t\talt=\"\"\n\t\t\t\t\/>\n      <\/figure>\n\t\t<\/div>\n  <\/div>\n<\/section>\n\n<div id=\"request-modal\" class=\"modal-wrap request-demo-modal mfp-hide\">\t\n    <iframe\n      id=\"JotFormIFrame-212372908719967\"\n      title=\"Demo Request Form\"\n      allowtransparency=\"true\"\n      allowfullscreen=\"true\"\n      allow=\"geolocation; microphone; camera\"\n      src=\"https:\/\/form.jotform.com\/212372908719967\"\n      frameborder=\"0\"\n      style=\"\n      min-width: 100%;\n      height:539px;\n      border:none;\"\n      scrolling=\"no\"\n    >\n    <\/iframe>\n    <script type=\"text\/javascript\">\n      var ifr = document.getElementById(\"JotFormIFrame-212372908719967\");\n      if (ifr) {\n        var src = ifr.src;\n        var iframeParams = [];\n        if (window.location.href && window.location.href.indexOf(\"?\") > -1) {\n          iframeParams = iframeParams.concat(window.location.href.substr(window.location.href.indexOf(\"?\") + 1).split('&'));\n        }\n        if (src && src.indexOf(\"?\") > -1) {\n          iframeParams = iframeParams.concat(src.substr(src.indexOf(\"?\") + 1).split(\"&\"));\n          src = src.substr(0, src.indexOf(\"?\"))\n        }\n        iframeParams.push(\"isIframeEmbed=1\");\n        ifr.src = src + \"?\" + iframeParams.join('&');\n      }\n      window.handleIFrameMessage = function(e) {\n        if (typeof e.data === 'object') { return; }\n        var args = e.data.split(\":\");\n        if (args.length > 2) { iframe = document.getElementById(\"JotFormIFrame-\" + args[(args.length - 1)]); } else { iframe = document.getElementById(\"JotFormIFrame\"); }\n        if (!iframe) { return; }\n        switch (args[0]) {\n          case \"scrollIntoView\":\n            iframe.scrollIntoView();\n            break;\n          case \"setHeight\":\n            iframe.style.height = args[1] + \"px\";\n            break;\n          case \"collapseErrorPage\":\n            if (iframe.clientHeight > window.innerHeight) {\n              iframe.style.height = window.innerHeight + \"px\";\n            }\n            break;\n          case \"reloadPage\":\n            window.location.reload();\n            break;\n          case \"loadScript\":\n            if( !window.isPermitted(e.origin, ['jotform.com', 'jotform.pro']) ) { break; }\n            var src = args[1];\n            if (args.length > 3) {\n                src = args[1] + ':' + args[2];\n            }\n            var script = document.createElement('script');\n            script.src = src;\n            script.type = 'text\/javascript';\n            document.body.appendChild(script);\n            break;\n          case \"exitFullscreen\":\n            if      (window.document.exitFullscreen)        window.document.exitFullscreen();\n            else if (window.document.mozCancelFullScreen)   window.document.mozCancelFullScreen();\n            else if (window.document.mozCancelFullscreen)   window.document.mozCancelFullScreen();\n            else if (window.document.webkitExitFullscreen)  window.document.webkitExitFullscreen();\n            else if (window.document.msExitFullscreen)      window.document.msExitFullscreen();\n            break;\n        }\n        var isJotForm = (e.origin.indexOf(\"jotform\") > -1) ? true : false;\n        if(isJotForm && \"contentWindow\" in iframe && \"postMessage\" in iframe.contentWindow) {\n          var urls = {\"docurl\":encodeURIComponent(document.URL),\"referrer\":encodeURIComponent(document.referrer)};\n          iframe.contentWindow.postMessage(JSON.stringify({\"type\":\"urls\",\"value\":urls}), \"*\");\n        }\n      };\n      window.isPermitted = function(originUrl, whitelisted_domains) {\n        var url = document.createElement('a');\n        url.href = originUrl;\n        var hostname = url.hostname;\n        var result = false;\n        if( typeof hostname !== 'undefined' ) {\n          whitelisted_domains.forEach(function(element) {\n              if( hostname.slice((-1 * element.length - 1)) === '.'.concat(element) ||  hostname === element ) {\n                  result = true;\n              }\n          });\n          return result;\n        }\n      };\n      if (window.addEventListener) {\n        window.addEventListener(\"message\", handleIFrameMessage, false);\n      } else if (window.attachEvent) {\n        window.attachEvent(\"onmessage\", handleIFrameMessage);\n      }\n      <\/script>\t\n<\/div>\n\n\n<section class=\"side-by-side-description side-by-side-description--landing\">\n\t<div class=\"container\">\n\n\t\t\n\t\t\t\t<div class=\"side-by-side-description-item\">\n\n\t\t\t<figure>\n\t\t\t\t<img\n\t\t\t\t\tsrc=\"https:\/\/evreka.co\/wp-content\/uploads\/2022\/03\/recycling-circular-economy-2-2.png\"\n\t\t\t\t\t\t\t\t\t\tsrcset=\"https:\/\/evreka.co\/wp-content\/uploads\/2022\/03\/recycling-circular-economy-2-2.png 1x, https:\/\/evreka.co\/wp-content\/uploads\/2022\/03\/recycling-circular-economy-2.png 2x\"\n\t\t\t\t\t\t\t\t\t\talt=\"\"\n\t\t\t\t\/>\n\t\t\t<\/figure>\n\n\t\t\t<div class=\"side-by-side-description-item-list\">\n\t\t\t\t<ul>\n\t\t\t\t\t<li>\n\t\t\t\t\t\t<h3>D\u00f6ng\u00fcsel ekonomi nedir?<\/h3>\n\n\t\t\t\t\t\t<p>Canl\u0131lar\u0131n d\u00fcnyas\u0131nda at\u0131\u011fa ya da israfa yer yok. Her \u015fey d\u00f6ng\u00fcsel bir ak\u0131\u015f i\u00e7inde tekrar tekrar kullan\u0131l\u0131yor. \u00d6rne\u011fin, bir t\u00fcr\u00fcn at\u0131\u011f\u0131 di\u011ferini besleyebilir ve enerji de do\u011fal kaynaklardan geliyor. Do\u011fadan ilham alan d\u00f6ng\u00fcsel ekonomi modeli de s\u00fcrd\u00fcr\u00fclebilir kalk\u0131nma i\u00e7in \u00fcretim zincirindeki pek \u00e7ok fakt\u00f6r\u00fc birbirine ba\u011flayarak kaynaklar\u0131n verimli bir \u015fekilde geri kazan\u0131m\u0131n\u0131 sa\u011fl\u0131yor. Bu modelin tasar\u0131m temelli ilkeleri ise \u015fu \u015fekilde:<\/p><p>\u2022 Geri d\u00f6n\u00fc\u015ft\u00fcr\u00fclebilir \u00fcr\u00fcn tasar\u0131m\u0131 ile at\u0131\u011f\u0131 ve kirlili\u011fi ortadan kald\u0131rma<\/p><p>\u2022 Biyolojik materyalleri geri kazanarak do\u011fal sistemleri yenileme ve \u00e7e\u015fitlili\u011fi art\u0131rma<\/p><p>\u2022 At\u0131k y\u00f6netimi yoluyla \u00fcr\u00fcn ve malzemeleri kaliteli bir \u015fekilde tekrar tekrar d\u00f6ng\u00fcye sokma<\/p><p>D\u00f6ng\u00fcsel ekonomi ilkeleri, \u0130nsan\u0131n do\u011fa \u00fczerindeki etkisinin yenileyici olmas\u0131 gerekti\u011fini i\u015faret ediyor. Kar maksimizasyonu paradigmas\u0131n\u0131 a\u015farak adeta orman ekosistemleri gibi i\u015f birli\u011fi yapmal\u0131 ve verimli at\u0131k y\u00f6netimi ile yeni kaynaklar elde etmeliyiz.<\/p>\n\t\t\t\t\t\t\t\t\t\t\t<\/li>\n\t\t\t\t<\/ul>\n\t\t\t<\/div>\n\t\t<\/div>\n\t\t\t\t<div class=\"side-by-side-description-item\">\n\n\t\t\t<figure>\n\t\t\t\t<img\n\t\t\t\t\tsrc=\"https:\/\/evreka.co\/wp-content\/uploads\/2022\/02\/A-guide-to-circular-economy-and-sustainable-waste-management-2-min.jpg\"\n\t\t\t\t\t\t\t\t\t\talt=\"\"\n\t\t\t\t\/>\n\t\t\t<\/figure>\n\n\t\t\t<div class=\"side-by-side-description-item-list\">\n\t\t\t\t<ul>\n\t\t\t\t\t<li>\n\t\t\t\t\t\t<h3>Faydalar<\/h3>\n\n\t\t\t\t\t\t<p><span style=\"font-size: revert; color: initial;\">\u2022 Geri d\u00f6n\u00fc\u015f\u00fcm ve geri kazan\u0131m merkezlerinde maksimum tedarik ve sevkiyat kontrol\u00fc<\/span><\/p><p><span style=\"font-size: revert; color: initial;\">\u2022 <\/span>Maliyet, zaman ve enerji a\u00e7\u0131s\u0131ndan verimli ve s\u00fcrd\u00fcr\u00fclebilir at\u0131k y\u00f6netim \u00e7\u00f6z\u00fcmleri ile yeni kaynaklar yaratma<\/p><p><span style=\"font-size: revert; color: initial;\">\u2022 <\/span>U\u00e7tan uca ve sorunsuz bir ak\u0131\u015f i\u00e7in ger\u00e7ek zamanl\u0131 veriler<\/p><p><span style=\"font-size: revert; color: initial;\">\u2022 <\/span>Farkl\u0131 sistemleri entegre eden ve de\u011fi\u015fik durumlara uyarlanabilen kurumsal kaynak planlamas\u0131 (ERP)<\/p><p><span style=\"font-size: revert; color: initial;\">\u2022 <\/span>\u015eeffaf Geni\u015fletilmi\u015f \u00dcretici Sorumlulu\u011fu (EPR) \u015femalar\u0131<\/p><p><span style=\"font-size: revert; color: initial;\">\u2022 <\/span>T\u00fcm payda\u015flar aras\u0131nda kurulan etkili ileti\u015fim yoluyla kolayla\u015fan i\u015f birli\u011fi<\/p><p><span style=\"font-size: revert; color: initial;\">\u2022 <\/span>Azalan karbon emisyonu<\/p><p><span style=\"font-size: revert; color: initial;\">\u2022 <\/span>Daha az enerji ile daha verimli \u00fcretim<\/p><p><span style=\"font-size: revert; color: initial;\">\u2022 <\/span>Ortadan kalkan ye\u015fil enflasyon (greenflation) riski\u00a0<\/p><p><span style=\"font-size: revert; color: initial;\">\u2022 <\/span>\u00c7evresel, sosyal ve kurumsal y\u00f6neti\u015fim (ESG) kriterlerine kolay uyum<\/p>\n\t\t\t\t\t\t\t\t\t\t\t<\/li>\n\t\t\t\t<\/ul>\n\t\t\t<\/div>\n\t\t<\/div>\n\t\t\t\t<div class=\"side-by-side-description-item\">\n\n\t\t\t<figure>\n\t\t\t\t<img\n\t\t\t\t\tsrc=\"https:\/\/evreka.co\/wp-content\/uploads\/2022\/03\/apply-2-1X.png\"\n\t\t\t\t\t\t\t\t\t\tsrcset=\"https:\/\/evreka.co\/wp-content\/uploads\/2022\/03\/apply-2-1X.png 1x, https:\/\/evreka.co\/wp-content\/uploads\/2022\/03\/apply-2-2X.png 2x\"\n\t\t\t\t\t\t\t\t\t\talt=\"\"\n\t\t\t\t\/>\n\t\t\t<\/figure>\n\n\t\t\t<div class=\"side-by-side-description-item-list\">\n\t\t\t\t<ul>\n\t\t\t\t\t<li>\n\t\t\t\t\t\t<h3>Evreka \u00e7\u00f6z\u00fcmleri size nas\u0131l yard\u0131mc\u0131 oluyor?<\/h3>\n\n\t\t\t\t\t\t<p>EvrekaCrew, verimli at\u0131k y\u00f6netiminin daha iyi bir d\u00fcnya yaratmak i\u00e7in ne kadar \u00f6nemli oldu\u011funun fark\u0131nda. Hepsi bir arada ve u\u00e7tan uca \u00e7\u00f6z\u00fcmlerimizi devaml\u0131 g\u00fcncelleyerek d\u00f6ng\u00fcsel ekonomiye ge\u00e7i\u015f s\u00fcrecinde rehberiniz olmak istiyoruz.<\/p><p>\u2022 <strong>Verimli at\u0131k ayr\u0131\u015ft\u0131rma ve toplama<\/strong><\/p><p>Geri d\u00f6n\u00fc\u015f\u00fcm a\u015famas\u0131ndaki son ana kadar ayr\u0131 at\u0131k t\u00fcrlerinin kar\u0131\u015fmamas\u0131n\u0131 sa\u011flay\u0131n.<\/p><p>\u2022 G<strong>er\u00e7ek zamanl\u0131 veriler \u0131\u015f\u0131\u011f\u0131nda planlama<\/strong><\/p><p>Vatanda\u015flar, \u00e7al\u0131\u015fanlar ve m\u00fc\u015fterilerle ili\u015fkilerden varl\u0131k y\u00f6netimi ve rota optimizasyonuna kadar her ad\u0131m\u0131 maliyet, zaman ve enerji kullan\u0131m\u0131 a\u00e7\u0131s\u0131ndan e\u015f zamanl\u0131 olarak kontrol edin.<\/p>\n\t\t\t\t\t\t\t\t\t\t\t<\/li>\n\t\t\t\t<\/ul>\n\t\t\t<\/div>\n\t\t<\/div>\n\t\t\t\t<div class=\"side-by-side-description-item\">\n\n\t\t\t<figure>\n\t\t\t\t<img\n\t\t\t\t\tsrc=\"https:\/\/evreka.co\/wp-content\/uploads\/2022\/03\/plastic-recycling-1x-2.png\"\n\t\t\t\t\t\t\t\t\t\tsrcset=\"https:\/\/evreka.co\/wp-content\/uploads\/2022\/03\/plastic-recycling-1x-2.png 1x, https:\/\/evreka.co\/wp-content\/uploads\/2022\/03\/plastic-recycling-2x-2.png 2x\"\n\t\t\t\t\t\t\t\t\t\talt=\"\"\n\t\t\t\t\/>\n\t\t\t<\/figure>\n\n\t\t\t<div class=\"side-by-side-description-item-list\">\n\t\t\t\t<ul>\n\t\t\t\t\t<li>\n\t\t\t\t\t\t<h3>Evreka \u00e7\u00f6z\u00fcmleri size nas\u0131l yard\u0131mc\u0131 oluyor?<\/h3>\n\n\t\t\t\t\t\t<p><strong>\u2022 \u00c7evik d\u00f6n\u00fc\u015f\u00fcm ve optimizasyon i\u00e7in bulut tabanl\u0131 \u00e7\u00f6z\u00fcmler<\/strong><\/p><p>IoT algoritmalar\u0131 ile geli\u015ftirilen bulut tabanl\u0131 \u00e7\u00f6z\u00fcmler ile t\u00fcm at\u0131k y\u00f6netimi operasyonlar\u0131n\u0131 tek \u00e7at\u0131 alt\u0131nda y\u00fcr\u00fct\u00fcn<\/p><p>\u2022<strong> \u00c7evrim i\u00e7i belgeleme ve geli\u015fmi\u015f envanter y\u00f6netimi<\/strong><\/p><p>G\u00f6zetim zinciri, EPR ve di\u011fer yasal y\u00fck\u00fcml\u00fcl\u00fckleri \u00e7evrim i\u00e7i ve \u00f6zelle\u015ftirilebilir belgeler olu\u015fturarak kolayca y\u00f6netin.<\/p><p>\u2022<strong> Geri d\u00f6n\u00fc\u015f\u00fcm ve geri kazan\u0131m merkezlerinde maksimum kontrol<\/strong><\/p><p>\u0130zlenebilirlik sorunlar\u0131n\u0131 ortadan kald\u0131rmak i\u00e7in tedarik ve sevkiyat kontrol\u00fcn\u00fc mobil uygulama yoluyla denetleyin ve verimi art\u0131r\u0131n.<\/p><p>\u2022<strong> Daha ye\u015fil \u00e7\u00f6z\u00fcmler<\/strong><\/p><p>Karbonsuz ekonomiden k\u00fcresel \u0131s\u0131nmay\u0131 1,5 derecenin alt\u0131nda tutmaya kadar t\u00fcm k\u00fcresel 2050 iklim hedeflerine destek olun.<\/p>\n\t\t\t\t\t\t\t\t\t\t\t<\/li>\n\t\t\t\t<\/ul>\n\t\t\t<\/div>\n\t\t<\/div>\n\t\t\n\t<\/div>\n<\/section>\n\n\n<section class=\"cta-section\">\n\t<p>\n\t\tEvreka; 2050 i\u00e7in \u00f6ng\u00f6r\u00fclen iklim, d\u00f6ng\u00fcsel ekonomi ve ye\u015fil altyap\u0131 hedeflerine ula\u015fmak i\u00e7in herkesi ve her kurumu en kapsaml\u0131 at\u0131k y\u00f6netimi \u00e7\u00f6z\u00fcmleriyle desteklemeye haz\u0131r.\n\t<\/p>\n\t\n\t\t\n\t\t<a href=\"https:\/\/evreka.co\/tr\/demo-talebi\/\" class=\"primary-button\">\n\t\t\u00dccretsiz demo\t<\/a>\n\t\n\t\t\n\t\n\n<\/section>\n\n<section class=\"speakers\">\n  <div class=\"container\">\n    <h5 class=\"h1\">References<\/h5>\n\n    <ul>\n\n\t\t\t      <li>\n\t\t\t\t<img\n\t\t\t\t\tsrc=\"https:\/\/evreka.co\/wp-content\/uploads\/2021\/11\/albalogo.webp\"\n\t\t\t\t\t\t\t\t\t\talt=\"\"\n\t\t\t\t\/>\n        <strong><\/strong>\n        <span><\/span>\n      <\/li>\n\t\t\t      <li>\n\t\t\t\t<img\n\t\t\t\t\tsrc=\"https:\/\/evreka.co\/wp-content\/uploads\/2021\/01\/Averda-Testimonial-Evreka.png\"\n\t\t\t\t\t\t\t\t\t\talt=\"\"\n\t\t\t\t\/>\n        <strong><\/strong>\n        <span><\/span>\n      <\/li>\n\t\t\t      <li>\n\t\t\t\t<img\n\t\t\t\t\tsrc=\"https:\/\/evreka.co\/wp-content\/uploads\/2021\/07\/genio-roi-analysis.jpg\"\n\t\t\t\t\t\t\t\t\t\talt=\"\"\n\t\t\t\t\/>\n        <strong><\/strong>\n        <span><\/span>\n      <\/li>\n\t\t\t\n    <\/ul>\n\n  <\/div>\n<\/section>","protected":false},"excerpt":{"rendered":"","protected":false},"author":29,"featured_media":31917,"parent":0,"menu_order":0,"comment_status":"closed","ping_status":"closed","template":"page-landing.php","meta":{"content-type":"","om_disable_all_campaigns":false,"inline_featured_image":false,"_monsterinsights_skip_tracking":false,"_monsterinsights_sitenote_active":false,"_monsterinsights_sitenote_note":"","_monsterinsights_sitenote_category":0,"footnotes":""},"class_list":["post-32209","page","type-page","status-publish","has-post-thumbnail","hentry"],"acf":[],"_links":{"self":[{"href":"https:\/\/evreka.co\/tr\/wp-json\/wp\/v2\/pages\/32209","targetHints":{"allow":["GET"]}}],"collection":[{"href":"https:\/\/evreka.co\/tr\/wp-json\/wp\/v2\/pages"}],"about":[{"href":"https:\/\/evreka.co\/tr\/wp-json\/wp\/v2\/types\/page"}],"author":[{"embeddable":true,"href":"https:\/\/evreka.co\/tr\/wp-json\/wp\/v2\/users\/29"}],"replies":[{"embeddable":true,"href":"https:\/\/evreka.co\/tr\/wp-json\/wp\/v2\/comments?post=32209"}],"version-history":[{"count":11,"href":"https:\/\/evreka.co\/tr\/wp-json\/wp\/v2\/pages\/32209\/revisions"}],"predecessor-version":[{"id":33154,"href":"https:\/\/evreka.co\/tr\/wp-json\/wp\/v2\/pages\/32209\/revisions\/33154"}],"wp:featuredmedia":[{"embeddable":true,"href":"https:\/\/evreka.co\/tr\/wp-json\/wp\/v2\/media\/31917"}],"wp:attachment":[{"href":"https:\/\/evreka.co\/tr\/wp-json\/wp\/v2\/media?parent=32209"}],"curies":[{"name":"wp","href":"https:\/\/api.w.org\/{rel}","templated":true}]}}