{"id":20092,"date":"2021-05-04T10:42:35","date_gmt":"2021-05-04T07:42:35","guid":{"rendered":"https:\/\/evreka.co\/cutting-edge-waste-management-solutions\/"},"modified":"2021-06-24T10:33:29","modified_gmt":"2021-06-24T07:33:29","slug":"yuksek-teknolojili-atik-yonetim-cozumleri","status":"publish","type":"page","link":"https:\/\/evreka.co\/tr\/yuksek-teknolojili-atik-yonetim-cozumleri\/","title":{"rendered":"Y\u00fcksek Teknolojili At\u0131k Y\u00f6netim \u00c7\u00f6z\u00fcmleri"},"content":{"rendered":"<section class=\"subpage-hero subpage-hero--landing subpage-hero--landing-secondary\">\n\t<div class=\"subpage-hero-info\">\n\t\t<div class=\"container\">\n\t\t\t<div class=\"subpage-hero-info-text\">\n        <h1 class=\"h1\">Son Teknoloji<span> <font size=\u201c7\u201d>At\u0131k Y\u00f6netim \u00c7\u00f6z\u00fcmleri<\/font><\/span> <h2>Operasyonel m\u00fckemmelli\u011fi hemen elde edin<\/h2><\/h1>\n        <p>\n          <p>T\u00fcm s\u00fcreci dijitalle\u015ftirmek ve operasyonel verimlili\u011fi art\u0131rmak i\u00e7in Evreka&#8217;n\u0131n ak\u0131ll\u0131 at\u0131k y\u00f6netimi \u00e7\u00f6z\u00fcmlerini ke\u015ffedin<\/p>        <\/p>\n\n\t\t\t\t        <a\n\t\t\t\t\thref=\"#request-modal\"\n\t\t\t\t\tclass=\"primary-button open-modal\"\n\t\t\t\t\t\t\t\t\t>\n\t\t\t\t\tOperasyonlar\u0131n\u0131z\u0131 \u015fimdi geli\u015ftirin\t\t\t\t<\/a>\n\t\t\t\t      <\/div>\n\n\t\t\t<figure>\n\t\t\t\t<img\n\t\t\t\t\tsrc=\"https:\/\/evreka.co\/wp-content\/uploads\/2021\/04\/Waste-Management-1-2.png\"\n\t\t\t\t\t\t\t\t\t\tsrcset=\"https:\/\/evreka.co\/wp-content\/uploads\/2021\/04\/Waste-Management-1-2.png 1x, https:\/\/evreka.co\/wp-content\/uploads\/2021\/04\/Waste-Management-2-2.png 2x\"\n\t\t\t\t\t\t\t\t\t\talt=\"\"\n\t\t\t\t\/>\n      <\/figure>\n\t\t<\/div>\n  <\/div>\n<\/section>\n\n<div id=\"request-modal\" class=\"modal-wrap request-demo-modal mfp-hide\">\t\n    <iframe\n      id=\"JotFormIFrame-212372908719967\"\n      title=\"Demo Request Form\"\n      allowtransparency=\"true\"\n      allowfullscreen=\"true\"\n      allow=\"geolocation; microphone; camera\"\n      src=\"https:\/\/form.jotform.com\/212372908719967\"\n      frameborder=\"0\"\n      style=\"\n      min-width: 100%;\n      height:539px;\n      border:none;\"\n      scrolling=\"no\"\n    >\n    <\/iframe>\n    <script type=\"text\/javascript\">\n      var ifr = document.getElementById(\"JotFormIFrame-212372908719967\");\n      if (ifr) {\n        var src = ifr.src;\n        var iframeParams = [];\n        if (window.location.href && window.location.href.indexOf(\"?\") > -1) {\n          iframeParams = iframeParams.concat(window.location.href.substr(window.location.href.indexOf(\"?\") + 1).split('&'));\n        }\n        if (src && src.indexOf(\"?\") > -1) {\n          iframeParams = iframeParams.concat(src.substr(src.indexOf(\"?\") + 1).split(\"&\"));\n          src = src.substr(0, src.indexOf(\"?\"))\n        }\n        iframeParams.push(\"isIframeEmbed=1\");\n        ifr.src = src + \"?\" + iframeParams.join('&');\n      }\n      window.handleIFrameMessage = function(e) {\n        if (typeof e.data === 'object') { return; }\n        var args = e.data.split(\":\");\n        if (args.length > 2) { iframe = document.getElementById(\"JotFormIFrame-\" + args[(args.length - 1)]); } else { iframe = document.getElementById(\"JotFormIFrame\"); }\n        if (!iframe) { return; }\n        switch (args[0]) {\n          case \"scrollIntoView\":\n            iframe.scrollIntoView();\n            break;\n          case \"setHeight\":\n            iframe.style.height = args[1] + \"px\";\n            break;\n          case \"collapseErrorPage\":\n            if (iframe.clientHeight > window.innerHeight) {\n              iframe.style.height = window.innerHeight + \"px\";\n            }\n            break;\n          case \"reloadPage\":\n            window.location.reload();\n            break;\n          case \"loadScript\":\n            if( !window.isPermitted(e.origin, ['jotform.com', 'jotform.pro']) ) { break; }\n            var src = args[1];\n            if (args.length > 3) {\n                src = args[1] + ':' + args[2];\n            }\n            var script = document.createElement('script');\n            script.src = src;\n            script.type = 'text\/javascript';\n            document.body.appendChild(script);\n            break;\n          case \"exitFullscreen\":\n            if      (window.document.exitFullscreen)        window.document.exitFullscreen();\n            else if (window.document.mozCancelFullScreen)   window.document.mozCancelFullScreen();\n            else if (window.document.mozCancelFullscreen)   window.document.mozCancelFullScreen();\n            else if (window.document.webkitExitFullscreen)  window.document.webkitExitFullscreen();\n            else if (window.document.msExitFullscreen)      window.document.msExitFullscreen();\n            break;\n        }\n        var isJotForm = (e.origin.indexOf(\"jotform\") > -1) ? true : false;\n        if(isJotForm && \"contentWindow\" in iframe && \"postMessage\" in iframe.contentWindow) {\n          var urls = {\"docurl\":encodeURIComponent(document.URL),\"referrer\":encodeURIComponent(document.referrer)};\n          iframe.contentWindow.postMessage(JSON.stringify({\"type\":\"urls\",\"value\":urls}), \"*\");\n        }\n      };\n      window.isPermitted = function(originUrl, whitelisted_domains) {\n        var url = document.createElement('a');\n        url.href = originUrl;\n        var hostname = url.hostname;\n        var result = false;\n        if( typeof hostname !== 'undefined' ) {\n          whitelisted_domains.forEach(function(element) {\n              if( hostname.slice((-1 * element.length - 1)) === '.'.concat(element) ||  hostname === element ) {\n                  result = true;\n              }\n          });\n          return result;\n        }\n      };\n      if (window.addEventListener) {\n        window.addEventListener(\"message\", handleIFrameMessage, false);\n      } else if (window.attachEvent) {\n        window.attachEvent(\"onmessage\", handleIFrameMessage);\n      }\n      <\/script>\t\n<\/div>\n\n\n<section class=\"speakers\">\n  <div class=\"container\">\n    <h5 class=\"h1\"><span>Referanslar<\/span><\/h5>\n\n    <ul>\n\n\t\t\t      <li>\n\t\t\t\t<img\n\t\t\t\t\tsrc=\"https:\/\/evreka.co\/wp-content\/uploads\/2021\/02\/averda-roi-analysis.jpg\"\n\t\t\t\t\t\t\t\t\t\talt=\"\"\n\t\t\t\t\/>\n        <strong><\/strong>\n        <span><\/span>\n      <\/li>\n\t\t\t      <li>\n\t\t\t\t<img\n\t\t\t\t\tsrc=\"https:\/\/evreka.co\/wp-content\/uploads\/2021\/02\/turkish-red-crescent-logo.png\"\n\t\t\t\t\t\t\t\t\t\talt=\"\"\n\t\t\t\t\/>\n        <strong><\/strong>\n        <span><\/span>\n      <\/li>\n\t\t\t      <li>\n\t\t\t\t<img\n\t\t\t\t\tsrc=\"https:\/\/evreka.co\/wp-content\/uploads\/2021\/02\/genio-roi-analysis.jpg\"\n\t\t\t\t\t\t\t\t\t\talt=\"\"\n\t\t\t\t\/>\n        <strong><\/strong>\n        <span><\/span>\n      <\/li>\n\t\t\t\n    <\/ul>\n\n  <\/div>\n<\/section>\n\n<section class=\"side-by-side-video\">\n  <div class=\"container\">\n\n        <div class=\"video-content\">\n      <div class=\"video-content-video\">\n        <iframe loading=\"lazy\" width=\"560\" height=\"315\" src=\"https:\/\/www.youtube.com\/embed\/HfWJc4X6d0k\" title=\"YouTube video player\" frameborder=\"0\" allow=\"accelerometer; autoplay; clipboard-write; encrypted-media; gyroscope; picture-in-picture\" allowfullscreen><\/iframe>      <\/div>\n      <div class=\"video-content-content\">\n        <h4 class=\"h2\">\u0130neg\u00f6l Belediyesi Ak\u0131ll\u0131 At\u0131k Toplama Sistemi<\/h4>\n        <blockquote>\n<p>\u015eehirlerin gelece\u011fi \u015fu anda teknoloji ve ak\u0131ll\u0131 \u00e7\u00f6z\u00fcmlerden olu\u015fuyor. Ak\u0131ll\u0131 \u015eehirleri kullanmal\u0131y\u0131z. Evreka, d\u00fcnya \u00e7ap\u0131nda at\u0131k y\u00f6netimi kategorisinin tamam\u0131 i\u00e7in tasarlanm\u0131\u015f en kapsaml\u0131 ak\u0131ll\u0131 \u00e7\u00f6z\u00fcm\u00fc sa\u011flayan lider bir SaaS \u015firketi. Evreka, u\u00e7tan uca \u00e7\u00f6z\u00fcmler ve son teknoloji \u00fcr\u00fcnler sunman\u0131n yan\u0131 s\u0131ra operasyonel m\u00fckemmelli\u011fi garanti ederek at\u0131k y\u00f6netimi i\u015fini yeniden \u015fekillendirmeyi hedefliyor.<\/p>\n<\/blockquote>      <\/div>\n    <\/div>\n        <div class=\"video-content video-content--big\">\n      <div class=\"video-content-video\">\n        <iframe loading=\"lazy\" width=\"560\" height=\"315\" src=\"https:\/\/www.youtube.com\/embed\/Y5ITuu5MTQI\" title=\"YouTube video player\" frameborder=\"0\" allow=\"accelerometer; autoplay; clipboard-write; encrypted-media; gyroscope; picture-in-picture\" allowfullscreen><\/iframe>      <\/div>\n      <div class=\"video-content-content\">\n        <h4 class=\"h2\">Akhisar Belediyesi Ak\u0131ll\u0131 At\u0131k Toplama Sistemi<\/h4>\n        <p>En yeni yaz\u0131l\u0131m ve donan\u0131m \u00e7\u00f6z\u00fcmleriyle belediye kat\u0131 at\u0131k operasyonlar\u0131n\u0131 y\u00f6netin ve en y\u00fcksek \u00fcretkenlik ve verimlili\u011fin keyfini \u00e7\u0131kar\u0131n<\/p>      <\/div>\n    <\/div>\n    \n  <\/div>\n<\/section>\n\n<section class=\"side-by-side-description\">\n\t<div class=\"container\">\n\n\t\t\n\t\t\t\t<div class=\"side-by-side-description-item\">\n\n\t\t\t<figure>\n\t\t\t\t<img\n\t\t\t\t\tsrc=\"https:\/\/evreka.co\/wp-content\/uploads\/2021\/04\/Waste-management-truck-software-1.png\"\n\t\t\t\t\t\t\t\t\t\tsrcset=\"https:\/\/evreka.co\/wp-content\/uploads\/2021\/04\/Waste-management-truck-software-1.png 1x, https:\/\/evreka.co\/wp-content\/uploads\/2021\/04\/Waste-management-truck-software-b.png 2x\"\n\t\t\t\t\t\t\t\t\t\talt=\"\"\n\t\t\t\t\/>\n\t\t\t<\/figure>\n\n\t\t\t<div class=\"side-by-side-description-item-list\">\n\t\t\t\t<ul>\n\t\t\t\t\t<li>\n\t\t\t\t\t\t<h3>At\u0131k y\u00f6netimi i\u00e7in u\u00e7tan u\u00e7a en kapsaml\u0131 yaz\u0131l\u0131m<\/h3>\n\n\t\t\t\t\t\t<p>\u0130\u015fletmelere ve belediyelere, t\u00fcm at\u0131k y\u00f6netimi ve geri d\u00f6n\u00fc\u015f\u00fcm kategorisi i\u00e7in uygun ak\u0131ll\u0131 at\u0131k y\u00f6netimi \u00e7\u00f6z\u00fcmleri sunuyoruz. Bu \u00e7\u00f6z\u00fcmler, varl\u0131klar\u0131n\u0131z\u0131 kolayca y\u00f6netmenize, konteynerlerin dolum seviyesini ve s\u0131cakl\u0131\u011f\u0131n\u0131 kontrol etmenize, co\u011frafi s\u0131n\u0131r teknolojisine dayal\u0131 filo y\u00f6netimini iyile\u015ftirmenize ve \u00e7ok daha fazlas\u0131na olanak tan\u0131r! Verimlili\u011fi optimize etmeye ve i\u015f performans\u0131n\u0131 en \u00fcst d\u00fczeye \u00e7\u0131karmaya bug\u00fcnden ba\u015flay\u0131n.<\/p>\n\t\t\t\t\t\t\t\t\t\t\t<\/li>\n\t\t\t\t<\/ul>\n\t\t\t<\/div>\n\t\t<\/div>\n\t\t\t\t<div class=\"side-by-side-description-item\">\n\n\t\t\t<figure>\n\t\t\t\t<img\n\t\t\t\t\tsrc=\"https:\/\/evreka.co\/wp-content\/uploads\/2021\/01\/Rectangle-2299-39.png\"\n\t\t\t\t\t\t\t\t\t\tsrcset=\"https:\/\/evreka.co\/wp-content\/uploads\/2021\/01\/Rectangle-2299-39.png 1x, https:\/\/evreka.co\/wp-content\/uploads\/2021\/01\/Rectangle-2299@2x-39.png 2x\"\n\t\t\t\t\t\t\t\t\t\talt=\"\"\n\t\t\t\t\/>\n\t\t\t<\/figure>\n\n\t\t\t<div class=\"side-by-side-description-item-list\">\n\t\t\t\t<ul>\n\t\t\t\t\t<li>\n\t\t\t\t\t\t<h3>Y\u00fcksek teknolojinin avantajlar\u0131ndan yararlan\u0131n<\/h3>\n\n\t\t\t\t\t\t<p>\u2022 At\u0131k y\u00f6netimi operasyonlar\u0131n\u0131zda kullan\u0131lan varl\u0131klar\u0131n dolum seviyesini, hareketini, s\u0131cakl\u0131\u011f\u0131n\u0131 ve konumunu takip edin<\/p><p>\u2022 Elektronik ekipmanlarla filolar\u0131n\u0131z\u0131n ger\u00e7ek zamanl\u0131 konumunu izleyin<\/p><p>\u2022 \u00c7al\u0131\u015fan faaliyetleri hakk\u0131nda bilgi sahibi olun ve g\u00f6revlerin yerine getirilmesini zahmetsizce tek merkezden y\u00f6netin<\/p><p>\u2022 Yetkililer ve m\u00fc\u015fteriler aras\u0131ndaki ileti\u015fimi kolayla\u015ft\u0131r\u0131n<\/p><p>\u2022 Verimlili\u011fi art\u0131r\u0131n ve operasyonlar\u0131n\u0131zdaki her g\u00f6revi kontrol edin<\/p><p>\u2022 At\u0131k \u00fcreticileri ve at\u0131k y\u00f6netimi \u015firketleri aras\u0131ndaki ileti\u015fim sorunlar\u0131n\u0131 \u00e7\u00f6z\u00fcn<\/p>\n\t\t\t\t\t\t\t\t\t\t\t<\/li>\n\t\t\t\t<\/ul>\n\t\t\t<\/div>\n\t\t<\/div>\n\t\t\t\t<div class=\"side-by-side-description-item\">\n\n\t\t\t<figure>\n\t\t\t\t<img\n\t\t\t\t\tsrc=\"https:\/\/evreka.co\/wp-content\/uploads\/2021\/05\/smart-waste-management-opportunities.png\"\n\t\t\t\t\t\t\t\t\t\tsrcset=\"https:\/\/evreka.co\/wp-content\/uploads\/2021\/05\/smart-waste-management-opportunities.png 1x, https:\/\/evreka.co\/wp-content\/uploads\/2021\/05\/smart-waste-management-opportunities-2.png 2x\"\n\t\t\t\t\t\t\t\t\t\talt=\"\"\n\t\t\t\t\/>\n\t\t\t<\/figure>\n\n\t\t\t<div class=\"side-by-side-description-item-list\">\n\t\t\t\t<ul>\n\t\t\t\t\t<li>\n\t\t\t\t\t\t<h3>Yeni f\u0131rsatlar kazanman\u0131n zaman\u0131 geldi<\/h3>\n\n\t\t\t\t\t\t<p>Evreka&#8217;n\u0131n <strong>hepsi bir arada platformu<\/strong>, at\u0131k y\u00f6netimi hizmetlerinde devrim yarat\u0131yor ve eksiksiz m\u00fc\u015fteri memnuniyeti vaat ediyor. Ak\u0131ll\u0131 at\u0131k y\u00f6netimi \u00e7\u00f6z\u00fcmlerini kullanmak, i\u015fletmenizin geli\u015fmi\u015f verimlilik ve s\u00fcrd\u00fcr\u00fclebilirli\u011fin keyfini \u00e7\u0131karmas\u0131n\u0131 sa\u011flar. Evreka, \u00e7\u00f6z\u00fcmlerini son teknoloji trendlerini ve \u00f6zel m\u00fc\u015fteri ihtiya\u00e7lar\u0131n\u0131 g\u00f6z \u00f6n\u00fcnde bulundurarak tasarlar. Teknolojiyi i\u015f s\u00fcrecinize entegre edelim ve operasyonel veririmlili\u011finizi y\u00fckseltelim!<\/p>\n\t\t\t\t\t\t\t\t\t\t\t\t<a\n\t\t\t\t\t\t\thref=\"#request-modal\"\n\t\t\t\t\t\t\tclass=\"primary-button open-modal\"\n\t\t\t\t\t\t\t\t\t\t\t\t\t>\n\t\t\t\t\t\t\tUZMAN G\u00d6R\u00dc\u015e\u00dc ALIN\t\t\t\t\t\t<\/a>\n\t\t\t\t\t\t\t\t\t\t\t<\/li>\n\t\t\t\t<\/ul>\n\t\t\t<\/div>\n\t\t<\/div>\n\t\t\n\t<\/div>\n<\/section>\n\n\n<section class=\"corporate-testimonial\">\n\t\t<div class=\"container\">\t\t\n\t\t<figure>\n\t\t\t<img\n\t\t\t\tsrc=\"https:\/\/evreka.co\/wp-content\/uploads\/2021\/04\/averda_logo-1.png\"\n\t\t\t\t\t\t\t\talt=\"\"\n\t\t\t\/>\n\t\t<\/figure>\n\n\t\t<div class=\"corporate-testimonial__text\">\t\t\t\t\n\t\t\t<p>\n\t\t\t\tEvreka, Averda&#8217;n\u0131n t\u00fcm operasyonel ihtiya\u00e7lar\u0131n\u0131 kar\u015f\u0131layan benzersiz bir \u015fekilde uyarlanm\u0131\u015f bir \u00e7\u00f6z\u00fcm olu\u015fturulmas\u0131na yard\u0131mc\u0131 oldu. Ekip bunu, fikir olu\u015fturma, tasar\u0131m, uygulama ve \u00fcretim deste\u011fine kadar projenin her a\u015famas\u0131nda b\u00fcy\u00fck esneklik g\u00f6stererek ba\u015fard\u0131; kritik kilometre ta\u015flar\u0131na ula\u015fmam\u0131z\u0131 sa\u011fl\u0131yor.\t\t\t<\/p>\n\t\t\t<span>Averda<\/span>\n\t\t<\/div>\n\n\t<\/div>\n<\/section>\n\n<section class=\"side-by-side-description\">\n\t<div class=\"container\">\n\n\t\t\n\t\t\t\t<div class=\"side-by-side-description-item\">\n\n\t\t\t<figure>\n\t\t\t\t<img\n\t\t\t\t\tsrc=\"https:\/\/evreka.co\/wp-content\/uploads\/2021\/04\/data-based-waste-management.png\"\n\t\t\t\t\t\t\t\t\t\talt=\"\"\n\t\t\t\t\/>\n\t\t\t<\/figure>\n\n\t\t\t<div class=\"side-by-side-description-item-list\">\n\t\t\t\t<ul>\n\t\t\t\t\t<li>\n\t\t\t\t\t\t<h3>Ne Sa\u011fl\u0131yoruz<\/h3>\n\n\t\t\t\t\t\t<p>40&#8217;tan fazla \u00fclkede faaliyet g\u00f6steren Evreka, i\u015fletmelere ve belediyelere at\u0131k y\u00f6netimi ve geri d\u00f6n\u00fc\u015f\u00fcm end\u00fcstrisinde yeni bir i\u015f yapma bi\u00e7imi sunuyor. M\u00fc\u015fterilerinize ayr\u0131cal\u0131kl\u0131 hizmet sunarken <strong>m\u00fckemmel i\u015f performans\u0131<\/strong> ve <strong>y\u00fcksek karl\u0131l\u0131k<\/strong> ya\u015faman\u0131z i\u00e7in teknolojinin g\u00fcc\u00fcn\u00fc kullanarak her operasyonu optimize etmeyi ama\u00e7l\u0131yoruz. Ne t\u00fcr at\u0131klarla u\u011fra\u015f\u0131rsan\u0131z u\u011fra\u015f\u0131n, \u00e7\u00f6z\u00fcmlerimiz s\u00fcrecinizi iyile\u015ftirmeye yard\u0131mc\u0131 olur. F\u0131rsatlar\u0131 ke\u015ffetmek ve en iyi oyuncular aras\u0131nda yerinizi almak i\u00e7in y\u00fcksek teknolojiyi kullanma s\u0131ras\u0131 sizde!<\/p>\n\t\t\t\t\t\t\t\t\t\t\t\t<a\n\t\t\t\t\t\t\thref=\"#request-modal\"\n\t\t\t\t\t\t\tclass=\"primary-button open-modal\"\n\t\t\t\t\t\t\t\t\t\t\t\t\t>\n\t\t\t\t\t\t\tOPERASYONLARINIZI \u015e\u0130MD\u0130 GEL\u0130\u015eT\u0130R\u0130N\t\t\t\t\t\t<\/a>\n\t\t\t\t\t\t\t\t\t\t\t<\/li>\n\t\t\t\t<\/ul>\n\t\t\t<\/div>\n\t\t<\/div>\n\t\t\n\t<\/div>\n<\/section>\n\n\n\n<div class=\"wp-block-group\"><div class=\"wp-block-group__inner-container is-layout-flow wp-block-group-is-layout-flow\">\n<div style=\"height:100px\" aria-hidden=\"true\" class=\"wp-block-spacer\"><\/div>\n<\/div><\/div>\n","protected":false},"excerpt":{"rendered":"","protected":false},"author":3,"featured_media":12655,"parent":0,"menu_order":0,"comment_status":"closed","ping_status":"closed","template":"page-landing.php","meta":{"content-type":"","om_disable_all_campaigns":false,"inline_featured_image":false,"_monsterinsights_skip_tracking":false,"_monsterinsights_sitenote_active":false,"_monsterinsights_sitenote_note":"","_monsterinsights_sitenote_category":0,"footnotes":""},"class_list":["post-20092","page","type-page","status-publish","has-post-thumbnail","hentry"],"acf":[],"_links":{"self":[{"href":"https:\/\/evreka.co\/tr\/wp-json\/wp\/v2\/pages\/20092","targetHints":{"allow":["GET"]}}],"collection":[{"href":"https:\/\/evreka.co\/tr\/wp-json\/wp\/v2\/pages"}],"about":[{"href":"https:\/\/evreka.co\/tr\/wp-json\/wp\/v2\/types\/page"}],"author":[{"embeddable":true,"href":"https:\/\/evreka.co\/tr\/wp-json\/wp\/v2\/users\/3"}],"replies":[{"embeddable":true,"href":"https:\/\/evreka.co\/tr\/wp-json\/wp\/v2\/comments?post=20092"}],"version-history":[{"count":3,"href":"https:\/\/evreka.co\/tr\/wp-json\/wp\/v2\/pages\/20092\/revisions"}],"predecessor-version":[{"id":20097,"href":"https:\/\/evreka.co\/tr\/wp-json\/wp\/v2\/pages\/20092\/revisions\/20097"}],"wp:featuredmedia":[{"embeddable":true,"href":"https:\/\/evreka.co\/tr\/wp-json\/wp\/v2\/media\/12655"}],"wp:attachment":[{"href":"https:\/\/evreka.co\/tr\/wp-json\/wp\/v2\/media?parent=20092"}],"curies":[{"name":"wp","href":"https:\/\/api.w.org\/{rel}","templated":true}]}}