{"id":34735,"date":"2021-12-10T11:01:58","date_gmt":"2021-12-10T08:01:58","guid":{"rendered":"https:\/\/evreka.co\/optimize-your-waste-management-with-our-all-in-one-e-waste-solutions\/"},"modified":"2022-05-25T16:52:08","modified_gmt":"2022-05-25T13:52:08","slug":"all-in-one-e-waste-beheer","status":"publish","type":"page","link":"https:\/\/evreka.co\/nl\/all-in-one-e-waste-beheer\/","title":{"rendered":"All-in-one e-waste beheer"},"content":{"rendered":"<section class=\"subpage-hero subpage-hero--landing subpage-hero--landing-secondary\">\n\t<div class=\"subpage-hero-info\">\n\t\t<div class=\"container\">\n\t\t\t<div class=\"subpage-hero-info-text\">\n        <h1 class=\"h1\">All-in-one e-waste beheer<\/h1>\n        <p>\n          Digitaliseer het beheer van elektronisch afval door gebruik te maken van geavanceerde technologie\u00ebn. Verbeter uw e-waste recyclingsproces en zorg tegelijkertijd voor tevreden klanten.        <\/p>\n\n\t\t\t\t        <a\n\t\t\t\t\thref=\"#request-modal\"\n\t\t\t\t\tclass=\"primary-button open-modal\"\n\t\t\t\t\t\t\t\t\t>\n\t\t\t\t\tVraag een gratis demo aan\t\t\t\t<\/a>\n\t\t\t\t      <\/div>\n\n\t\t\t<figure>\n\t\t\t\t<img\n\t\t\t\t\tsrc=\"https:\/\/evreka.co\/wp-content\/uploads\/2021\/12\/electronic-waste-evreka-landing-.jpg\"\n\t\t\t\t\t\t\t\t\t\tsrcset=\"https:\/\/evreka.co\/wp-content\/uploads\/2021\/12\/electronic-waste-evreka-landing-.jpg 1x, https:\/\/evreka.co\/wp-content\/uploads\/2021\/12\/electronic-waste-landing-.jpg 2x\"\n\t\t\t\t\t\t\t\t\t\talt=\"\"\n\t\t\t\t\/>\n      <\/figure>\n\t\t<\/div>\n  <\/div>\n<\/section>\n\n<div id=\"request-modal\" class=\"modal-wrap request-demo-modal mfp-hide\">\t\n    <iframe\n      id=\"JotFormIFrame-212372908719967\"\n      title=\"Demo Request Form\"\n      allowtransparency=\"true\"\n      allowfullscreen=\"true\"\n      allow=\"geolocation; microphone; camera\"\n      src=\"https:\/\/form.jotform.com\/212372908719967\"\n      frameborder=\"0\"\n      style=\"\n      min-width: 100%;\n      height:539px;\n      border:none;\"\n      scrolling=\"no\"\n    >\n    <\/iframe>\n    <script type=\"text\/javascript\">\n      var ifr = document.getElementById(\"JotFormIFrame-212372908719967\");\n      if (ifr) {\n        var src = ifr.src;\n        var iframeParams = [];\n        if (window.location.href && window.location.href.indexOf(\"?\") > -1) {\n          iframeParams = iframeParams.concat(window.location.href.substr(window.location.href.indexOf(\"?\") + 1).split('&'));\n        }\n        if (src && src.indexOf(\"?\") > -1) {\n          iframeParams = iframeParams.concat(src.substr(src.indexOf(\"?\") + 1).split(\"&\"));\n          src = src.substr(0, src.indexOf(\"?\"))\n        }\n        iframeParams.push(\"isIframeEmbed=1\");\n        ifr.src = src + \"?\" + iframeParams.join('&');\n      }\n      window.handleIFrameMessage = function(e) {\n        if (typeof e.data === 'object') { return; }\n        var args = e.data.split(\":\");\n        if (args.length > 2) { iframe = document.getElementById(\"JotFormIFrame-\" + args[(args.length - 1)]); } else { iframe = document.getElementById(\"JotFormIFrame\"); }\n        if (!iframe) { return; }\n        switch (args[0]) {\n          case \"scrollIntoView\":\n            iframe.scrollIntoView();\n            break;\n          case \"setHeight\":\n            iframe.style.height = args[1] + \"px\";\n            break;\n          case \"collapseErrorPage\":\n            if (iframe.clientHeight > window.innerHeight) {\n              iframe.style.height = window.innerHeight + \"px\";\n            }\n            break;\n          case \"reloadPage\":\n            window.location.reload();\n            break;\n          case \"loadScript\":\n            if( !window.isPermitted(e.origin, ['jotform.com', 'jotform.pro']) ) { break; }\n            var src = args[1];\n            if (args.length > 3) {\n                src = args[1] + ':' + args[2];\n            }\n            var script = document.createElement('script');\n            script.src = src;\n            script.type = 'text\/javascript';\n            document.body.appendChild(script);\n            break;\n          case \"exitFullscreen\":\n            if      (window.document.exitFullscreen)        window.document.exitFullscreen();\n            else if (window.document.mozCancelFullScreen)   window.document.mozCancelFullScreen();\n            else if (window.document.mozCancelFullscreen)   window.document.mozCancelFullScreen();\n            else if (window.document.webkitExitFullscreen)  window.document.webkitExitFullscreen();\n            else if (window.document.msExitFullscreen)      window.document.msExitFullscreen();\n            break;\n        }\n        var isJotForm = (e.origin.indexOf(\"jotform\") > -1) ? true : false;\n        if(isJotForm && \"contentWindow\" in iframe && \"postMessage\" in iframe.contentWindow) {\n          var urls = {\"docurl\":encodeURIComponent(document.URL),\"referrer\":encodeURIComponent(document.referrer)};\n          iframe.contentWindow.postMessage(JSON.stringify({\"type\":\"urls\",\"value\":urls}), \"*\");\n        }\n      };\n      window.isPermitted = function(originUrl, whitelisted_domains) {\n        var url = document.createElement('a');\n        url.href = originUrl;\n        var hostname = url.hostname;\n        var result = false;\n        if( typeof hostname !== 'undefined' ) {\n          whitelisted_domains.forEach(function(element) {\n              if( hostname.slice((-1 * element.length - 1)) === '.'.concat(element) ||  hostname === element ) {\n                  result = true;\n              }\n          });\n          return result;\n        }\n      };\n      if (window.addEventListener) {\n        window.addEventListener(\"message\", handleIFrameMessage, false);\n      } else if (window.attachEvent) {\n        window.attachEvent(\"onmessage\", handleIFrameMessage);\n      }\n      <\/script>\t\n<\/div>\n\n\n<section class=\"two-column-text two-column-text-padding\">\n\t<h2>Zet e-waste om in grondstoffen<\/h2>\n\t<div class=\"container text-col\"><p><strong>Voorkom het verlies van schaarse materialen<\/strong><\/p><p>Elektronica bevat veel waardevolle en giftige onderdelen, waardoor een goede e-waste verwijdering noodzakelijk is om verlies van schaarse materialen en schadelijke effecten van het gevaarlijke afval te voorkomen. Wij bieden de beste e-waste oplossingen voor elke stap van het e-waste recyclingsproces zodat al deze problemen worden opgelost en u tegelijkertijd uw rendement kunt verhogen.<\/p><p><strong style=\"font-size: revert; color: initial;\">Evreka \u00e9\u00e9n-enkel-platform<\/strong><\/p><p>Door de complexiteit van technologische producten kan het recyclingproces een echte uitdaging zijn. Om die reden biedt Evreka tal van oplossingen voor elke mogelijke uitdaging waarmee een recyclingbedrijf te maken kan krijgen. Van inzameling tot afvalverwerking, elke stap van het proces kan worden gedigitaliseerd en beheerd vanuit \u00e9\u00e9n enkel platform, voor optimale efficiency.<\/p><p><strong>Bewaak uw activa, werknemers en taken<\/strong><\/p><p><span style=\"font-size: revert; font-family: -apple-system, BlinkMacSystemFont, &quot;Segoe UI&quot;, Roboto, Oxygen-Sans, Ubuntu, Cantarell, &quot;Helvetica Neue&quot;, sans-serif; color: initial;\">Evreka biedt de meest uitgebreide intelligente oplossing voor afvalbeheer waarmee u eenvoudig uw bedrijfsmiddelen kunt monitoren, de prestaties van uw medewerkers kunt maximaliseren door de uitvoering van taken nauwkeurig te volgen, de productiviteit in uw bedrijfsgebouwen kunt optimaliseren en uw algehele bedrijfsvoering beter kunt beheren met high-tech oplossingen.<\/span><\/p><p><strong>Verhoog uw klanttevredenhein<\/strong><\/p><p>Zorg voor naadloze communicatie tussen uw klanten en voldoe moeiteloos aan hun eisen met onze slimme oplossingen voor afvalbeheer. Behandel klantverzoeken direct en stel ze op de hoogte als zich een probleem voordoet. Houd volledige controle over uw klantactiviteiten door contracten, prijzen en facturering digitaal te beheren.<\/p>\t<\/div>\n<\/section>\n\n<section class=\"side-by-side-video\">\n  <div class=\"container\">\n\n        <div class=\"video-content\">\n      <div class=\"video-content-video\">\n        <iframe loading=\"lazy\" width=\"560\" height=\"315\" src=\"https:\/\/www.youtube.com\/embed\/ynanK_lxL-s\" title=\"YouTube video player\" frameborder=\"0\" allow=\"accelerometer; autoplay; clipboard-write; encrypted-media; gyroscope; picture-in-picture\" allowfullscreen><\/iframe>      <\/div>\n      <div class=\"video-content-content\">\n        <h4 class=\"h2\">Bekijk hoe Evreka alle fasen van e-waste optimaliseert met haar all-inclusive platform<\/h4>\n        <p><span style=\"font-weight: 400;\">Bekijk onze nieuwe video en ontdek hoe de allesomvattende oplossingen van Evreka u kunnen helpen bij een goede recycling &amp; beheer van e-waste voor een duurzame toekomst!<\/span><\/p>      <\/div>\n    <\/div>\n    \n  <\/div>\n<\/section>\n\n<section class=\"side-by-side-description side-by-side-description--landing\">\n\t<div class=\"container\">\n\n\t\t\n\t\t\t\t<div class=\"side-by-side-description-item\">\n\n\t\t\t<figure>\n\t\t\t\t<img\n\t\t\t\t\tsrc=\"https:\/\/evreka.co\/wp-content\/uploads\/2021\/05\/Dirty-MRF-Clean-MRF-1-scaled.jpeg\"\n\t\t\t\t\t\t\t\t\t\tsrcset=\"https:\/\/evreka.co\/wp-content\/uploads\/2021\/05\/Dirty-MRF-Clean-MRF-1-scaled.jpeg 1x, https:\/\/evreka.co\/wp-content\/uploads\/2021\/05\/Dirty-MRF-Clean-MRF-scaled.jpeg 2x\"\n\t\t\t\t\t\t\t\t\t\talt=\"\"\n\t\t\t\t\/>\n\t\t\t<\/figure>\n\n\t\t\t<div class=\"side-by-side-description-item-list\">\n\t\t\t\t<ul>\n\t\t\t\t\t<li>\n\t\t\t\t\t\t<h3>Zorg  met slimme oplossingen voor een ommekeer in e-waste beheer<\/h3>\n\n\t\t\t\t\t\t<p><span style=\"font-size: revert; color: initial;\">Door de snelle ontwikkeling van de technologie neemt het aantal afgedankte elektronische apparaten onophoudelijk toe. Op dit moment is e-waste de snelst groeiende afvalstroom in de wereld, waardoor we beseffen hoe belangrijk recycling is om negatieve effecten op de lange termijn te voorkomen. Evreka biedt \u00e9\u00e9n ge\u00efntegreerde oplossing, die het e-waste management in de hele organisatie stroomlijnt, helpt bij het beheren van de voorraad, het traceren van afvalcontainers en het controleren van elk proces<\/span>.<\/p>\n\t\t\t\t\t\t\t\t\t\t\t<\/li>\n\t\t\t\t<\/ul>\n\t\t\t<\/div>\n\t\t<\/div>\n\t\t\t\t<div class=\"side-by-side-description-item\">\n\n\t\t\t<figure>\n\t\t\t\t<img\n\t\t\t\t\tsrc=\"https:\/\/evreka.co\/wp-content\/uploads\/2021\/12\/electronic-waste-webinar.jpg\"\n\t\t\t\t\t\t\t\t\t\tsrcset=\"https:\/\/evreka.co\/wp-content\/uploads\/2021\/12\/electronic-waste-webinar.jpg 1x, https:\/\/evreka.co\/wp-content\/uploads\/2021\/12\/e-waste-webinar.jpg 2x\"\n\t\t\t\t\t\t\t\t\t\talt=\"\"\n\t\t\t\t\/>\n\t\t\t<\/figure>\n\n\t\t\t<div class=\"side-by-side-description-item-list\">\n\t\t\t\t<ul>\n\t\t\t\t\t<li>\n\t\t\t\t\t\t<h3>Alle e-waste activiteiten worden nu beheerd door Evreka in Singapore!<\/h3>\n\n\t\t\t\t\t\t<p>Singapore, een van de landen die hard werken aan e-waste regelgeving, vertrouwde de e-waste operaties toe aan Evreka. Samen met onze oplossingspartner ALBA zijn wij verantwoordelijk voor de inzameling van al het elektronisch afval in het land. We hebben het hele proces voor het beheer van e-waste gedigitaliseerd en nu kan onze klant elke stap gemakkelijk volgen, verzamelingen volgen en taakuitvoeringen beheren.<\/p>\n\t\t\t\t\t\t\t\t\t\t\t\t<a\n\t\t\t\t\t\t\thref=\"https:\/\/evreka.co\/nl\/succesverhalen\/\"\n\t\t\t\t\t\t\tclass=\"primary-button\"\n\t\t\t\t\t\t\t\t\t\t\t\t\t\ttarget=\"_blank\"\n\t\t\t\t\t\t\t\t\t\t\t\t\t>\n\t\t\t\t\t\t\tLeer meer\t\t\t\t\t\t<\/a>\n\t\t\t\t\t\t\t\t\t\t\t<\/li>\n\t\t\t\t<\/ul>\n\t\t\t<\/div>\n\t\t<\/div>\n\t\t\t\t<div class=\"side-by-side-description-item\">\n\n\t\t\t<figure>\n\t\t\t\t<img\n\t\t\t\t\tsrc=\"https:\/\/evreka.co\/wp-content\/uploads\/2021\/12\/ewaste-landing.jpg\"\n\t\t\t\t\t\t\t\t\t\tsrcset=\"https:\/\/evreka.co\/wp-content\/uploads\/2021\/12\/ewaste-landing.jpg 1x, https:\/\/evreka.co\/wp-content\/uploads\/2021\/12\/e-waste-landing.jpg 2x\"\n\t\t\t\t\t\t\t\t\t\talt=\"\"\n\t\t\t\t\/>\n\t\t\t<\/figure>\n\n\t\t\t<div class=\"side-by-side-description-item-list\">\n\t\t\t\t<ul>\n\t\t\t\t\t<li>\n\t\t\t\t\t\t<h3>Het beheer van elektronisch afval is nog nooit zo eenvoudig geweest<\/h3>\n\n\t\t\t\t\t\t<p>Beheer uw materiaalstroom en e-waste procesmanagement, krijg volledige controle over activa en claims, en maximaliseer de effici\u00ebntie van uw facilitair beheer met Evreka MRF Management oplossing. We zijn al begonnen met het beheren van alle e-waste activiteiten in Singapore! Bekijk onze MRF Management oplossing en ontdek hoe u uw e-waste management activiteiten kunt herstructureren vanuit een all-in-one platform!<\/p>\n\t\t\t\t\t\t\t\t\t\t\t\t<a\n\t\t\t\t\t\t\thref=\"https:\/\/evreka.co\/nl\/mrf\/\"\n\t\t\t\t\t\t\tclass=\"primary-button\"\n\t\t\t\t\t\t\t\t\t\t\t\t\t\ttarget=\"_blank\"\n\t\t\t\t\t\t\t\t\t\t\t\t\t>\n\t\t\t\t\t\t\tLeer meer\t\t\t\t\t\t<\/a>\n\t\t\t\t\t\t\t\t\t\t\t<\/li>\n\t\t\t\t<\/ul>\n\t\t\t<\/div>\n\t\t<\/div>\n\t\t\t\t<div class=\"side-by-side-description-item\">\n\n\t\t\t<figure>\n\t\t\t\t<img\n\t\t\t\t\tsrc=\"https:\/\/evreka.co\/wp-content\/uploads\/2021\/11\/Calisma-yuzeyi-1-kopya.jpg\"\n\t\t\t\t\t\t\t\t\t\tsrcset=\"https:\/\/evreka.co\/wp-content\/uploads\/2021\/11\/Calisma-yuzeyi-1-kopya.jpg 1x, https:\/\/evreka.co\/wp-content\/uploads\/2021\/11\/Calisma-yuzeyi-2-kopya.jpg 2x\"\n\t\t\t\t\t\t\t\t\t\talt=\"\"\n\t\t\t\t\/>\n\t\t\t<\/figure>\n\n\t\t\t<div class=\"side-by-side-description-item-list\">\n\t\t\t\t<ul>\n\t\t\t\t\t<li>\n\t\t\t\t\t\t<h3>De voordelen die wij bieden<\/h3>\n\n\t\t\t\t\t\t<p><span style=\"font-size: revert; color: initial;\">\u2022 Beheer van het hele e-waste management proces vanaf \u00e9\u00e9n enkel platformatform<\/span><\/p><p><span style=\"font-size: revert; color: initial;\"><span style=\"font-size: revert; color: initial;\">\u2022 <\/span>Digitaliseer het hele proces en vermijd het overmatig gebruik van papier<\/span><\/p><p><span style=\"font-size: revert; color: initial;\"><span style=\"font-size: revert; color: initial;\">\u2022 <\/span>Voldoe\u00a0 aan de milieuvoorschriften<\/span><\/p><p><span style=\"font-size: revert; color: initial;\"><span style=\"font-size: revert; color: initial;\">\u2022 <\/span>Genereer customizable rapporten<\/span> <span style=\"font-size: revert; color: initial;\">In een oogwenk<\/span><\/p><p><span style=\"font-size: revert; color: initial;\"><span style=\"font-size: revert; color: initial;\">\u2022 <\/span>Beheer uw voorraad en containers<\/span><\/p><p><span style=\"font-size: revert; color: initial;\"><span style=\"font-size: revert; color: initial;\">\u2022 <\/span>Beheer prijzen, facturering en contracten<\/span><\/p><p><span style=\"font-size: revert; color: initial;\"><span style=\"font-size: revert; color: initial;\">\u2022 <\/span>Optimaliseer routes en traceer uw wagenpark<\/span><\/p><p><span style=\"font-size: revert; color: initial;\"><span style=\"font-size: revert; color: initial;\">\u2022 <\/span>Controleer de uitvoering van taken en ontvang meldingen als zich een incident voordoet<\/span><\/p>\n\t\t\t\t\t\t\t\t\t\t\t\t<a\n\t\t\t\t\t\t\thref=\"#request-modal\"\n\t\t\t\t\t\t\tclass=\"primary-button open-modal\"\n\t\t\t\t\t\t\t\t\t\t\t\t\t>\n\t\t\t\t\t\t\tVraag een gratis demo aan\t\t\t\t\t\t<\/a>\n\t\t\t\t\t\t\t\t\t\t\t<\/li>\n\t\t\t\t<\/ul>\n\t\t\t<\/div>\n\t\t<\/div>\n\t\t\n\t<\/div>\n<\/section>\n\n\n<section class=\"side-by-side-description side-by-side-description--landing\">\n\t<div class=\"container\">\n\n\t\t\t\t<h2 class=\"section-title\">Andere hulpbronnen<\/h2>\n\t\t\n\t\t\t\t<div class=\"side-by-side-description-item\">\n\n\t\t\t<figure>\n\t\t\t\t<img\n\t\t\t\t\tsrc=\"https:\/\/evreka.co\/wp-content\/uploads\/2020\/12\/metal-recycling.png\"\n\t\t\t\t\t\t\t\t\t\tsrcset=\"https:\/\/evreka.co\/wp-content\/uploads\/2020\/12\/metal-recycling.png 1x, https:\/\/evreka.co\/wp-content\/uploads\/2020\/12\/metal.png 2x\"\n\t\t\t\t\t\t\t\t\t\talt=\"\"\n\t\t\t\t\/>\n\t\t\t<\/figure>\n\n\t\t\t<div class=\"side-by-side-description-item-list\">\n\t\t\t\t<ul>\n\t\t\t\t\t<li>\n\t\t\t\t\t\t<h3>Webinar over E-waste in gereguleerde en niet- gereguleerde markten<\/h3>\n\n\t\t\t\t\t\t<p>Registreer gratis om Evreka&#8217;s mede-oprichter &amp; CEO, Umutcan Duman, en ERTH&#8217;s oprichter, Mo El-Fatatry, aan het woord te zien over het belang en de voordelen van een goed e-waste management, de negatieve gevolgen van verkeerde e-waste bedrijfsvoering, en de regelgeving in Turkije en Maleisi\u00eb!<\/p>\n\t\t\t\t\t\t\t\t\t\t\t\t<a\n\t\t\t\t\t\t\thref=\"https:\/\/evreka.co\/evreka-webinar-e-waste-in-regulated-and-unregulated-markets\/\"\n\t\t\t\t\t\t\tclass=\"primary-button\"\n\t\t\t\t\t\t\t\t\t\t\t\t\t\ttarget=\"_blank\"\n\t\t\t\t\t\t\t\t\t\t\t\t\t>\n\t\t\t\t\t\t\tBekijk het gratis webinar\t\t\t\t\t\t<\/a>\n\t\t\t\t\t\t\t\t\t\t\t<\/li>\n\t\t\t\t<\/ul>\n\t\t\t<\/div>\n\t\t<\/div>\n\t\t\t\t<div class=\"side-by-side-description-item\">\n\n\t\t\t<figure>\n\t\t\t\t<img\n\t\t\t\t\tsrc=\"https:\/\/evreka.co\/wp-content\/uploads\/2021\/03\/Fundamentals-of-e-waste-management-and-recycling-ebook-1x.png\"\n\t\t\t\t\t\t\t\t\t\tsrcset=\"https:\/\/evreka.co\/wp-content\/uploads\/2021\/03\/Fundamentals-of-e-waste-management-and-recycling-ebook-1x.png 1x, https:\/\/evreka.co\/wp-content\/uploads\/2021\/03\/Fundamentals-of-e-waste-management-and-recycling-ebook-2x.png 2x\"\n\t\t\t\t\t\t\t\t\t\talt=\"\"\n\t\t\t\t\/>\n\t\t\t<\/figure>\n\n\t\t\t<div class=\"side-by-side-description-item-list\">\n\t\t\t\t<ul>\n\t\t\t\t\t<li>\n\t\t\t\t\t\t<h3>Gratis ebook over e-waste management en recycling<\/h3>\n\n\t\t\t\t\t\t<p>Download ons gratis ebook en ontdek het belang van goed e-waste management en manieren om elektronisch afval te recyclen. Ontdek de verschillende fasen van het inzamelen van e-waste tot het afvoeren ervan en de voordelen van e-waste management. Lees wat er gebeurt in de e-waste centra en hoe u de hoeveelheid elektronisch afval op lange termijn kunt beperken.<\/p>\n\t\t\t\t\t\t\t\t\t\t\t\t<a\n\t\t\t\t\t\t\thref=\"https:\/\/evreka.co\/ebooks\/fundamentals-of-e-waste-management-recycling\/\"\n\t\t\t\t\t\t\tclass=\"primary-button\"\n\t\t\t\t\t\t\t\t\t\t\t\t\t\ttarget=\"_blank\"\n\t\t\t\t\t\t\t\t\t\t\t\t\t>\n\t\t\t\t\t\t\tDownload het gratis eBook\t\t\t\t\t\t<\/a>\n\t\t\t\t\t\t\t\t\t\t\t<\/li>\n\t\t\t\t<\/ul>\n\t\t\t<\/div>\n\t\t<\/div>\n\t\t\t\t<div class=\"side-by-side-description-item\">\n\n\t\t\t<figure>\n\t\t\t\t<img\n\t\t\t\t\tsrc=\"https:\/\/evreka.co\/wp-content\/uploads\/2020\/12\/paper-recycling.png\"\n\t\t\t\t\t\t\t\t\t\tsrcset=\"https:\/\/evreka.co\/wp-content\/uploads\/2020\/12\/paper-recycling.png 1x, https:\/\/evreka.co\/wp-content\/uploads\/2020\/12\/paper.png 2x\"\n\t\t\t\t\t\t\t\t\t\talt=\"\"\n\t\t\t\t\/>\n\t\t\t<\/figure>\n\n\t\t\t<div class=\"side-by-side-description-item-list\">\n\t\t\t\t<ul>\n\t\t\t\t\t<li>\n\t\t\t\t\t\t<h3>De ultieme gids voor elektronisch afval: Is E-waste de rode draad voor de toekomst?<\/h3>\n\n\t\t\t\t\t\t<p>Lees onze blog om te weten te komen hoe u met behulp van \u2018s werelds verworven inzichten elektronisch afval kunt verwerken en welke intelligente oplossing u daarbij kan ondersteunen.<\/p>\n\t\t\t\t\t\t\t\t\t\t\t\t<a\n\t\t\t\t\t\t\thref=\"https:\/\/evreka.co\/ultimate-guide-to-electronic-waste-is-e-waste-thread-of-future\/\"\n\t\t\t\t\t\t\tclass=\"primary-button\"\n\t\t\t\t\t\t\t\t\t\t\t\t\t\ttarget=\"_blank\"\n\t\t\t\t\t\t\t\t\t\t\t\t\t>\n\t\t\t\t\t\t\tLees ons blog\t\t\t\t\t\t<\/a>\n\t\t\t\t\t\t\t\t\t\t\t<\/li>\n\t\t\t\t<\/ul>\n\t\t\t<\/div>\n\t\t<\/div>\n\t\t\n\t<\/div>\n<\/section>\n\n\n<section class=\"corporate-testimonial\">\n\t\t<div class=\"container\">\t\t\n\t\t<figure>\n\t\t\t<img\n\t\t\t\tsrc=\"https:\/\/evreka.co\/wp-content\/uploads\/2021\/11\/albalogo.webp\"\n\t\t\t\t\t\t\t\talt=\"\"\n\t\t\t\/>\n\t\t<\/figure>\n\n\t\t<div class=\"corporate-testimonial__text\">\t\t\t\t\n\t\t\t<p>\n\t\t\t\tEvreka helpt ons het volledige inzamelings- en verwerkingsproces van e-waste in Singapore te digitaliseren. Met hun oplossingen kunnen we onze verschillende inzamelingskanalen en -activiteiten naadloos beheren op \u00e9\u00e9n enkel platform. Dankzij de high-tech sensoren en tracking systemen van Evreka worden ineffici\u00ebntie en operationele kosten geminimaliseerd, waardoor onze prestaties worden verbeterd. Wij hebben deze oplossingen ge\u00efntegreerd in onze activiteiten met betrekking tot de Material Recovery Facilities (MRF&#8217;s) en hebben in elke fase al een aanzienlijke verbetering van de prestaties bereikt. Door gebruik te maken van alle technologische voordelen die Evreka biedt, willen wij een voortrekkersrol spelen bij de bouw van de slimste steden ter wereld.\t\t\t<\/p>\n\t\t\t<span>ALBA <br>THOMAS MATTSCHERODT HOOFD  PROJECTBEHEER<\/br><\/span>\n\t\t<\/div>\n\n\t<\/div>\n<\/section>\n\n<section class=\"speakers\">\n  <div class=\"container\">\n    <h5 class=\"h1\">References<\/h5>\n\n    <ul>\n\n\t\t\t      <li>\n\t\t\t\t<img\n\t\t\t\t\tsrc=\"https:\/\/evreka.co\/wp-content\/uploads\/2021\/11\/albalogo.webp\"\n\t\t\t\t\t\t\t\t\t\talt=\"\"\n\t\t\t\t\/>\n        <strong><\/strong>\n        <span><\/span>\n      <\/li>\n\t\t\t      <li>\n\t\t\t\t<img\n\t\t\t\t\tsrc=\"https:\/\/evreka.co\/wp-content\/uploads\/2021\/01\/Averda-Testimonial-Evreka.png\"\n\t\t\t\t\t\t\t\t\t\talt=\"\"\n\t\t\t\t\/>\n        <strong><\/strong>\n        <span><\/span>\n      <\/li>\n\t\t\t      <li>\n\t\t\t\t<img\n\t\t\t\t\tsrc=\"https:\/\/evreka.co\/wp-content\/uploads\/2021\/01\/\u05dc\u05d5\u05d2\u05d5-\u05d0\u05e0\u05d2\u05dc\u05d9\u05ea.png\"\n\t\t\t\t\t\t\t\t\t\talt=\"\"\n\t\t\t\t\/>\n        <strong><\/strong>\n        <span><\/span>\n      <\/li>\n\t\t\t\n    <\/ul>\n\n  <\/div>\n<\/section>\n\n<section class=\"cta-section\">\n\t<p>\n\t\tVan e-waste inzameling tot de verwijdering ervan, u kunt uw hele afvalverwerkingsproces digitaliseren via een allesomvattend platform. Ervaar onze nieuwste technologie\u00ebn en vereenvoudig het proces met onbetaalbare mogelijkheden zoals uitstekende route-optimalisatie, eenvoudig taakbeheer, hoge klanttevredenheid, en nog veel meer.\t<\/p>\n\t\n\t\t\n\t\t<a href=\"https:\/\/evreka.co\/nl\/demo-aanvragen\/\" class=\"primary-button\">\n\t\tVraag nu een demo aan\t<\/a>\n\t\n\t\t\n\t\n\n<\/section>","protected":false},"excerpt":{"rendered":"","protected":false},"author":10,"featured_media":27877,"parent":0,"menu_order":0,"comment_status":"closed","ping_status":"closed","template":"page-landing.php","meta":{"content-type":"","om_disable_all_campaigns":true,"inline_featured_image":false,"_monsterinsights_skip_tracking":false,"_monsterinsights_sitenote_active":false,"_monsterinsights_sitenote_note":"","_monsterinsights_sitenote_category":0,"footnotes":""},"class_list":["post-34735","page","type-page","status-publish","has-post-thumbnail","hentry"],"acf":[],"_links":{"self":[{"href":"https:\/\/evreka.co\/nl\/wp-json\/wp\/v2\/pages\/34735","targetHints":{"allow":["GET"]}}],"collection":[{"href":"https:\/\/evreka.co\/nl\/wp-json\/wp\/v2\/pages"}],"about":[{"href":"https:\/\/evreka.co\/nl\/wp-json\/wp\/v2\/types\/page"}],"author":[{"embeddable":true,"href":"https:\/\/evreka.co\/nl\/wp-json\/wp\/v2\/users\/10"}],"replies":[{"embeddable":true,"href":"https:\/\/evreka.co\/nl\/wp-json\/wp\/v2\/comments?post=34735"}],"version-history":[{"count":1,"href":"https:\/\/evreka.co\/nl\/wp-json\/wp\/v2\/pages\/34735\/revisions"}],"predecessor-version":[{"id":34737,"href":"https:\/\/evreka.co\/nl\/wp-json\/wp\/v2\/pages\/34735\/revisions\/34737"}],"wp:featuredmedia":[{"embeddable":true,"href":"https:\/\/evreka.co\/nl\/wp-json\/wp\/v2\/media\/27877"}],"wp:attachment":[{"href":"https:\/\/evreka.co\/nl\/wp-json\/wp\/v2\/media?parent=34735"}],"curies":[{"name":"wp","href":"https:\/\/api.w.org\/{rel}","templated":true}]}}