{"id":34595,"date":"2022-05-25T17:07:52","date_gmt":"2022-05-25T14:07:52","guid":{"rendered":"https:\/\/evreka.co\/?page_id=34595"},"modified":"2022-05-25T17:09:55","modified_gmt":"2022-05-25T14:09:55","slug":"slimme-vuilnisbak-sensoren","status":"publish","type":"page","link":"https:\/\/evreka.co\/nl\/slimme-vuilnisbak-sensoren\/","title":{"rendered":"Slimme vuilnisbak sensoren"},"content":{"rendered":"<section class=\"subpage-hero subpage-hero--landing subpage-hero--landing-secondary\">\n\t<div class=\"subpage-hero-info\">\n\t\t<div class=\"container\">\n\t\t\t<div class=\"subpage-hero-info-text\">\n        <h1 class=\"h1\"><span><font size=\"7\">Slimme vuilnisbak sensoren<\/font><\/span> <h2>Voor duurzaam afvalbeheer<h2><\/h1>\n        <p>\n          <p>Ontdek hoe Evreka uw winst en efficiency kan maximaliseren met intelligente software- en hardware oplossingen.<\/p>\n        <\/p>\n\n\t\t\t\t        <a\n\t\t\t\t\thref=\"#request-modal\"\n\t\t\t\t\tclass=\"primary-button open-modal\"\n\t\t\t\t\t\t\t\t\t>\n\t\t\t\t\tVraag een demo aan\t\t\t\t<\/a>\n\t\t\t\t      <\/div>\n\n\t\t\t<figure>\n\t\t\t\t<img\n\t\t\t\t\tsrc=\"https:\/\/evreka.co\/wp-content\/uploads\/2021\/04\/How-Evreka-helps.png\"\n\t\t\t\t\t\t\t\t\t\tsrcset=\"https:\/\/evreka.co\/wp-content\/uploads\/2021\/04\/How-Evreka-helps.png 1x, https:\/\/evreka.co\/wp-content\/uploads\/2021\/04\/How-Evreka-helps2.png 2x\"\n\t\t\t\t\t\t\t\t\t\talt=\"\"\n\t\t\t\t\/>\n      <\/figure>\n\t\t<\/div>\n  <\/div>\n<\/section>\n\n<div id=\"request-modal\" class=\"modal-wrap request-demo-modal mfp-hide\">\t\n    <iframe\n      id=\"JotFormIFrame-212372908719967\"\n      title=\"Demo Request Form\"\n      allowtransparency=\"true\"\n      allowfullscreen=\"true\"\n      allow=\"geolocation; microphone; camera\"\n      src=\"https:\/\/form.jotform.com\/212372908719967\"\n      frameborder=\"0\"\n      style=\"\n      min-width: 100%;\n      height:539px;\n      border:none;\"\n      scrolling=\"no\"\n    >\n    <\/iframe>\n    <script type=\"text\/javascript\">\n      var ifr = document.getElementById(\"JotFormIFrame-212372908719967\");\n      if (ifr) {\n        var src = ifr.src;\n        var iframeParams = [];\n        if (window.location.href && window.location.href.indexOf(\"?\") > -1) {\n          iframeParams = iframeParams.concat(window.location.href.substr(window.location.href.indexOf(\"?\") + 1).split('&'));\n        }\n        if (src && src.indexOf(\"?\") > -1) {\n          iframeParams = iframeParams.concat(src.substr(src.indexOf(\"?\") + 1).split(\"&\"));\n          src = src.substr(0, src.indexOf(\"?\"))\n        }\n        iframeParams.push(\"isIframeEmbed=1\");\n        ifr.src = src + \"?\" + iframeParams.join('&');\n      }\n      window.handleIFrameMessage = function(e) {\n        if (typeof e.data === 'object') { return; }\n        var args = e.data.split(\":\");\n        if (args.length > 2) { iframe = document.getElementById(\"JotFormIFrame-\" + args[(args.length - 1)]); } else { iframe = document.getElementById(\"JotFormIFrame\"); }\n        if (!iframe) { return; }\n        switch (args[0]) {\n          case \"scrollIntoView\":\n            iframe.scrollIntoView();\n            break;\n          case \"setHeight\":\n            iframe.style.height = args[1] + \"px\";\n            break;\n          case \"collapseErrorPage\":\n            if (iframe.clientHeight > window.innerHeight) {\n              iframe.style.height = window.innerHeight + \"px\";\n            }\n            break;\n          case \"reloadPage\":\n            window.location.reload();\n            break;\n          case \"loadScript\":\n            if( !window.isPermitted(e.origin, ['jotform.com', 'jotform.pro']) ) { break; }\n            var src = args[1];\n            if (args.length > 3) {\n                src = args[1] + ':' + args[2];\n            }\n            var script = document.createElement('script');\n            script.src = src;\n            script.type = 'text\/javascript';\n            document.body.appendChild(script);\n            break;\n          case \"exitFullscreen\":\n            if      (window.document.exitFullscreen)        window.document.exitFullscreen();\n            else if (window.document.mozCancelFullScreen)   window.document.mozCancelFullScreen();\n            else if (window.document.mozCancelFullscreen)   window.document.mozCancelFullScreen();\n            else if (window.document.webkitExitFullscreen)  window.document.webkitExitFullscreen();\n            else if (window.document.msExitFullscreen)      window.document.msExitFullscreen();\n            break;\n        }\n        var isJotForm = (e.origin.indexOf(\"jotform\") > -1) ? true : false;\n        if(isJotForm && \"contentWindow\" in iframe && \"postMessage\" in iframe.contentWindow) {\n          var urls = {\"docurl\":encodeURIComponent(document.URL),\"referrer\":encodeURIComponent(document.referrer)};\n          iframe.contentWindow.postMessage(JSON.stringify({\"type\":\"urls\",\"value\":urls}), \"*\");\n        }\n      };\n      window.isPermitted = function(originUrl, whitelisted_domains) {\n        var url = document.createElement('a');\n        url.href = originUrl;\n        var hostname = url.hostname;\n        var result = false;\n        if( typeof hostname !== 'undefined' ) {\n          whitelisted_domains.forEach(function(element) {\n              if( hostname.slice((-1 * element.length - 1)) === '.'.concat(element) ||  hostname === element ) {\n                  result = true;\n              }\n          });\n          return result;\n        }\n      };\n      if (window.addEventListener) {\n        window.addEventListener(\"message\", handleIFrameMessage, false);\n      } else if (window.attachEvent) {\n        window.attachEvent(\"onmessage\", handleIFrameMessage);\n      }\n      <\/script>\t\n<\/div>\n\n\n<section class=\"speakers\">\n  <div class=\"container\">\n    <h5 class=\"h1\">Speakers<\/h5>\n\n    <ul>\n\n\t\t\t      <li>\n\t\t\t\t<img\n\t\t\t\t\tsrc=\"https:\/\/evreka.co\/wp-content\/uploads\/2021\/08\/averda-roi-analysis-2.jpg\"\n\t\t\t\t\t\t\t\t\t\talt=\"\"\n\t\t\t\t\/>\n        <strong><\/strong>\n        <span><\/span>\n      <\/li>\n\t\t\t      <li>\n\t\t\t\t<img\n\t\t\t\t\tsrc=\"https:\/\/evreka.co\/wp-content\/uploads\/2021\/01\/Kizilay.png\"\n\t\t\t\t\t\t\t\t\t\talt=\"\"\n\t\t\t\t\/>\n        <strong><\/strong>\n        <span><\/span>\n      <\/li>\n\t\t\t      <li>\n\t\t\t\t<img\n\t\t\t\t\tsrc=\"https:\/\/evreka.co\/wp-content\/uploads\/2021\/01\/\u05dc\u05d5\u05d2\u05d5-\u05d0\u05e0\u05d2\u05dc\u05d9\u05ea.png\"\n\t\t\t\t\t\t\t\t\t\talt=\"\"\n\t\t\t\t\/>\n        <strong><\/strong>\n        <span><\/span>\n      <\/li>\n\t\t\t\n    <\/ul>\n\n  <\/div>\n<\/section>\n\n<section class=\"side-by-side-description\">\n\t<div class=\"container\">\n\n\t\t\n\t\t\t\t<div class=\"side-by-side-description-item\">\n\n\t\t\t<figure>\n\t\t\t\t<img\n\t\t\t\t\tsrc=\"https:\/\/evreka.co\/wp-content\/uploads\/2021\/11\/garbage-billing2.png\"\n\t\t\t\t\t\t\t\t\t\tsrcset=\"https:\/\/evreka.co\/wp-content\/uploads\/2021\/11\/garbage-billing2.png 1x, https:\/\/evreka.co\/wp-content\/uploads\/2021\/11\/garbage-billing3.png 2x\"\n\t\t\t\t\t\t\t\t\t\talt=\"\"\n\t\t\t\t\/>\n\t\t\t<\/figure>\n\n\t\t\t<div class=\"side-by-side-description-item-list\">\n\t\t\t\t<ul>\n\t\t\t\t\t<li>\n\t\t\t\t\t\t<h3>De voordelen die wij bieden <\/h3>\n\n\t\t\t\t\t\t<p>\u2022 Optimaliseer afvalverwerking en draag tegelijkertijd bij aan het milieu en duurzaamheid<\/p><p>\u2022 Volg het vulniveau, de temperatuur, de beweging en de locatie van containers met een <strong><a href=\"https:\/\/evreka.co\/nl\/solutions\/vulgraadsensor\/\" target=\"_blank\" rel=\"noreferrer noopener\" title=\"sensor voor afvalbeheer\">sensor voor afvalbeheer<\/a><\/strong><\/p><p>\u2022 Plan uw bedrijfsmiddelen in, met het oog op volledige effici\u00ebntie<\/p><p>\u2022 Reken af met te grote afvalstromen en verlies van afvalcontainers door gebruik te maken van de modernste sensoren<\/p><p>\u2022 Ontvang meldingen en real-time waarschuwingen<\/p><p>\u2022 Bereik route-optimalisatie en een betere productiviteit<\/p><p>\u2022 Volg de uitvoering van taken en evalueer SLA&#8217;s<\/p>\n\t\t\t\t\t\t\t\t\t\t\t\t<a\n\t\t\t\t\t\t\thref=\"https:\/\/evreka.co\/nl\/solutions\/vulgraadsensor\/\"\n\t\t\t\t\t\t\tclass=\"primary-button\"\n\t\t\t\t\t\t\t\t\t\t\t\t\t\ttarget=\"_blank\"\n\t\t\t\t\t\t\t\t\t\t\t\t\t>\n\t\t\t\t\t\t\tLeer meer\t\t\t\t\t\t<\/a>\n\t\t\t\t\t\t\t\t\t\t\t<\/li>\n\t\t\t\t<\/ul>\n\t\t\t<\/div>\n\t\t<\/div>\n\t\t\t\t<div class=\"side-by-side-description-item\">\n\n\t\t\t<figure>\n\t\t\t\t<img\n\t\t\t\t\tsrc=\"https:\/\/evreka.co\/wp-content\/uploads\/2021\/11\/garbage-billing1.png\"\n\t\t\t\t\t\t\t\t\t\tsrcset=\"https:\/\/evreka.co\/wp-content\/uploads\/2021\/11\/garbage-billing1.png 1x, https:\/\/evreka.co\/wp-content\/uploads\/2021\/11\/garbage-billing.png 2x\"\n\t\t\t\t\t\t\t\t\t\talt=\"\"\n\t\t\t\t\/>\n\t\t\t<\/figure>\n\n\t\t\t<div class=\"side-by-side-description-item-list\">\n\t\t\t\t<ul>\n\t\t\t\t\t<li>\n\t\t\t\t\t\t<h3>Ontdek speciale mogelijkheden met slimme vuilnisbak-technologie\u00ebn<\/h3>\n\n\t\t\t\t\t\t<p>Bereik effici\u00ebntie en productiviteit met slimme afvalbak oplossingen. Installeer eenvoudig de draadloze sensor voor controle van het vulniveau van containers op elk type afvalbak met behulp van onze metalen montagebeugels. Door integratie met onze andere software- en hardware oplossingen kunt u via \u00e9\u00e9n enkel platform een uitgebreide controle over uw afvalverwerkings activiteiten krijgen.<\/p><p><strong>Kenmerken<\/strong><\/p><p>\u2022 Bestand tegen water en schokken<\/p><p>\u2022 Software-updates kunnen op afstand worden gedaan (FOTA \/ draadloze firmware)<\/p><p>\u2022 Sensor configuratie kan op afstand worden gewijzigd. (Snelheid van gegevensverzameling, etc.)<\/p><p>Voor meer informatie over de technische details van de sensoren kunt u onze gratis one-pager downloaden.<\/p>\n\t\t\t\t\t\t\t\t\t\t\t\t<a\n\t\t\t\t\t\t\thref=\"https:\/\/evreka.co\/nl\/productcatalogus\/\"\n\t\t\t\t\t\t\tclass=\"primary-button\"\n\t\t\t\t\t\t\t\t\t\t\t\t\t\ttarget=\"_blank\"\n\t\t\t\t\t\t\t\t\t\t\t\t\t>\n\t\t\t\t\t\t\tDownload one pager\t\t\t\t\t\t<\/a>\n\t\t\t\t\t\t\t\t\t\t\t<\/li>\n\t\t\t\t<\/ul>\n\t\t\t<\/div>\n\t\t<\/div>\n\t\t\t\t<div class=\"side-by-side-description-item\">\n\n\t\t\t<figure>\n\t\t\t\t<img\n\t\t\t\t\tsrc=\"https:\/\/evreka.co\/wp-content\/uploads\/2021\/11\/containers-for-recycle-paper-plastic-and-organic-2021-08-26-18-12-47-utc-min.jpg\"\n\t\t\t\t\t\t\t\t\t\tsrcset=\"https:\/\/evreka.co\/wp-content\/uploads\/2021\/11\/containers-for-recycle-paper-plastic-and-organic-2021-08-26-18-12-47-utc-min.jpg 1x, https:\/\/evreka.co\/wp-content\/uploads\/2021\/11\/containers-for-recycle-paper-plastic-and-organic-2021-08-26-18-12-47-utc-min.jpg 2x\"\n\t\t\t\t\t\t\t\t\t\talt=\"\"\n\t\t\t\t\/>\n\t\t\t<\/figure>\n\n\t\t\t<div class=\"side-by-side-description-item-list\">\n\t\t\t\t<ul>\n\t\t\t\t\t<li>\n\t\t\t\t\t\t<h3>Hoe kan Evreka u van dienst zijn?<\/h3>\n\n\t\t\t\t\t\t<p>Evreka biedt de meest uitgebreide oplossing voor het beheren van afval met op IoT-gebaseerde, slimme sensorsystemen, RFID-afvalbak labels en intelligente software oplossingen voor slimme afvalbakken. Met de high-tech oplossingen van Evreka kunt u de beste tracking-strategie uitstippelen en krijgt u de mogelijkheid om volledige controle te houden over afvalcontainers en de status van uw bedrijfsmiddelen.<\/p>\n\t\t\t\t\t\t\t\t\t\t\t\t<a\n\t\t\t\t\t\t\thref=\"https:\/\/evreka.co\/nl\/solutions\/vulgraadsensor\/\"\n\t\t\t\t\t\t\tclass=\"primary-button\"\n\t\t\t\t\t\t\t\t\t\t\t\t\t\ttarget=\"_blank\"\n\t\t\t\t\t\t\t\t\t\t\t\t\t>\n\t\t\t\t\t\t\tLeer meer\t\t\t\t\t\t<\/a>\n\t\t\t\t\t\t\t\t\t\t\t<\/li>\n\t\t\t\t<\/ul>\n\t\t\t<\/div>\n\t\t<\/div>\n\t\t\n\t<\/div>\n<\/section>\n\n\n<section class=\"corporate-testimonial\">\n\t\t<div class=\"container\">\t\t\n\t\t<figure>\n\t\t\t<img\n\t\t\t\tsrc=\"https:\/\/evreka.co\/wp-content\/uploads\/2021\/11\/albalogo.webp\"\n\t\t\t\t\t\t\t\talt=\"\"\n\t\t\t\/>\n\t\t<\/figure>\n\n\t\t<div class=\"corporate-testimonial__text\">\t\t\t\t\n\t\t\t<p>\n\t\t\t\tEvreka helpt ons het gehele inzamelings- en verwerkingsproces van e-waste in Singapore te digitaliseren. Met hun oplossingen zijn we in staat om naadloos toezicht te houden op onze verschillende inzamelkanalen en operaties op \u00e9\u00e9n enkel platform. Dankzij Evreka&#8217;s hightech sensoren en trackingsysteem worden ineffici\u00ebntie en operationele kosten geminimaliseerd, waardoor onze capaciteiten worden vergroot.\nWe hebben deze oplossingen ge\u00efntegreerd in onze activiteiten met betrekking tot de materiaalterugwinningsfaciliteiten (MRF&#8217;s) en hebben in elke fase al een aanzienlijke prestatieverbetering bereikt.\nDoor alle technologische voordelen van Evreka te benutten, willen we voorop lopen bij het bouwen van de slimste steden ter wereld.\t\t\t<\/p>\n\t\t\t<span>ALBA | Thomas Mattscherodt | Hoofd projectmanagementbureau<\/span>\n\t\t<\/div>\n\n\t<\/div>\n<\/section>\n\n<section class=\"side-by-side-description\">\n\t<div class=\"container\">\n\n\t\t\n\t\t\t\t<div class=\"side-by-side-description-item\">\n\n\t\t\t<figure>\n\t\t\t\t<img\n\t\t\t\t\tsrc=\"https:\/\/evreka.co\/wp-content\/uploads\/2021\/03\/sustainability-and-the-environment-nature-in-hand-KVKQFAF-300x300-1.jpg\"\n\t\t\t\t\t\t\t\t\t\tsrcset=\"https:\/\/evreka.co\/wp-content\/uploads\/2021\/03\/sustainability-and-the-environment-nature-in-hand-KVKQFAF-300x300-1.jpg 1x, https:\/\/evreka.co\/wp-content\/uploads\/2021\/03\/sustainability-and-the-environment-nature-in-hand-KVKQFAF-scaled.jpg 2x\"\n\t\t\t\t\t\t\t\t\t\talt=\"\"\n\t\t\t\t\/>\n\t\t\t<\/figure>\n\n\t\t\t<div class=\"side-by-side-description-item-list\">\n\t\t\t\t<ul>\n\t\t\t\t\t<li>\n\t\t\t\t\t\t<h3>Wie we zijn<\/h3>\n\n\t\t\t\t\t\t<p>Evreka Platform biedt de meest uitgebreide oplossing voor afvalcontainers om aan de behoeften van de klant te voldoen. Door afvalbaksensoren te gebruiken, kunt u al uw activa volgen. De slimme afvalbaksensor zorgt voor een revolutie in de manier waarop het afval wordt beheerd door er vulniveausensoren voor afvalbakken in te integreren. Slimme sensortechnologie stelt bedrijven ook in staat om afval op de meest effici\u00ebnte manier te beheren. Dankzij de recyclingbakken voor afvalbeheer is het nu mogelijk om te genieten van route-optimalisatie voor een betere productiviteit!<\/p>\n\t\t\t\t\t\t\t\t\t\t\t<\/li>\n\t\t\t\t<\/ul>\n\t\t\t<\/div>\n\t\t<\/div>\n\t\t\n\t<\/div>\n<\/section>\n","protected":false},"excerpt":{"rendered":"","protected":false},"author":10,"featured_media":0,"parent":0,"menu_order":0,"comment_status":"closed","ping_status":"closed","template":"page-landing.php","meta":{"content-type":"","om_disable_all_campaigns":false,"inline_featured_image":false,"_monsterinsights_skip_tracking":false,"_monsterinsights_sitenote_active":false,"_monsterinsights_sitenote_note":"","_monsterinsights_sitenote_category":0,"footnotes":""},"class_list":["post-34595","page","type-page","status-publish","hentry"],"acf":[],"_links":{"self":[{"href":"https:\/\/evreka.co\/nl\/wp-json\/wp\/v2\/pages\/34595","targetHints":{"allow":["GET"]}}],"collection":[{"href":"https:\/\/evreka.co\/nl\/wp-json\/wp\/v2\/pages"}],"about":[{"href":"https:\/\/evreka.co\/nl\/wp-json\/wp\/v2\/types\/page"}],"author":[{"embeddable":true,"href":"https:\/\/evreka.co\/nl\/wp-json\/wp\/v2\/users\/10"}],"replies":[{"embeddable":true,"href":"https:\/\/evreka.co\/nl\/wp-json\/wp\/v2\/comments?post=34595"}],"version-history":[{"count":2,"href":"https:\/\/evreka.co\/nl\/wp-json\/wp\/v2\/pages\/34595\/revisions"}],"predecessor-version":[{"id":35033,"href":"https:\/\/evreka.co\/nl\/wp-json\/wp\/v2\/pages\/34595\/revisions\/35033"}],"wp:attachment":[{"href":"https:\/\/evreka.co\/nl\/wp-json\/wp\/v2\/media?parent=34595"}],"curies":[{"name":"wp","href":"https:\/\/api.w.org\/{rel}","templated":true}]}}