{"id":34585,"date":"2022-05-25T17:14:04","date_gmt":"2022-05-25T14:14:04","guid":{"rendered":"https:\/\/evreka.co\/?page_id=34585"},"modified":"2022-05-25T17:14:06","modified_gmt":"2022-05-25T14:14:06","slug":"oplossing-voor-een-koolstofneutrale-uitstoot","status":"publish","type":"page","link":"https:\/\/evreka.co\/nl\/oplossing-voor-een-koolstofneutrale-uitstoot\/","title":{"rendered":"Oplossing voor een koolstofneutrale uitstoot"},"content":{"rendered":"<section class=\"subpage-hero subpage-hero--landing subpage-hero--landing-secondary\">\n\t<div class=\"subpage-hero-info\">\n\t\t<div class=\"container\">\n\t\t\t<div class=\"subpage-hero-info-text\">\n        <h1 class=\"h1\">Oplossing voor een koolstofneutrale uitstoot<\/h1>\n        <p>\n          Beperk de koolstofuitstoot met intelligente oplossingen en verhoog tegelijkertijd uw winstgevendheid.        <\/p>\n\n\t\t\t\t        <a\n\t\t\t\t\thref=\"#request-modal\"\n\t\t\t\t\tclass=\"primary-button open-modal\"\n\t\t\t\t\t\t\t\t\t>\n\t\t\t\t\tVraag gratis demo aan\t\t\t\t<\/a>\n\t\t\t\t      <\/div>\n\n\t\t\t<figure>\n\t\t\t\t<img\n\t\t\t\t\tsrc=\"https:\/\/evreka.co\/wp-content\/uploads\/2021\/11\/zero-carbon-emmision2.jpg\"\n\t\t\t\t\t\t\t\t\t\tsrcset=\"https:\/\/evreka.co\/wp-content\/uploads\/2021\/11\/zero-carbon-emmision2.jpg 1x, https:\/\/evreka.co\/wp-content\/uploads\/2021\/11\/zero-carbon-emmision.jpg 2x\"\n\t\t\t\t\t\t\t\t\t\talt=\"\"\n\t\t\t\t\/>\n      <\/figure>\n\t\t<\/div>\n  <\/div>\n<\/section>\n\n<div id=\"request-modal\" class=\"modal-wrap request-demo-modal mfp-hide\">\t\n    <iframe\n      id=\"JotFormIFrame-212372908719967\"\n      title=\"Demo Request Form\"\n      allowtransparency=\"true\"\n      allowfullscreen=\"true\"\n      allow=\"geolocation; microphone; camera\"\n      src=\"https:\/\/form.jotform.com\/212372908719967\"\n      frameborder=\"0\"\n      style=\"\n      min-width: 100%;\n      height:539px;\n      border:none;\"\n      scrolling=\"no\"\n    >\n    <\/iframe>\n    <script type=\"text\/javascript\">\n      var ifr = document.getElementById(\"JotFormIFrame-212372908719967\");\n      if (ifr) {\n        var src = ifr.src;\n        var iframeParams = [];\n        if (window.location.href && window.location.href.indexOf(\"?\") > -1) {\n          iframeParams = iframeParams.concat(window.location.href.substr(window.location.href.indexOf(\"?\") + 1).split('&'));\n        }\n        if (src && src.indexOf(\"?\") > -1) {\n          iframeParams = iframeParams.concat(src.substr(src.indexOf(\"?\") + 1).split(\"&\"));\n          src = src.substr(0, src.indexOf(\"?\"))\n        }\n        iframeParams.push(\"isIframeEmbed=1\");\n        ifr.src = src + \"?\" + iframeParams.join('&');\n      }\n      window.handleIFrameMessage = function(e) {\n        if (typeof e.data === 'object') { return; }\n        var args = e.data.split(\":\");\n        if (args.length > 2) { iframe = document.getElementById(\"JotFormIFrame-\" + args[(args.length - 1)]); } else { iframe = document.getElementById(\"JotFormIFrame\"); }\n        if (!iframe) { return; }\n        switch (args[0]) {\n          case \"scrollIntoView\":\n            iframe.scrollIntoView();\n            break;\n          case \"setHeight\":\n            iframe.style.height = args[1] + \"px\";\n            break;\n          case \"collapseErrorPage\":\n            if (iframe.clientHeight > window.innerHeight) {\n              iframe.style.height = window.innerHeight + \"px\";\n            }\n            break;\n          case \"reloadPage\":\n            window.location.reload();\n            break;\n          case \"loadScript\":\n            if( !window.isPermitted(e.origin, ['jotform.com', 'jotform.pro']) ) { break; }\n            var src = args[1];\n            if (args.length > 3) {\n                src = args[1] + ':' + args[2];\n            }\n            var script = document.createElement('script');\n            script.src = src;\n            script.type = 'text\/javascript';\n            document.body.appendChild(script);\n            break;\n          case \"exitFullscreen\":\n            if      (window.document.exitFullscreen)        window.document.exitFullscreen();\n            else if (window.document.mozCancelFullScreen)   window.document.mozCancelFullScreen();\n            else if (window.document.mozCancelFullscreen)   window.document.mozCancelFullScreen();\n            else if (window.document.webkitExitFullscreen)  window.document.webkitExitFullscreen();\n            else if (window.document.msExitFullscreen)      window.document.msExitFullscreen();\n            break;\n        }\n        var isJotForm = (e.origin.indexOf(\"jotform\") > -1) ? true : false;\n        if(isJotForm && \"contentWindow\" in iframe && \"postMessage\" in iframe.contentWindow) {\n          var urls = {\"docurl\":encodeURIComponent(document.URL),\"referrer\":encodeURIComponent(document.referrer)};\n          iframe.contentWindow.postMessage(JSON.stringify({\"type\":\"urls\",\"value\":urls}), \"*\");\n        }\n      };\n      window.isPermitted = function(originUrl, whitelisted_domains) {\n        var url = document.createElement('a');\n        url.href = originUrl;\n        var hostname = url.hostname;\n        var result = false;\n        if( typeof hostname !== 'undefined' ) {\n          whitelisted_domains.forEach(function(element) {\n              if( hostname.slice((-1 * element.length - 1)) === '.'.concat(element) ||  hostname === element ) {\n                  result = true;\n              }\n          });\n          return result;\n        }\n      };\n      if (window.addEventListener) {\n        window.addEventListener(\"message\", handleIFrameMessage, false);\n      } else if (window.attachEvent) {\n        window.attachEvent(\"onmessage\", handleIFrameMessage);\n      }\n      <\/script>\t\n<\/div>\n\n\n<section class=\"side-by-side-description side-by-side-description--landing\">\n\t<div class=\"container\">\n\n\t\t\n\t\t\t\t<div class=\"side-by-side-description-item\">\n\n\t\t\t<figure>\n\t\t\t\t<img\n\t\t\t\t\tsrc=\"https:\/\/evreka.co\/wp-content\/uploads\/2022\/03\/Guide-to-handle-red-diesel-ban.jpg\"\n\t\t\t\t\t\t\t\t\t\talt=\"\"\n\t\t\t\t\/>\n\t\t\t<\/figure>\n\n\t\t\t<div class=\"side-by-side-description-item-list\">\n\t\t\t\t<ul>\n\t\t\t\t\t<li>\n\t\t\t\t\t\t<h3>Bereik nul-koolstofdoelstellingen met Evreka<\/h3>\n\n\t\t\t\t\t\t<p>Een koolstofneutrale uitstoot betekent dat het aantal gassen, zoals CO2, methaan en stikstofoxide, dat door menselijke activiteiten in de atmosfeer vrijkomt, gelijk is aan het aantal gassen dat van nature door de aarde wordt geabsorbeerd. Tegelijkertijd is een koolstofneutrale toekomst het meest cruciale onderdeel van de klimaatactieplannen voor 2050, opgesteld door internationale organisaties en overheden, met name de Verenigde Naties. Digitaal afvalbeheer is een van de belangrijkste instrumenten voor een koolstofneutrale toekomst, in combinatie met duurzame ontwikkeling en een circulaire economie. Daarom vormen de all-in-one en beste-in-de-sector afvalbeheeroplossingen van Evreka uw belangrijkste hulpmiddel om u dichter bij uw zero koolstofuitstoot doelstellingen te brengen!<\/p>\n\t\t\t\t\t\t\t\t\t\t\t<\/li>\n\t\t\t\t<\/ul>\n\t\t\t<\/div>\n\t\t<\/div>\n\t\t\t\t<div class=\"side-by-side-description-item\">\n\n\t\t\t<figure>\n\t\t\t\t<img\n\t\t\t\t\tsrc=\"https:\/\/evreka.co\/wp-content\/uploads\/2021\/11\/zero-carbon.jpg\"\n\t\t\t\t\t\t\t\t\t\tsrcset=\"https:\/\/evreka.co\/wp-content\/uploads\/2021\/11\/zero-carbon.jpg 1x, https:\/\/evreka.co\/wp-content\/uploads\/2021\/11\/zero-carbon1.jpg 2x\"\n\t\t\t\t\t\t\t\t\t\talt=\"\"\n\t\t\t\t\/>\n\t\t\t<\/figure>\n\n\t\t\t<div class=\"side-by-side-description-item-list\">\n\t\t\t\t<ul>\n\t\t\t\t\t<li>\n\t\t\t\t\t\t<h3>Wat is koolstofneutraal?<\/h3>\n\n\t\t\t\t\t\t<p>De koolstostofneutrale of netto-nuldoelstelling is de laatste jaren wereldwijd een veelbesproken onderwerp om de CO2-uitstoot te neutraliseren. Op die manier kunnen we de onomkeerbare gevolgen van de opwarming van de aarde onder controle houden en voorkomen. Er zijn twee manieren om de koolstofuitstoot te verminderen:<\/p><p>\u2022 Verhogen van de operationele effici\u00ebntie<\/p><p>\u2022 Bijdragen aan de recyclingcyclus<\/p><p>Met Evreka kunt u uw netto nul-doelstellingen binnen no-time bereiken en bijdragen aan het milieu en duurzaamheid!<\/p>\n\t\t\t\t\t\t\t\t\t\t\t\t<a\n\t\t\t\t\t\t\thref=\"https:\/\/evreka.co\/ebooks\/threat-of-carbon-emissions-solution-in-waste-management\/\"\n\t\t\t\t\t\t\tclass=\"primary-button\"\n\t\t\t\t\t\t\t\t\t\t\t\t\t\ttarget=\"_blank\"\n\t\t\t\t\t\t\t\t\t\t\t\t\t>\n\t\t\t\t\t\t\tLeer meer\t\t\t\t\t\t<\/a>\n\t\t\t\t\t\t\t\t\t\t\t<\/li>\n\t\t\t\t<\/ul>\n\t\t\t<\/div>\n\t\t<\/div>\n\t\t\t\t<div class=\"side-by-side-description-item\">\n\n\t\t\t<figure>\n\t\t\t\t<img\n\t\t\t\t\tsrc=\"https:\/\/evreka.co\/wp-content\/uploads\/2021\/11\/carbon-emmision.jpg\"\n\t\t\t\t\t\t\t\t\t\tsrcset=\"https:\/\/evreka.co\/wp-content\/uploads\/2021\/11\/carbon-emmision.jpg 1x, https:\/\/evreka.co\/wp-content\/uploads\/2021\/11\/carbon-emmision1.jpg 2x\"\n\t\t\t\t\t\t\t\t\t\talt=\"\"\n\t\t\t\t\/>\n\t\t\t<\/figure>\n\n\t\t\t<div class=\"side-by-side-description-item-list\">\n\t\t\t\t<ul>\n\t\t\t\t\t<li>\n\t\t\t\t\t\t<h3>Verhoog de operationele effici\u00ebntie voor de circulaire en koolstofneutrale economie<\/h3>\n\n\t\t\t\t\t\t<p>Het verhogen van de operationele effici\u00ebntie resulteert in kortere rijtijden, een effici\u00ebnter brandstofverbruik en een betere route-optimalisatie; dus minder CO2-uitstoot! Met onze alles-in-\u00e9\u00e9n Operation Management oplossing kunt u afvalinzamelingsprocessen volledig beheren, van inzameling tot recycling, en bijdragen aan een koolstofvrije cyclus en een circulaire economie.<\/p>\n\t\t\t\t\t\t\t\t\t\t\t\t<a\n\t\t\t\t\t\t\thref=\"https:\/\/evreka.co\/blog\/a-guide-to-the-circular-economy-transition-sustainable-waste-management\/\"\n\t\t\t\t\t\t\tclass=\"primary-button\"\n\t\t\t\t\t\t\t\t\t\t\t\t\t\ttarget=\"_blank\"\n\t\t\t\t\t\t\t\t\t\t\t\t\t>\n\t\t\t\t\t\t\tLeer meer\t\t\t\t\t\t<\/a>\n\t\t\t\t\t\t\t\t\t\t\t<\/li>\n\t\t\t\t<\/ul>\n\t\t\t<\/div>\n\t\t<\/div>\n\t\t\t\t<div class=\"side-by-side-description-item\">\n\n\t\t\t<figure>\n\t\t\t\t<img\n\t\t\t\t\tsrc=\"https:\/\/evreka.co\/wp-content\/uploads\/2021\/11\/zero-carbon-emmision3.jpg\"\n\t\t\t\t\t\t\t\t\t\tsrcset=\"https:\/\/evreka.co\/wp-content\/uploads\/2021\/11\/zero-carbon-emmision3.jpg 1x, https:\/\/evreka.co\/wp-content\/uploads\/2021\/11\/zero-carbon-emmision1.jpg 2x\"\n\t\t\t\t\t\t\t\t\t\talt=\"\"\n\t\t\t\t\/>\n\t\t\t<\/figure>\n\n\t\t\t<div class=\"side-by-side-description-item-list\">\n\t\t\t\t<ul>\n\t\t\t\t\t<li>\n\t\t\t\t\t\t<h3>Bijdragen aan de recyclingcyclus <\/h3>\n\n\t\t\t\t\t\t<p><span style=\"font-size: revert; color: initial;\">Evreka helpt bedrijven bij het uitvoeren van een effici\u00ebnte recyclingcyclus; van het scheiden van afval tot het opnieuw gebruiken en omzetten van afval in energie. Door bedrijven in staat te stellen hun recyclingactiviteiten beter te beheren met onze MRF Management module, vermindert Evreka de koolstofuitstoot. Door een goed recyclingproces in de recyclingsfabriek en een goed personeelsmanagement wordt de CO2-voetafdruk verminderd en wordt de bedrijfsvoering verduurzaamd.cycling facility and employee management reduces unnecessary carbon footprint and form more sustainable operations.<\/span><\/p><p><span style=\"font-size: revert; color: initial;\">Met onze Klant- en Burger Management oplossingen zorgen we ervoor dat recyclebare materialen in de juiste recyclingbakken terechtkomen en zo ondersteunen we het proces op de lange termijn. Met GPS-integratie helpen we burgers de juiste recyclingbakken te vinden en geven we hen via mobiele applicaties voorlichting over recycling.<\/span><\/p>\n\t\t\t\t\t\t\t\t\t\t\t\t<a\n\t\t\t\t\t\t\thref=\"#request-modal\"\n\t\t\t\t\t\t\tclass=\"primary-button open-modal\"\n\t\t\t\t\t\t\t\t\t\t\t\t\t>\n\t\t\t\t\t\t\tLeer meer\t\t\t\t\t\t<\/a>\n\t\t\t\t\t\t\t\t\t\t\t<\/li>\n\t\t\t\t<\/ul>\n\t\t\t<\/div>\n\t\t<\/div>\n\t\t\t\t<div class=\"side-by-side-description-item\">\n\n\t\t\t<figure>\n\t\t\t\t<img\n\t\t\t\t\tsrc=\"https:\/\/evreka.co\/wp-content\/uploads\/2021\/11\/carbon-emission-3.png\"\n\t\t\t\t\t\t\t\t\t\talt=\"\"\n\t\t\t\t\/>\n\t\t\t<\/figure>\n\n\t\t\t<div class=\"side-by-side-description-item-list\">\n\t\t\t\t<ul>\n\t\t\t\t\t<li>\n\t\t\t\t\t\t<h3>Voordelen<\/h3>\n\n\t\t\t\t\t\t<p>\u2022 Kosten-, tijd- en energiebesparend en duurzame oplossingen voor afvalbeheer<\/p><p>\u2022 Real-time gegevens voor feilloze processen en nauwkeurige strategie\u00ebn<\/p><p>\u2022 Maximale in- en uitgangscontrole in recyclingcentra en MRF&#8217;s<\/p><p>\u2022 Voldoet\u00a0 aan de criteria\u00a0 op het gebied van milieu, maatschappij en governance (ESG)<\/p><p>\u2022 Flexible enterprise resource planning (ERP) door het combineren van uiteenlopende systemen<\/p><p>\u2022 Effectieve communicatie tussen alle stakeholders<\/p><p>\u2022 Transparante en eerlijk geprijsde regelingen voor uitgebreide producentenverantwoordelijkheid (UPV)<\/p><p>\u2022 Zuiniger produceren met minder energie, passend in de netto-nuldoelstellingen<\/p><p>\u2022 Het risico van groene inflatie uitsluiten<\/p>\n\t\t\t\t\t\t\t\t\t\t\t<\/li>\n\t\t\t\t<\/ul>\n\t\t\t<\/div>\n\t\t<\/div>\n\t\t\n\t<\/div>\n<\/section>\n\n\n<section class=\"cta-section\">\n\t<p>\n\t\tEvreka is zich bewust van de prominente plaats die duurzaam afvalbeheer inneemt in klimaatactieplannen en netto-nul doelstellingen. Als u uw activiteiten wilt uitbreiden met de meest uitgebreide oplossingen voor afvalbeheer die elke dag aan deze toekomstvisie wordt aangepast, neem dan vandaag nog contact met ons op om de klimaat- en netto-nul doelstellingen voor 2050 te behalen!\t<\/p>\n\t\n\t\t\n\t\t<a href=\"https:\/\/evreka.co\/demo-request\/\" class=\"primary-button\">\n\t\tVraag gratis demo aan\t<\/a>\n\t\n\t\t\n\t\n\n<\/section>\n\n<section class=\"speakers\">\n  <div class=\"container\">\n    <h5 class=\"h1\"><\/h5>\n\n    <ul>\n\n\t\t\t      <li>\n\t\t\t\t<img\n\t\t\t\t\tsrc=\"https:\/\/evreka.co\/wp-content\/uploads\/2021\/10\/albalogo2.png\"\n\t\t\t\t\t\t\t\t\t\talt=\"\"\n\t\t\t\t\/>\n        <strong><\/strong>\n        <span><\/span>\n      <\/li>\n\t\t\t      <li>\n\t\t\t\t<img\n\t\t\t\t\tsrc=\"https:\/\/evreka.co\/wp-content\/uploads\/2021\/01\/Averda-Testimonial-Evreka.png\"\n\t\t\t\t\t\t\t\t\t\talt=\"\"\n\t\t\t\t\/>\n        <strong><\/strong>\n        <span><\/span>\n      <\/li>\n\t\t\t      <li>\n\t\t\t\t<img\n\t\t\t\t\tsrc=\"https:\/\/evreka.co\/wp-content\/uploads\/2021\/01\/\u05dc\u05d5\u05d2\u05d5-\u05d0\u05e0\u05d2\u05dc\u05d9\u05ea.png\"\n\t\t\t\t\t\t\t\t\t\talt=\"\"\n\t\t\t\t\/>\n        <strong><\/strong>\n        <span><\/span>\n      <\/li>\n\t\t\t\n    <\/ul>\n\n  <\/div>\n<\/section>","protected":false},"excerpt":{"rendered":"","protected":false},"author":3,"featured_media":26874,"parent":0,"menu_order":0,"comment_status":"closed","ping_status":"closed","template":"page-landing.php","meta":{"content-type":"","om_disable_all_campaigns":false,"inline_featured_image":false,"_monsterinsights_skip_tracking":false,"_monsterinsights_sitenote_active":false,"_monsterinsights_sitenote_note":"","_monsterinsights_sitenote_category":0,"footnotes":""},"class_list":["post-34585","page","type-page","status-publish","has-post-thumbnail","hentry"],"acf":[],"_links":{"self":[{"href":"https:\/\/evreka.co\/nl\/wp-json\/wp\/v2\/pages\/34585","targetHints":{"allow":["GET"]}}],"collection":[{"href":"https:\/\/evreka.co\/nl\/wp-json\/wp\/v2\/pages"}],"about":[{"href":"https:\/\/evreka.co\/nl\/wp-json\/wp\/v2\/types\/page"}],"author":[{"embeddable":true,"href":"https:\/\/evreka.co\/nl\/wp-json\/wp\/v2\/users\/3"}],"replies":[{"embeddable":true,"href":"https:\/\/evreka.co\/nl\/wp-json\/wp\/v2\/comments?post=34585"}],"version-history":[{"count":1,"href":"https:\/\/evreka.co\/nl\/wp-json\/wp\/v2\/pages\/34585\/revisions"}],"predecessor-version":[{"id":34594,"href":"https:\/\/evreka.co\/nl\/wp-json\/wp\/v2\/pages\/34585\/revisions\/34594"}],"wp:featuredmedia":[{"embeddable":true,"href":"https:\/\/evreka.co\/nl\/wp-json\/wp\/v2\/media\/26874"}],"wp:attachment":[{"href":"https:\/\/evreka.co\/nl\/wp-json\/wp\/v2\/media?parent=34585"}],"curies":[{"name":"wp","href":"https:\/\/api.w.org\/{rel}","templated":true}]}}